{"id":6133,"date":"2025-12-19T15:34:23","date_gmt":"2025-12-19T12:34:23","guid":{"rendered":"https:\/\/wristbandfactory.eu\/?post_type=product&#038;p=6133"},"modified":"2026-04-01T21:52:34","modified_gmt":"2026-04-01T18:52:34","slug":"custom-led-acrylic-invitations-business-cards","status":"publish","type":"product","link":"https:\/\/displayproducts.eu\/fi\/p\/custom-led-acrylic-invitations-business-cards\/","title":{"rendered":"Valaisevat k\u00e4yntikortit ja LED-valokutsut"},"content":{"rendered":"<p data-path-to-node=\"9\">Nosta br\u00e4ndi\u00e4si tai tapahtumaasi meid\u00e4n avullamme <b data-path-to-node=\"9\" data-index-in-node=\"65\">Mukautetut LED-akryylikutsut ja k\u00e4yntikortit<\/b>. Toisin kuin tavalliset paperivaihtoehdot, n\u00e4m\u00e4 futuristiset kortit on valmistettu j\u00e4yk\u00e4st\u00e4, kristallinkirkkaasta akryylist\u00e4 ja niiss\u00e4 on upotettu LED-teknologia. Huomaamattomalla kosketuspainikkeella aktivoituna suunnittelusi laserkaiverretut yksityiskohdat valaisevat luoden upean visuaalisen vaikutelman, joka takaa viestisi muistamisen.<\/p>\n<p data-path-to-node=\"10\">N\u00e4m\u00e4 eiv\u00e4t ole vain kortteja; ne ovat muistoja. K\u00e4ytettiinp\u00e4 sit\u00e4 sitten korkealaatuisena k\u00e4yntikorttina, joka luo v\u00e4litt\u00f6m\u00e4n yhteyden, hohtavana VIP-passina iltatapahtumaan tai romanttisena h\u00e4\u00e4kutsuna, LED-akryylikortti luo ainutlaatuisen k\u00e4ytt\u00f6kokemuksen.<\/p>\n<h2 data-path-to-node=\"11\">T\u00e4rkeimm\u00e4t ominaisuudet<\/h2>\n<ul data-path-to-node=\"12\">\n<li>\n<p data-path-to-node=\"12,0,0\"><b data-path-to-node=\"12,0,0\" data-index-in-node=\"0\">Laserkaiverrustekniikka:<\/b> Kaiverramme tekstisi, logosi tai taideteoksesi suoraan akryylipintaan. LED-valo kulkee materiaalin l\u00e4pi ja osuu kaiverrukseen, jolloin se loistaa kirkkaasti kirkasta taustaa vasten.<\/p>\n<\/li>\n<li>\n<p data-path-to-node=\"12,1,0\"><b data-path-to-node=\"12,1,0\" data-index-in-node=\"0\">Kosketusaktivointi:<\/b> Nykyaikaiset kapasitiiviset kosketusanturit mahdollistavat valon kytkemisen p\u00e4\u00e4lle ja pois saumattomasti.<\/p>\n<\/li>\n<li>\n<p data-path-to-node=\"12,2,0\"><b data-path-to-node=\"12,2,0\" data-index-in-node=\"0\">T\u00e4ysi mukautus:<\/b> Saatavilla eri muodoissa (suorakulmainen, neli\u00f6nmuotoinen tai mittatilausty\u00f6n\u00e4 leikattu) ja koossa, jotka sopivat vakiolompakoille tai suurempiin kirjekuorikokoihin.<\/p>\n<\/li>\n<li>\n<p data-path-to-node=\"12,3,0\"><b data-path-to-node=\"12,3,0\" data-index-in-node=\"0\">Kest\u00e4vyys:<\/b> Valmistettu kest\u00e4v\u00e4st\u00e4 akryylist\u00e4 (PMMA), joka kest\u00e4\u00e4 taivutusta ja naarmuuntumista paremmin kuin perinteiset muovikortit.<\/p>\n<\/li>\n<\/ul>\n<h2 data-path-to-node=\"13\">Tekniset tiedot<\/h2>\n<ul data-path-to-node=\"14\">\n<li>\n<p data-path-to-node=\"14,0,0\"><b data-path-to-node=\"14,0,0\" data-index-in-node=\"0\">Materiaali:<\/b> L\u00e4pin\u00e4kyv\u00e4 akryyli (PMMA).<\/p>\n<\/li>\n<li>\n<p data-path-to-node=\"14,1,0\"><b data-path-to-node=\"14,1,0\" data-index-in-node=\"0\">Paksuus:<\/b> Vaihtoehtoina 2\u20133 mm.<\/p>\n<\/li>\n<li>\n<p data-path-to-node=\"14,2,0\"><b data-path-to-node=\"14,2,0\" data-index-in-node=\"0\">Valonl\u00e4hde:<\/b> Integroidut LED-valot (valkoiset tai moniv\u00e4riset).<\/p>\n<\/li>\n<li>\n<p data-path-to-node=\"14,3,0\"><b data-path-to-node=\"14,3,0\" data-index-in-node=\"0\">Teho:<\/b> Nappiparistot (vaihdettavat\/ei-ladattavat vaihtoehdot) tai ladattavat USB:n kautta (tietyiss\u00e4 malleissa).<\/p>\n<\/li>\n<li>\n<p data-path-to-node=\"14,4,0\"><b data-path-to-node=\"14,4,0\" data-index-in-node=\"0\">Kytkimen tyyppi:<\/b> Kosketuslevy tai painikekytkin.<\/p>\n<\/li>\n<li>\n<p data-path-to-node=\"14,5,0\"><b data-path-to-node=\"14,5,0\" data-index-in-node=\"0\">Tuotantoaika:<\/b> 5\u201310 arkip\u00e4iv\u00e4\u00e4.<\/p>\n<\/li>\n<li>\n<p data-path-to-node=\"14,6,0\"><b data-path-to-node=\"14,6,0\" data-index-in-node=\"0\">Painatus:<\/b> Laserkaiverrus (vakio) + silkkipaino- tai kohopainovaihtoehdot.<\/p>\n<\/li>\n<\/ul>\n<h2 data-path-to-node=\"15\">K\u00e4ytt\u00f6tapaukset<\/h2>\n<ul data-path-to-node=\"16\">\n<li>\n<p data-path-to-node=\"16,0,0\"><b data-path-to-node=\"16,0,0\" data-index-in-node=\"0\">VIP-k\u00e4yntikortit:<\/b> Erotu verkostoitumistapahtumissa kortilla, joka kirjaimellisesti valaisee huoneen.<\/p>\n<\/li>\n<li>\n<p data-path-to-node=\"16,1,0\"><b data-path-to-node=\"16,1,0\" data-index-in-node=\"0\">Ylelliset h\u00e4\u00e4kutsut:<\/b> Luo tunnelmaa eksklusiivisille h\u00e4\u00e4illallisille hohtavilla kutsuilla.<\/p>\n<\/li>\n<li>\n<p data-path-to-node=\"16,2,0\"><b data-path-to-node=\"16,2,0\" data-index-in-node=\"0\">Tapahtuman matkamuistot:<\/b> T\u00e4ydellinen fanituotteille, muistolipuille tai &quot;Save the Date&quot; -magneeteille.<\/p>\n<\/li>\n<li>\n<p data-path-to-node=\"16,3,0\"><b data-path-to-node=\"16,3,0\" data-index-in-node=\"0\">Y\u00f6el\u00e4m\u00e4 ja gaalatapahtumat:<\/b> K\u00e4yt\u00e4 n\u00e4kyvin\u00e4 juomakuponkeina tai VIP-alueen passeina h\u00e4m\u00e4r\u00e4ss\u00e4.<\/p>\n<\/li>\n<\/ul>","protected":false},"excerpt":{"rendered":"<ul>\n<li>\n<p data-path-to-node=\"8,0,0\"><b data-path-to-node=\"8,0,0\" data-index-in-node=\"0\">Valaistu vaikutus:<\/b> Upotetut LED-valot saavat laserkaiverretun suunnittelusi hohtamaan kirkkaasti.<\/p>\n<\/li>\n<li>\n<p data-path-to-node=\"8,1,0\"><b data-path-to-node=\"8,1,0\" data-index-in-node=\"0\">Ensiluokkainen materiaali:<\/b> Korkealaatuista 2 mm:n tai 3 mm:n kristallinkirkas akryyli.<\/p>\n<\/li>\n<li>\n<p data-path-to-node=\"8,2,0\"><b data-path-to-node=\"8,2,0\" data-index-in-node=\"0\">Mukautettu tekniikka:<\/b> Saatavilla kosketuslevykytkimill\u00e4 ja ladattavilla tai kertak\u00e4ytt\u00f6isill\u00e4 paristoilla.<\/p>\n<\/li>\n<li>\n<p data-path-to-node=\"8,3,0\"><b data-path-to-node=\"8,3,0\" data-index-in-node=\"0\">Monipuolinen k\u00e4ytt\u00f6:<\/b> Ihanteellinen ylellisiin h\u00e4\u00e4kutsuihin, korkealaatuisiin k\u00e4yntikortteihin tai matkamuistolippuihin.<\/p>\n<\/li>\n<\/ul>","protected":false},"featured_media":6134,"comment_status":"closed","ping_status":"closed","template":"","meta":[],"product_brand":[],"product_cat":[76],"product_tag":[],"class_list":{"0":"post-6133","1":"product","2":"type-product","3":"status-publish","4":"has-post-thumbnail","6":"product_cat-glow-led-products","8":"first","9":"instock","10":"shipping-taxable","11":"product-type-simple"},"_links":{"self":[{"href":"https:\/\/displayproducts.eu\/fi\/wp-json\/wp\/v2\/product\/6133","targetHints":{"allow":["GET"]}}],"collection":[{"href":"https:\/\/displayproducts.eu\/fi\/wp-json\/wp\/v2\/product"}],"about":[{"href":"https:\/\/displayproducts.eu\/fi\/wp-json\/wp\/v2\/types\/product"}],"replies":[{"embeddable":true,"href":"https:\/\/displayproducts.eu\/fi\/wp-json\/wp\/v2\/comments?post=6133"}],"wp:featuredmedia":[{"embeddable":true,"href":"https:\/\/displayproducts.eu\/fi\/wp-json\/wp\/v2\/media\/6134"}],"wp:attachment":[{"href":"https:\/\/displayproducts.eu\/fi\/wp-json\/wp\/v2\/media?parent=6133"}],"wp:term":[{"taxonomy":"product_brand","embeddable":true,"href":"https:\/\/displayproducts.eu\/fi\/wp-json\/wp\/v2\/product_brand?post=6133"},{"taxonomy":"product_cat","embeddable":true,"href":"https:\/\/displayproducts.eu\/fi\/wp-json\/wp\/v2\/product_cat?post=6133"},{"taxonomy":"product_tag","embeddable":true,"href":"https:\/\/displayproducts.eu\/fi\/wp-json\/wp\/v2\/product_tag?post=6133"}],"curies":[{"name":"wp","href":"https:\/\/api.w.org\/{rel}","templated":true}]}}