{"id":6109,"date":"2025-12-18T12:35:53","date_gmt":"2025-12-18T09:35:53","guid":{"rendered":"https:\/\/wristbandfactory.eu\/?post_type=product&#038;p=6109"},"modified":"2026-04-01T21:52:34","modified_gmt":"2026-04-01T18:52:34","slug":"full-color-tyvek-wristbands-cmyk-photo-print","status":"publish","type":"product","link":"https:\/\/displayproducts.eu\/fi\/p\/full-color-tyvek-wristbands-cmyk-photo-print\/","title":{"rendered":"Tyvek-rannekkeet t\u00e4ysv\u00e4ripainatusega (CMYK)"},"content":{"rendered":"<p data-path-to-node=\"12\">Nosta tapahtumasi br\u00e4nd\u00e4yst\u00e4 meid\u00e4n avullamme <b data-path-to-node=\"12\" data-index-in-node=\"62\">T\u00e4ysv\u00e4riset Tyvek-rannekkeet<\/b>. Toisin kuin tavalliset yksiv\u00e4riset vaihtoehdot, t\u00e4m\u00e4 ensiluokkainen painatusmenetelm\u00e4 poistaa kaikki suunnittelun rajoitukset, jolloin voit muuttaa yksinkertaisen turvapassin tehokkaaksi markkinointity\u00f6kaluksi.<\/p>\n<p data-path-to-node=\"13\">Edistyksellisen digitaalisen CMYK-painatustekniikan avulla voimme tuottaa <b data-path-to-node=\"13\" data-index-in-node=\"66\">korkearesoluutioisia valokuvia, pehme\u00e4t v\u00e4riliukuv\u00e4rit ja moniv\u00e4riset sponsorilogot<\/b> poikkeuksellisen selke\u00e4sti. Painatus levitet\u00e4\u00e4n reunasta reunaan, mik\u00e4 antaa sinulle t\u00e4ysin r\u00e4\u00e4t\u00e4l\u00f6idyn kankaan br\u00e4ndi-identiteettisi tai festivaaliteemasi esittelyyn.<\/p>\n<h2 data-path-to-node=\"14\">T\u00e4rkeimm\u00e4t ominaisuudet<\/h2>\n<ul data-path-to-node=\"15\">\n<li>\n<p data-path-to-node=\"15,0,0\"><b data-path-to-node=\"15,0,0\" data-index-in-node=\"0\">CMYK-kuvan laatu:<\/b> Tulosta miljoonia v\u00e4rej\u00e4 tarkasti. T\u00e4ydellinen monimutkaisille taideteoksille, jotka vaativat varjostusta tai hienoja yksityiskohtia.<\/p>\n<\/li>\n<li>\n<p data-path-to-node=\"15,1,0\"><b data-path-to-node=\"15,1,0\" data-index-in-node=\"0\">Br\u00e4ndin n\u00e4kyvyys maksimaalisesti:<\/b> Ihanteellinen festivaaleille ja yritystapahtumiin, joissa sponsorien logot on n\u00e4ytett\u00e4v\u00e4 alkuper\u00e4isiss\u00e4 v\u00e4reiss\u00e4\u00e4n.<\/p>\n<\/li>\n<li>\n<p data-path-to-node=\"15,2,0\"><b data-path-to-node=\"15,2,0\" data-index-in-node=\"0\">V\u00e4\u00e4rink\u00e4yt\u00f6lt\u00e4 suojattu suojaus:<\/b> Varustettu turvallisella, muotoonleikatulla itsekiinnittyv\u00e4ll\u00e4 sulkimella, joka revit\u00e4\u00e4n irrotettaessa est\u00e4en lippujen siirtymisen.<\/p>\n<\/li>\n<li>\n<p data-path-to-node=\"15,3,0\"><b data-path-to-node=\"15,3,0\" data-index-in-node=\"0\">Juokseva numerointi:<\/b> Jokaisella nauhalla on yksil\u00f6llinen sarjanumero kapasiteetin seurantaa ja tietoturvatarkastusta varten.<\/p>\n<\/li>\n<li>\n<p data-path-to-node=\"15,4,0\"><b data-path-to-node=\"15,4,0\" data-index-in-node=\"0\">Aito DuPont\u2122 Tyvek\u00ae:<\/b> K\u00e4yt\u00e4mme aitoa Tyvek\u00ae-materiaalia, joka on vedenpit\u00e4v\u00e4\u00e4, kest\u00e4v\u00e4\u00e4 ja mukavaa useamman p\u00e4iv\u00e4n tapahtumissa.<\/p>\n<\/li>\n<li>\n<p data-path-to-node=\"15,5,0\"><b data-path-to-node=\"15,5,0\" data-index-in-node=\"0\">Valinnainen rep\u00e4isykanta:<\/b> Voidaan valmistaa rei&#039;itetyll\u00e4 tynk\u00e4ll\u00e4, t\u00e4ydellinen juomakuponkeihin, eteislipukkeisiin tai arpajaisiin.<\/p>\n<\/li>\n<\/ul>\n<h2 data-path-to-node=\"16\">Tekniset tiedot<\/h2>\n<ul data-path-to-node=\"17\">\n<li>\n<p data-path-to-node=\"17,0,0\"><b data-path-to-node=\"17,0,0\" data-index-in-node=\"0\">Materiaali:<\/b> DuPont\u2122 Tyvek\u00ae (kierr\u00e4tett\u00e4v\u00e4 tihe\u00e4 polyeteeni).<\/p>\n<\/li>\n<li>\n<p data-path-to-node=\"17,1,0\"><b data-path-to-node=\"17,1,0\" data-index-in-node=\"0\">Painatustyyppi:<\/b> Moniv\u00e4rinen digitaalinen painatus (CMYK).<\/p>\n<\/li>\n<li>\n<p data-path-to-node=\"17,2,0\"><b data-path-to-node=\"17,2,0\" data-index-in-node=\"0\">Painatusalue:<\/b> Reunasta reunaan (leveys sallittu).<\/p>\n<\/li>\n<li>\n<p data-path-to-node=\"17,3,0\"><b data-path-to-node=\"17,3,0\" data-index-in-node=\"0\">Koko:<\/b> Vakioleveys 19 mm tai 25 mm.<\/p>\n<\/li>\n<li>\n<p data-path-to-node=\"17,4,0\"><b data-path-to-node=\"17,4,0\" data-index-in-node=\"0\">P\u00e4\u00e4tt\u00e4minen:<\/b> Kertak\u00e4ytt\u00f6inen avaamattomuuden osoittava liima.<\/p>\n<\/li>\n<li>\n<p data-path-to-node=\"17,5,0\"><b data-path-to-node=\"17,5,0\" data-index-in-node=\"0\">Kest\u00e4vyys:<\/b> Vedenkest\u00e4v\u00e4, repe\u00e4m\u00e4t\u00f6n, sopii 1\u20135 p\u00e4iv\u00e4ksi.<\/p>\n<\/li>\n<\/ul>\n<h2 data-path-to-node=\"18\">K\u00e4ytt\u00f6tapaukset<\/h2>\n<ul data-path-to-node=\"19\">\n<li>\n<p data-path-to-node=\"19,0,0\"><b data-path-to-node=\"19,0,0\" data-index-in-node=\"0\">Musiikkifestivaalit:<\/b> Eloisat suunnittelu-ratkaisut, jotka sopivat festivaalin visuaaliseen identiteettiin.<\/p>\n<\/li>\n<li>\n<p data-path-to-node=\"19,1,0\"><b data-path-to-node=\"19,1,0\" data-index-in-node=\"0\">VIP-p\u00e4\u00e4sy:<\/b> Erotu VIP-vieraista ensiluokkaisella, v\u00e4rillisell\u00e4 ulkon\u00e4\u00f6ll\u00e4 tavallisiin rannekkeisiin verrattuna.<\/p>\n<\/li>\n<li>\n<p data-path-to-node=\"19,2,0\"><b data-path-to-node=\"19,2,0\" data-index-in-node=\"0\">Sponsorit:<\/b> N\u00e4yt\u00e4 useiden sponsorien logot selke\u00e4sti niiden virallisissa yritysv\u00e4reiss\u00e4.<\/p>\n<\/li>\n<li>\n<p data-path-to-node=\"19,3,0\"><b data-path-to-node=\"19,3,0\" data-index-in-node=\"0\">Markkinointikampanjat:<\/b> K\u00e4yt\u00e4 QR-koodeja ja vaikuttavia visuaalisia elementtej\u00e4 sitoutumisen lis\u00e4\u00e4miseksi.<\/p>\n<\/li>\n<\/ul>","protected":false},"excerpt":{"rendered":"<ul>\n<li>\n<p data-path-to-node=\"11,0,0\"><b data-path-to-node=\"11,0,0\" data-index-in-node=\"0\">Rajatonta luovuutta:<\/b> Moniv\u00e4rinen CMYK-painatus mahdollistaa valokuvien, liukuv\u00e4rien ja monimutkaisten sponsorilogojen painatuksen.<\/p>\n<\/li>\n<li>\n<p data-path-to-node=\"11,1,0\"><b data-path-to-node=\"11,1,0\" data-index-in-node=\"0\">Reunasta reunaan -suunnittelu:<\/b> Maksimoi br\u00e4ndisi vaikuttavuus kuvituksella, joka peitt\u00e4\u00e4 rannekkeen koko pituudelta.<\/p>\n<\/li>\n<li>\n<p data-path-to-node=\"11,2,0\"><b data-path-to-node=\"11,2,0\" data-index-in-node=\"0\">Ter\u00e4v\u00e4piirto:<\/b> Ter\u00e4v\u00e4, fotorealistinen painatuslaatu ei ole saatavilla tavallisella seripainolla.<\/p>\n<\/li>\n<li>\n<p data-path-to-node=\"11,3,0\"><b data-path-to-node=\"11,3,0\" data-index-in-node=\"0\">Turvallinen ja kest\u00e4v\u00e4:<\/b> Sis\u00e4lt\u00e4\u00e4 juoksevan numeroinnin ja aidon repe\u00e4m\u00e4tt\u00f6m\u00e4n DuPont\u2122 Tyvek\u00ae -materiaalin.<\/p>\n<\/li>\n<\/ul>","protected":false},"featured_media":6110,"comment_status":"closed","ping_status":"closed","template":"","meta":[],"product_brand":[],"product_cat":[41],"product_tag":[],"class_list":{"0":"post-6109","1":"product","2":"type-product","3":"status-publish","4":"has-post-thumbnail","6":"product_cat-tyvek","8":"first","9":"instock","10":"shipping-taxable","11":"purchasable","12":"product-type-simple"},"_links":{"self":[{"href":"https:\/\/displayproducts.eu\/fi\/wp-json\/wp\/v2\/product\/6109","targetHints":{"allow":["GET"]}}],"collection":[{"href":"https:\/\/displayproducts.eu\/fi\/wp-json\/wp\/v2\/product"}],"about":[{"href":"https:\/\/displayproducts.eu\/fi\/wp-json\/wp\/v2\/types\/product"}],"replies":[{"embeddable":true,"href":"https:\/\/displayproducts.eu\/fi\/wp-json\/wp\/v2\/comments?post=6109"}],"wp:featuredmedia":[{"embeddable":true,"href":"https:\/\/displayproducts.eu\/fi\/wp-json\/wp\/v2\/media\/6110"}],"wp:attachment":[{"href":"https:\/\/displayproducts.eu\/fi\/wp-json\/wp\/v2\/media?parent=6109"}],"wp:term":[{"taxonomy":"product_brand","embeddable":true,"href":"https:\/\/displayproducts.eu\/fi\/wp-json\/wp\/v2\/product_brand?post=6109"},{"taxonomy":"product_cat","embeddable":true,"href":"https:\/\/displayproducts.eu\/fi\/wp-json\/wp\/v2\/product_cat?post=6109"},{"taxonomy":"product_tag","embeddable":true,"href":"https:\/\/displayproducts.eu\/fi\/wp-json\/wp\/v2\/product_tag?post=6109"}],"curies":[{"name":"wp","href":"https:\/\/api.w.org\/{rel}","templated":true}]}}