{"id":6096,"date":"2025-12-17T16:05:07","date_gmt":"2025-12-17T13:05:07","guid":{"rendered":"https:\/\/wristbandfactory.eu\/?post_type=product&#038;p=6096"},"modified":"2026-04-01T21:52:34","modified_gmt":"2026-04-01T18:52:34","slug":"custom-full-print-boxer-shorts-sublimation","status":"publish","type":"product","link":"https:\/\/displayproducts.eu\/fi\/p\/custom-full-print-boxer-shorts-sublimation\/","title":{"rendered":"Kustomoidut bokserit omalla kuvalla"},"content":{"rendered":"<p data-path-to-node=\"11\">Muunna arjen v\u00e4ltt\u00e4m\u00e4tt\u00f6myys rohkeaksi kannanotoksi meid\u00e4n avullamme <b>Mittatilausty\u00f6n\u00e4 tehdyt t\u00e4ysprinttibokserit<\/b>. Olipa kyseess\u00e4 sitten yhten\u00e4ist\u00e4 asua (jopa aluskerrosta my\u00f6ten) etsiv\u00e4 urheilujoukkue, ainutlaatuisia tuotteita myyv\u00e4 b\u00e4ndi tai hauskaa ja ikimuistoista lahjaa luova yritys, n\u00e4m\u00e4 bokserit tarjoavat vertaansa vailla olevan luovan vapauden.<\/p>\n<p data-path-to-node=\"12\">Toisin kuin tavallisissa painetuissa alusvaatteissa, joissa logo pr\u00e4ss\u00e4t\u00e4\u00e4n valmiiseen vaatteeseen l\u00e4mp\u00f6pr\u00e4ss\u00e4yksell\u00e4, me valmistamme n\u00e4m\u00e4 alusta alkaen. Painamme suunnittelusi korkealaatuiselle lycra-kankaalle rullille ennen leikkaamista ja ompelua. T\u00e4m\u00e4 tarkoittaa, ett\u00e4 suunnittelusi \u2013 olipa kyseess\u00e4 toistuva logokuvio, valokuva tai tietyn tuotemerkin v\u00e4ri \u2013 peitt\u00e4\u00e4 <b>Tuotteen 100%<\/b>, vy\u00f6t\u00e4r\u00f6nauha mukaan lukien.<\/p>\n<h2 data-path-to-node=\"13\">T\u00e4rkeimm\u00e4t ominaisuudet<\/h2>\n<ul data-path-to-node=\"14\">\n<li>\n<p data-path-to-node=\"14,0,0\"><b>Ensiluokkainen lycra-rakenne:<\/b> Valmistettu sile\u00e4st\u00e4 <b>130 g\/m\u00b2 lycraa<\/b>, kangas on pehme\u00e4\u00e4 ihoa vasten, hengitt\u00e4v\u00e4\u00e4 ja pit\u00e4\u00e4 muotonsa.<\/p>\n<\/li>\n<li>\n<p data-path-to-node=\"14,1,0\"><b>El\u00e4v\u00e4 sublimaatiopainatus:<\/b> K\u00e4yt\u00e4mme edistyneit\u00e4 <b>1400 dpi:n painatus<\/b> teknologiaa. Muste imeytyy kankaan kuituihin, mik\u00e4 varmistaa, ettei kuvio koskaan halkeile, irtoa tai haalistu edes useiden pesukertojen j\u00e4lkeen.<\/p>\n<\/li>\n<li>\n<p data-path-to-node=\"14,2,0\"><b>Tekninen suorituskyky:<\/b> Kangas on vedenpit\u00e4v\u00e4 ja pit\u00e4\u00e4 <b>M1\/B1-palonsuoja-ainesertifikaatti<\/b>, mik\u00e4 tekee siit\u00e4 turvallisen ja kest\u00e4v\u00e4n.<\/p>\n<\/li>\n<li>\n<p data-path-to-node=\"14,3,0\"><b>Personointi:<\/b> T\u00e4ydellinen yksil\u00f6llisille nimille. Voit tilata er\u00e4n, jossa jokaisella parilla on eri nimi painettuna vy\u00f6t\u00e4r\u00f6nauhaan tai lahkeeseen.<\/p>\n<\/li>\n<\/ul>\n<h2 data-path-to-node=\"15\">Tekniset tiedot<\/h2>\n<ul data-path-to-node=\"16\">\n<li>\n<p data-path-to-node=\"16,0,0\"><b>Materiaali:<\/b> 130 g\/m\u00b2 Lycraa (polyesteri\/elastaanisekoitetta).<\/p>\n<\/li>\n<li>\n<p data-path-to-node=\"16,1,0\"><b>Painatustekniikka:<\/b> T\u00e4ysi v\u00e4risublimaatiopainatus (CMYK).<\/p>\n<\/li>\n<li>\n<p data-path-to-node=\"16,2,0\"><b>Resoluutio:<\/b> 1400 dpi (valokuvalaatu).<\/p>\n<\/li>\n<li>\n<p data-path-to-node=\"16,3,0\"><b>Turvallisuus:<\/b> Palonsuoja-aineluokka M1\/B1.<\/p>\n<\/li>\n<li>\n<p data-path-to-node=\"16,4,0\"><b>Tyylit:<\/b> Miesten bokserit, naisten alushousut\/shortsit.<\/p>\n<\/li>\n<li>\n<p data-path-to-node=\"16,5,0\"><b>Koot:<\/b> XS\u2013XXL.<\/p>\n<\/li>\n<li>\n<p data-path-to-node=\"16,6,0\"><b>M\u00e4\u00e4r\u00e4:<\/b> 50 yksikk\u00f6\u00e4.<\/p>\n<\/li>\n<\/ul>\n<h2 data-path-to-node=\"17\">K\u00e4ytt\u00f6tapaukset<\/h2>\n<ul data-path-to-node=\"18\">\n<li>\n<p data-path-to-node=\"18,0,0\"><b>Urheilujoukkueet:<\/b> Yhten\u00e4iset aluskerrokset jalkapallo-, koripallo- tai rugbyjoukkueille.<\/p>\n<\/li>\n<li>\n<p data-path-to-node=\"18,1,0\"><b>Tavarat:<\/b> Hauskoja, tuottoisia tuotteita b\u00e4ndeille, festivaaleille ja vaikuttajille.<\/p>\n<\/li>\n<li>\n<p data-path-to-node=\"18,2,0\"><b>Polttarit:<\/b> Hauskoja, omalla painatuksellaj\u00e4 lahjoja kuvilla tai sis\u00e4piirivitseill\u00e4.<\/p>\n<\/li>\n<li>\n<p data-path-to-node=\"18,3,0\"><b>Yritysesittely:<\/b> Humoristinen ja odottamaton lahja, joka her\u00e4tt\u00e4\u00e4 varmasti huomiota.<\/p>\n<\/li>\n<\/ul>","protected":false},"excerpt":{"rendered":"<ul>\n<li>\n<p data-path-to-node=\"10,0,0\"><b>Koko painatus:<\/b> 100% muokattavissa oleva pinta (mukaan lukien vy\u00f6t\u00e4r\u00f6nauha) sublimaatiopainatuspainatuksella.<\/p>\n<\/li>\n<li>\n<p data-path-to-node=\"10,1,0\"><b>Materiaali:<\/b> Sile\u00e4 130 g\/m\u00b2 lycra-kangas (vedenkest\u00e4v\u00e4 ja M1\/B1-palosuojattu).<\/p>\n<\/li>\n<li>\n<p data-path-to-node=\"10,2,0\"><b>Painatuslaatu:<\/b> Ter\u00e4v\u00e4piirto <b>1400 dpi:t\u00e4<\/b> ter\u00e4vi\u00e4 valokuvia ja logoja varten.<\/p>\n<\/li>\n<li>\n<p data-path-to-node=\"10,3,0\"><b>Tyylit:<\/b> Saatavilla leikkauksia sek\u00e4 miehille ett\u00e4 naisille.<\/p>\n<\/li>\n<\/ul>","protected":false},"featured_media":6097,"comment_status":"closed","ping_status":"closed","template":"","meta":[],"product_brand":[],"product_cat":[118,45],"product_tag":[],"class_list":{"0":"post-6096","1":"product","2":"type-product","3":"status-publish","4":"has-post-thumbnail","6":"product_cat-sports-fitness","7":"product_cat-other","9":"first","10":"instock","11":"shipping-taxable","12":"product-type-simple"},"_links":{"self":[{"href":"https:\/\/displayproducts.eu\/fi\/wp-json\/wp\/v2\/product\/6096","targetHints":{"allow":["GET"]}}],"collection":[{"href":"https:\/\/displayproducts.eu\/fi\/wp-json\/wp\/v2\/product"}],"about":[{"href":"https:\/\/displayproducts.eu\/fi\/wp-json\/wp\/v2\/types\/product"}],"replies":[{"embeddable":true,"href":"https:\/\/displayproducts.eu\/fi\/wp-json\/wp\/v2\/comments?post=6096"}],"wp:featuredmedia":[{"embeddable":true,"href":"https:\/\/displayproducts.eu\/fi\/wp-json\/wp\/v2\/media\/6097"}],"wp:attachment":[{"href":"https:\/\/displayproducts.eu\/fi\/wp-json\/wp\/v2\/media?parent=6096"}],"wp:term":[{"taxonomy":"product_brand","embeddable":true,"href":"https:\/\/displayproducts.eu\/fi\/wp-json\/wp\/v2\/product_brand?post=6096"},{"taxonomy":"product_cat","embeddable":true,"href":"https:\/\/displayproducts.eu\/fi\/wp-json\/wp\/v2\/product_cat?post=6096"},{"taxonomy":"product_tag","embeddable":true,"href":"https:\/\/displayproducts.eu\/fi\/wp-json\/wp\/v2\/product_tag?post=6096"}],"curies":[{"name":"wp","href":"https:\/\/api.w.org\/{rel}","templated":true}]}}