{"id":6084,"date":"2025-12-17T15:39:44","date_gmt":"2025-12-17T12:39:44","guid":{"rendered":"https:\/\/wristbandfactory.eu\/?post_type=product&#038;p=6084"},"modified":"2026-04-01T21:52:34","modified_gmt":"2026-04-01T18:52:34","slug":"custom-stretch-table-covers-with-logo-spandex","status":"publish","type":"product","link":"https:\/\/displayproducts.eu\/fi\/p\/custom-stretch-table-covers-with-logo-spandex\/","title":{"rendered":"Joustavat p\u00f6yt\u00e4liinat logolla (Spandex)"},"content":{"rendered":"<p data-path-to-node=\"11\">Muunna mik\u00e4 tahansa ilman painatusta kokoontaitettava p\u00f6yt\u00e4 ammattimaiseksi br\u00e4nd\u00e4yspisteeksi meid\u00e4n avullamme <b>Mukautetut joustavat p\u00f6yt\u00e4liinat<\/b>. N\u00e4m\u00e4 messuille, n\u00e4yttelyihin ja yritystapahtumiin suunnitellut suojukset tarjoavat tyylikk\u00e4\u00e4n ja modernin ilmeen, joka nostaa osastosi ilmett\u00e4 v\u00e4litt\u00f6m\u00e4sti korkealle.<\/p>\n<p data-path-to-node=\"12\">Kuten projektissamme on osoitettu <b>Eesti Kennelliit (Viron Kennelliitto)<\/b>, Hyvin br\u00e4nd\u00e4tty p\u00f6yt\u00e4liina on v\u00e4ltt\u00e4m\u00e4t\u00f6n n\u00e4kyvyyden kannalta ruuhkaisissa paikoissa. He tarvitsivat kest\u00e4v\u00e4n ratkaisun, joka erottuisi edukseen erilaisissa koiran\u00e4yttelyiss\u00e4 ja tapahtumissa. Toimitimme liinan, joka ei ainoastaan korostanut heid\u00e4n logoaan n\u00e4kyv\u00e4sti, vaan my\u00f6s kesti usein tapahtuvan matkustamisen ja pystytyksen rasitukset.<\/p>\n<h2 data-path-to-node=\"13\">T\u00e4rkeimm\u00e4t ominaisuudet<\/h2>\n<ul data-path-to-node=\"14\">\n<li>\n<p data-path-to-node=\"14,0,0\"><b>Rypyt\u00f6n teknologia:<\/b> Yhdistelm\u00e4 <b>Polyesteri ja spandex<\/b> varmistaa, ett\u00e4 kangas joustaa tiiviisti p\u00f6yd\u00e4n p\u00e4\u00e4ll\u00e4, mik\u00e4 est\u00e4\u00e4 ryppyj\u00e4 ja taitoksia ilman silityst\u00e4.<\/p>\n<\/li>\n<li>\n<p data-path-to-node=\"14,1,0\"><b>El\u00e4v\u00e4inen br\u00e4nd\u00e4ys:<\/b> Tarjoamme kaksi painatusvaihtoehtoa:<\/p>\n<ul data-path-to-node=\"14,1,1\">\n<li>\n<p data-path-to-node=\"14,1,1,0,0\"><i>Koko painatus:<\/i> Peit\u00e4 koko pinta br\u00e4ndisi v\u00e4reill\u00e4, kuvioilla ja kuvilla.<\/p>\n<\/li>\n<li>\n<p data-path-to-node=\"14,1,1,1,0\"><i>Logon sijoittelu:<\/i> Puhdas ja ammattimainen ulkoasu, jossa logosi on keskitetty etupuolelle ja\/tai sivuille.<\/p>\n<\/li>\n<\/ul>\n<\/li>\n<li>\n<p data-path-to-node=\"14,2,0\"><b>Turvallinen istuvuus:<\/b> P\u00e4\u00e4llisess\u00e4 on vahvistetut joustavat jalkataskut, jotka liukuvat p\u00f6yd\u00e4n jalkojen alle. T\u00e4m\u00e4 pit\u00e4\u00e4 p\u00f6yt\u00e4liinan tukevasti paikallaan my\u00f6s ulkona tai paljon liikenn\u00f6idyill\u00e4 alueilla.<\/p>\n<\/li>\n<li>\n<p data-path-to-node=\"14,3,0\"><b>K\u00e4yt\u00e4nn\u00f6llinen ja kest\u00e4v\u00e4:<\/b> Kangas on konepest\u00e4v\u00e4 ja haalistumaton, joten se n\u00e4ytt\u00e4\u00e4 raikkaalta jokaisessa tilaisuudessa.<\/p>\n<\/li>\n<\/ul>\n<h2 data-path-to-node=\"15\">Tekniset tiedot<\/h2>\n<ul data-path-to-node=\"16\">\n<li>\n<p data-path-to-node=\"16,0,0\"><b>Materiaali:<\/b> 90% polyesteri \/ 10% elastaani (elastinen).<\/p>\n<\/li>\n<li>\n<p data-path-to-node=\"16,1,0\"><b>Kankaan paino:<\/b> Noin 200\u2013240 g\/m\u00b2 (l\u00e4pin\u00e4kym\u00e4t\u00f6n ja kest\u00e4v\u00e4).<\/p>\n<\/li>\n<li>\n<p data-path-to-node=\"16,2,0\"><b>Vakiokoot:<\/b><\/p>\n<ul data-path-to-node=\"16,2,1\">\n<li>\n<p data-path-to-node=\"16,2,1,0,0\">120 cm (4 jalkaa)<\/p>\n<\/li>\n<li>\n<p data-path-to-node=\"16,2,1,1,0\">180 cm (6 jalkaa) \u2013 <i>Suosituimmat<\/i><\/p>\n<\/li>\n<li>\n<p data-path-to-node=\"16,2,1,2,0\">8 jalkaa (240 cm)<\/p>\n<\/li>\n<\/ul>\n<\/li>\n<li>\n<p data-path-to-node=\"16,3,0\"><b>Painotekniikka:<\/b> V\u00e4risublimaatiopainatus (CMYK).<\/p>\n<\/li>\n<li>\n<p data-path-to-node=\"16,4,0\"><b>Viimeistely:<\/b> P\u00e4\u00e4rm\u00e4\u00e4tyt reunat, vahvitetut jalkataskut (Oxford-kangasta).<\/p>\n<\/li>\n<li>\n<p data-path-to-node=\"16,5,0\"><b>Hoito:<\/b> Konepesu kylm\u00e4ll\u00e4 l\u00e4mm\u00f6ll\u00e4, rumpukuivaus matalalla l\u00e4mm\u00f6ll\u00e4.<\/p>\n<\/li>\n<\/ul>\n<h2 data-path-to-node=\"17\">K\u00e4ytt\u00f6tapaukset<\/h2>\n<ul data-path-to-node=\"18\">\n<li>\n<p data-path-to-node=\"18,0,0\"><b>Messut ja n\u00e4yttelyt:<\/b> Luo yhten\u00e4inen ilme p\u00f6ydille.<\/p>\n<\/li>\n<li>\n<p data-path-to-node=\"18,1,0\"><b>Ilmoittautumispisteet:<\/b> Ammattimaiset tervetulop\u00f6yd\u00e4t konferensseissa.<\/p>\n<\/li>\n<li>\n<p data-path-to-node=\"18,2,0\"><b>Tuote-esittelyt:<\/b> Puhdas, br\u00e4nd\u00e4tty pinta tuotteiden esillepanolle (kuten Kenneliitin esimerkiss\u00e4).<\/p>\n<\/li>\n<li>\n<p data-path-to-node=\"18,3,0\"><b>DJ- ja \u00e4\u00e4nip\u00f6yd\u00e4t:<\/b> Piilottaa sotkuiset johdot ja laitteet p\u00f6yd\u00e4n alle.<\/p>\n<\/li>\n<\/ul>","protected":false},"excerpt":{"rendered":"<ul>\n<li>\n<p data-path-to-node=\"10,0,0\"><b>Materiaali:<\/b> Korkealaatuinen polyesteri-elastaanisekoite rypytt\u00f6m\u00e4\u00e4n ja napakkaan istuvuuteen.<\/p>\n<\/li>\n<li>\n<p data-path-to-node=\"10,1,0\"><b>Painatus:<\/b> Koko pinnan digitaalinen sublimaatiopainatus (rajaton m\u00e4\u00e4r\u00e4 v\u00e4rej\u00e4) tai ilman painatusta logon sijoittelu.<\/p>\n<\/li>\n<li>\n<p data-path-to-node=\"10,2,0\"><b>Kest\u00e4vyys:<\/b> Pest\u00e4v\u00e4, uudelleenk\u00e4ytett\u00e4v\u00e4 ja silitt\u00e4m\u00e4t\u00f6n kangas.<\/p>\n<\/li>\n<li>\n<p data-path-to-node=\"10,3,0\"><b>Sopivuus:<\/b> Suunniteltu sopimaan vahvistetuilla jalkataskuilla varustettuihin vakiokokoisiin tapahtumap\u00f6ytiin (suorakaiteen muotoisiin tai py\u00f6reihin).<\/p>\n<\/li>\n<\/ul>","protected":false},"featured_media":6085,"comment_status":"closed","ping_status":"closed","template":"","meta":[],"product_brand":[],"product_cat":[45],"product_tag":[],"class_list":{"0":"post-6084","1":"product","2":"type-product","3":"status-publish","4":"has-post-thumbnail","6":"product_cat-other","8":"first","9":"instock","10":"shipping-taxable","11":"purchasable","12":"product-type-simple"},"_links":{"self":[{"href":"https:\/\/displayproducts.eu\/fi\/wp-json\/wp\/v2\/product\/6084","targetHints":{"allow":["GET"]}}],"collection":[{"href":"https:\/\/displayproducts.eu\/fi\/wp-json\/wp\/v2\/product"}],"about":[{"href":"https:\/\/displayproducts.eu\/fi\/wp-json\/wp\/v2\/types\/product"}],"replies":[{"embeddable":true,"href":"https:\/\/displayproducts.eu\/fi\/wp-json\/wp\/v2\/comments?post=6084"}],"wp:featuredmedia":[{"embeddable":true,"href":"https:\/\/displayproducts.eu\/fi\/wp-json\/wp\/v2\/media\/6085"}],"wp:attachment":[{"href":"https:\/\/displayproducts.eu\/fi\/wp-json\/wp\/v2\/media?parent=6084"}],"wp:term":[{"taxonomy":"product_brand","embeddable":true,"href":"https:\/\/displayproducts.eu\/fi\/wp-json\/wp\/v2\/product_brand?post=6084"},{"taxonomy":"product_cat","embeddable":true,"href":"https:\/\/displayproducts.eu\/fi\/wp-json\/wp\/v2\/product_cat?post=6084"},{"taxonomy":"product_tag","embeddable":true,"href":"https:\/\/displayproducts.eu\/fi\/wp-json\/wp\/v2\/product_tag?post=6084"}],"curies":[{"name":"wp","href":"https:\/\/api.w.org\/{rel}","templated":true}]}}