{"id":6080,"date":"2025-12-17T15:25:31","date_gmt":"2025-12-17T12:25:31","guid":{"rendered":"https:\/\/wristbandfactory.eu\/?post_type=product&#038;p=6080"},"modified":"2026-04-01T21:52:34","modified_gmt":"2026-04-01T18:52:34","slug":"custom-metal-enamel-lapel-pins-badges","status":"publish","type":"product","link":"https:\/\/displayproducts.eu\/fi\/p\/custom-metal-enamel-lapel-pins-badges\/","title":{"rendered":"Emalimerkit logolla (Rintamerkit)"},"content":{"rendered":"<p data-path-to-node=\"11\">Aikakaudella, jolloin br\u00e4ndi-identiteetti on ratkaisevan t\u00e4rke\u00e4\u00e4, <b>Mukautetut metalliset rintaneulat<\/b> tarjoavat hienostuneen tavan erottaa yrityksesi muista. N\u00e4m\u00e4 merkit ovat paljon enemm\u00e4n kuin vain asusteita, ne toimivat arvostuksen, solidaarisuuden ja yhteenkuuluvuuden symboleina.<\/p>\n<p data-path-to-node=\"12\">Yhdist\u00e4mme perinteisen k\u00e4sity\u00f6taidon nykyaikaisiin br\u00e4nd\u00e4ystarpeisiin. Erinomainen esimerkki t\u00e4st\u00e4 on ty\u00f6mme <b>MAKSUTON<\/b>, jossa loimme 20 mm:n messinkitappeja, joissa on <b>Kovaj\u00e4ljitelm\u00e4emali<\/b>. Kiilt\u00e4v\u00e4 nikkelipinnoite on kauniisti kontrastissa syvien emaliv\u00e4rien ja hienovaraisen hiekkaisen tekstuurin kanssa, muuttaen yrityksen logon koruksi.<\/p>\n<p data-path-to-node=\"13\">Metalliset nastat ovat kuitenkin my\u00f6s k\u00e4yt\u00e4nn\u00f6llisi\u00e4 ty\u00f6kaluja. <b>49. Saarenmaan ralli<\/b>, valmistimme tyylikk\u00e4it\u00e4 pinnej\u00e4, jotka toimivat my\u00f6s <b>puettavat sis\u00e4\u00e4np\u00e4\u00e4sykortit<\/b>, mik\u00e4 osoittaa, ett\u00e4 turvatunnukset voivat olla tyylikk\u00e4it\u00e4. Tarvitsetpa sitten korkealaatuisen yrityslahjan, toimivan tapahtumakortin tai tuen symbolin (kuten meid\u00e4n <b>Viron ja Ukrainan lippujen rintanapit<\/b>), toimitamme tarkkuutta ja laatua.<\/p>\n<h2 data-path-to-node=\"14\">T\u00e4rkeimm\u00e4t ominaisuudet<\/h2>\n<ul data-path-to-node=\"15\">\n<li>\n<p data-path-to-node=\"15,0,0\"><b>Kova emalij\u00e4ljitelm\u00e4 (Epola):<\/b> Muodostaa sile\u00e4n ja tasaisen pinnan, jossa metalliviivat ovat samassa tasossa v\u00e4rillisen emalin kanssa. T\u00e4m\u00e4 antaa korumaisen, arvokkaan viimeistelyn (kuten FREEN-projektissa).<\/p>\n<\/li>\n<li>\n<p data-path-to-node=\"15,1,0\"><b>Materiaalinen erinomaisuus:<\/b> Valmistettu kest\u00e4v\u00e4st\u00e4 materiaalista <b>Messinki tai rauta<\/b>, varmistaen, ett\u00e4 neula tuntuu tukevalta ja kest\u00e4\u00e4 vuosia.<\/p>\n<\/li>\n<li>\n<p data-path-to-node=\"15,2,0\"><b>Pinnoitusvaihtoehdot:<\/b> Valitse kiilt\u00e4v\u00e4n kullan, hopean (nikkelin), mustan nikkelin, antiikkisen pronssin ja muiden v\u00e4reist\u00e4 br\u00e4ndisi ohjeiden mukaisesti.<\/p>\n<\/li>\n<li>\n<p data-path-to-node=\"15,3,0\"><b>Suojattu liite:<\/b> Standardi <b>Perhoskytkin<\/b> varmistaa, ett\u00e4 neula pysyy paikallaan pukujen kauluksissa, repuissa tai univormuissa. Saatavilla on my\u00f6s magneettisia taustalevyj\u00e4 tai hakaneuloja.<\/p>\n<\/li>\n<\/ul>\n<h2 data-path-to-node=\"16\">Tekniset tiedot<\/h2>\n<ul data-path-to-node=\"17\">\n<li>\n<p data-path-to-node=\"17,0,0\"><b>Materiaali:<\/b> Messinki, kupari, rauta tai sinkkiseos.<\/p>\n<\/li>\n<li>\n<p data-path-to-node=\"17,1,0\"><b>Tekniikka:<\/b> Kovaemaloitu, pehme\u00e4emaloitu tai offset-painatus.<\/p>\n<\/li>\n<li>\n<p data-path-to-node=\"17,2,0\"><b>Vakiokoot:<\/b> 15 mm \u2013 50 mm (Saatavilla my\u00f6s mittatilausty\u00f6n\u00e4 tehtyj\u00e4 muotoja).<\/p>\n<\/li>\n<li>\n<p data-path-to-node=\"17,3,0\"><b>Paksuus:<\/b> Yleens\u00e4 1,2\u20132,0 mm.<\/p>\n<\/li>\n<li>\n<p data-path-to-node=\"17,4,0\"><b>Pinnoitus:<\/b> Kulta, nikkeli, musta nikkeli, pronssi jne.<\/p>\n<\/li>\n<li>\n<p data-path-to-node=\"17,5,0\"><b>Tausta:<\/b> Perhoskytkin (vakio), kumikytkin, hakaneula, magneetti.<\/p>\n<\/li>\n<li>\n<p data-path-to-node=\"17,6,0\"><b>M\u00e4\u00e4r\u00e4:<\/b> 50 yksikk\u00f6\u00e4.<\/p>\n<\/li>\n<\/ul>\n<h2 data-path-to-node=\"18\">K\u00e4ytt\u00f6tapaukset<\/h2>\n<ul data-path-to-node=\"19\">\n<li>\n<p data-path-to-node=\"19,0,0\"><b>Yritysilme:<\/b> Nosta tiimisi asua tyylikk\u00e4\u00e4sti huomaamattomilla ja tyylikk\u00e4ill\u00e4 logopinneill\u00e4.<\/p>\n<\/li>\n<li>\n<p data-path-to-node=\"19,1,0\"><b>Tapahtuman p\u00e4\u00e4sy:<\/b> Korvaa paperiliput ker\u00e4ilypinneill\u00e4 (esim. VIP-passeilla tai rallimerkeill\u00e4).<\/p>\n<\/li>\n<li>\n<p data-path-to-node=\"19,2,0\"><b>Yritysten yhteiskuntavastuu ja solidaarisuus:<\/b> Osoita tukea globaaleille asioille (esim. rintamerkit) yhteiskuntavastuun osoittamiseksi.<\/p>\n<\/li>\n<li>\n<p data-path-to-node=\"19,3,0\"><b>Tavarat:<\/b> Korkeakatteinen v\u00e4hitt\u00e4iskauppatuote b\u00e4ndeille, artisteille ja matkamuistomyym\u00e4l\u00f6ille.<\/p>\n<\/li>\n<\/ul>","protected":false},"excerpt":{"rendered":"<ul>\n<li>\n<p data-path-to-node=\"10,0,0\"><b>Ensiluokkainen viimeistely:<\/b> Saatavilla kovaemalilla (j\u00e4ljitelm\u00e4), pehme\u00e4emalilla tai offset-painatuksella.<\/p>\n<\/li>\n<li>\n<p data-path-to-node=\"10,1,0\"><b>Materiaali:<\/b> Korkealaatuinen messinki tai sinkkiseos erilaisilla pinnoitteilla (nikkeli, kulta, musta).<\/p>\n<\/li>\n<li>\n<p data-path-to-node=\"10,2,0\"><b>Monipuolinen:<\/b> K\u00e4yt\u00e4 yrityskoruina, tapahtumien sis\u00e4\u00e4np\u00e4\u00e4sylipuina tai hyv\u00e4ntekev\u00e4isyyssymboleina.<\/p>\n<\/li>\n<li>\n<p data-path-to-node=\"10,3,0\"><b>Mukauttaminen:<\/b> T\u00e4ysin r\u00e4\u00e4t\u00e4l\u00f6idyt muodot, koot ja tekstuurit (esim. hiekkapuhallettu tausta)<\/p>\n<\/li>\n<\/ul>","protected":false},"featured_media":6081,"comment_status":"closed","ping_status":"closed","template":"","meta":[],"product_brand":[],"product_cat":[121,122,45],"product_tag":[],"class_list":{"0":"post-6080","1":"product","2":"type-product","3":"status-publish","4":"has-post-thumbnail","6":"product_cat-promotional-merchandise","7":"product_cat-promotional-accessories","8":"product_cat-other","10":"first","11":"instock","12":"shipping-taxable","13":"purchasable","14":"product-type-simple"},"_links":{"self":[{"href":"https:\/\/displayproducts.eu\/fi\/wp-json\/wp\/v2\/product\/6080","targetHints":{"allow":["GET"]}}],"collection":[{"href":"https:\/\/displayproducts.eu\/fi\/wp-json\/wp\/v2\/product"}],"about":[{"href":"https:\/\/displayproducts.eu\/fi\/wp-json\/wp\/v2\/types\/product"}],"replies":[{"embeddable":true,"href":"https:\/\/displayproducts.eu\/fi\/wp-json\/wp\/v2\/comments?post=6080"}],"wp:featuredmedia":[{"embeddable":true,"href":"https:\/\/displayproducts.eu\/fi\/wp-json\/wp\/v2\/media\/6081"}],"wp:attachment":[{"href":"https:\/\/displayproducts.eu\/fi\/wp-json\/wp\/v2\/media?parent=6080"}],"wp:term":[{"taxonomy":"product_brand","embeddable":true,"href":"https:\/\/displayproducts.eu\/fi\/wp-json\/wp\/v2\/product_brand?post=6080"},{"taxonomy":"product_cat","embeddable":true,"href":"https:\/\/displayproducts.eu\/fi\/wp-json\/wp\/v2\/product_cat?post=6080"},{"taxonomy":"product_tag","embeddable":true,"href":"https:\/\/displayproducts.eu\/fi\/wp-json\/wp\/v2\/product_tag?post=6080"}],"curies":[{"name":"wp","href":"https:\/\/api.w.org\/{rel}","templated":true}]}}