{"id":6077,"date":"2025-12-17T15:18:17","date_gmt":"2025-12-17T12:18:17","guid":{"rendered":"https:\/\/wristbandfactory.eu\/?post_type=product&#038;p=6077"},"modified":"2026-04-01T21:52:03","modified_gmt":"2026-04-01T18:52:03","slug":"custom-high-visibility-reflective-shopping-bags","status":"publish","type":"product","link":"https:\/\/displayproducts.eu\/fi\/p\/custom-high-visibility-reflective-shopping-bags\/","title":{"rendered":"Heijastavat ostoskassit logolla"},"content":{"rendered":"<p data-path-to-node=\"11\">Yhdist\u00e4 k\u00e4yt\u00e4nn\u00f6llisyys ja v\u00e4ltt\u00e4m\u00e4t\u00f6n liikenneturvallisuus k\u00e4ytt\u00e4m\u00e4ll\u00e4 <b>Heijastavat ostoskassit logolla<\/b>. Pimein\u00e4 syys- ja talvikuukausina n\u00e4kyvyys on ratkaisevan t\u00e4rke\u00e4\u00e4. T\u00e4m\u00e4 innovatiivinen laukku muuttaa tavallisen mainostuotteen hengenpelastavaksi asusteeksi, joka heijastaa auton ajovalot joka kulmasta varmistaakseen, ett\u00e4 k\u00e4ytt\u00e4j\u00e4 n\u00e4kyy.<\/p>\n<p data-path-to-node=\"12\">T\u00e4m\u00e4 kassi sopii t\u00e4ydellisesti kouluihin, liikenneturvallisuuskampanjoihin ja yritysten &quot;Be Safe&quot; -aloitteisiin. Se tarjoaa suuren pinta-alan logollesi ja samalla merkitt\u00e4v\u00e4\u00e4 lis\u00e4arvoa vastaanottajalle. Toisin kuin pienet heijastimet, jotka voidaan piilottaa, t\u00e4ysin heijastavaa kangaskassia on mahdotonta olla huomaamatta.<\/p>\n<h2 data-path-to-node=\"13\">T\u00e4rkeimm\u00e4t ominaisuudet<\/h2>\n<ul data-path-to-node=\"14\">\n<li>\n<p data-path-to-node=\"14,0,1\"><span data-path-to-node=\"14,0,1,0\"><b><span class=\"citation-84\">360\u00b0 heijastavuus:<\/span><\/b><span class=\"citation-84\"> Laukku on valmistettu kokonaan &quot;Higher\/Low Visibility Reflective&quot; -kankaasta, mik\u00e4 tekee koko tuotteesta turvamajakan.<\/span><\/span><span data-path-to-node=\"14,0,1,2\">.<\/span><\/p>\n<\/li>\n<li>\n<p data-path-to-node=\"14,1,1\"><span data-path-to-node=\"14,1,1,0\"><b><span class=\"citation-83\">Kest\u00e4v\u00e4 rakenne:<\/span><\/b><span class=\"citation-83\"> Valmistettu kest\u00e4v\u00e4st\u00e4 polyesterist\u00e4, jossa on strukturoitu pohjakiila (8 cm), jonka ansiosta se pit\u00e4\u00e4 ostokset, kirjat tai tapahtumamateriaalit tukevasti paikoillaan<\/span><\/span><span data-path-to-node=\"14,1,1,2\">.<\/span><\/p>\n<\/li>\n<li>\n<p data-path-to-node=\"14,2,1\"><span data-path-to-node=\"14,2,1,0\"><b><span class=\"citation-82\">Turvallisuusvaatimusten mukainen:<\/span><\/b><span class=\"citation-82\"> Valmistettu korkeiden standardien mukaisesti ja l\u00e4p\u00e4issyt tiukat testit <\/span><b><span class=\"citation-82\">Ftalaatit<\/span><\/b><span class=\"citation-82\"> ja <\/span><b><span class=\"citation-82\">Johtaa<\/span><\/b><span class=\"citation-82\">, varmistaen, ett\u00e4 materiaali on myrkyt\u00f6nt\u00e4 ja turvallista kaikenik\u00e4isille<\/span><\/span><span data-path-to-node=\"14,2,1,2\">.<\/span><\/p>\n<\/li>\n<li>\n<p data-path-to-node=\"14,3,0\"><b>Mukautettu br\u00e4nd\u00e4ys:<\/b> Logosi painetaan suoraan heijastavalle pinnalle, mik\u00e4 varmistaa, ett\u00e4 br\u00e4ndisi yhdistet\u00e4\u00e4n turvallisuuteen ja huolenpitoon.<\/p>\n<\/li>\n<\/ul>\n<h2 data-path-to-node=\"15\">Tekniset tiedot<\/h2>\n<ul data-path-to-node=\"16\">\n<li>\n<p data-path-to-node=\"16,0,1\"><span data-path-to-node=\"16,0,1,0\"><b><span class=\"citation-81\">Mitat:<\/span><\/b><span class=\"citation-81\"> 38 cm (L) x 42 cm (K) x 8 cm (S)<\/span><\/span><span data-path-to-node=\"16,0,1,2\">.<\/span><\/p>\n<\/li>\n<li>\n<p data-path-to-node=\"16,1,1\"><span data-path-to-node=\"16,1,1,0\"><b><span class=\"citation-80\">Materiaali:<\/span><\/b><span class=\"citation-80\"> Polyesteri heijastavalla pinnoitteella<\/span><\/span><span data-path-to-node=\"16,1,1,2\">.<\/span><\/p>\n<\/li>\n<li>\n<p data-path-to-node=\"16,2,1\"><span data-path-to-node=\"16,2,1,0\"><b><span class=\"citation-79\">Tyyli:<\/span><\/b><span class=\"citation-79\"> Kahvallinen ostoskassi \/ kangaskassi<\/span><\/span><span data-path-to-node=\"16,2,1,2\">.<\/span><\/p>\n<\/li>\n<li>\n<p data-path-to-node=\"16,3,0\"><span data-path-to-node=\"16,3,0,0\"><b>Paino:<\/b> Noin. <\/span><span data-path-to-node=\"16,3,0,2\"><span class=\"citation-78\">0,250 kg yksikk\u00f6\u00e4 kohden<\/span><\/span><span data-path-to-node=\"16,3,0,4\">.<\/span><\/p>\n<\/li>\n<li>\n<p data-path-to-node=\"16,4,1\"><span data-path-to-node=\"16,4,1,0\"><b><span class=\"citation-77\">Pakkaus:<\/span><\/b><span class=\"citation-77\"> Irtotavarana (100 kpl\/laatikko)<\/span><\/span><span data-path-to-node=\"16,4,1,2\">.<\/span><\/p>\n<\/li>\n<li>\n<p data-path-to-node=\"16,4,1\"><span data-path-to-node=\"16,5,1,0\"><b><span class=\"citation-76\">Vaatimustenmukaisuus:<\/span><\/b><span class=\"citation-76\"> L\u00e4p\u00e4isi ftalaatti-, lyijytesti- ja A20-testit kuitukankaiden\/PP-standardien mukaisesti<\/span><\/span><\/p>\n<\/li>\n<\/ul>\n<h2 data-path-to-node=\"17\">K\u00e4ytt\u00f6tapaukset<\/h2>\n<ul data-path-to-node=\"18\">\n<li>\n<p data-path-to-node=\"18,0,0\"><b>Liikenneturvallisuuskampanjat:<\/b> Ihanteellinen jakeluv\u00e4line jalankulkijoille ja py\u00f6r\u00e4ilij\u00f6ille pimein\u00e4 kuukausina.<\/p>\n<\/li>\n<li>\n<p data-path-to-node=\"18,1,0\"><b>Koulu- ja nuorisoryhm\u00e4t:<\/b> Turvalliset kirjakassit iltap\u00e4iv\u00e4ll\u00e4 etusivu k\u00e4veleville opiskelijoille.<\/p>\n<\/li>\n<li>\n<p data-path-to-node=\"18,2,0\"><b>Tapahtuman lahjaidea:<\/b> Arvokas konferenssilaukku, jota osallistujat k\u00e4ytt\u00e4v\u00e4t uudelleen sen turvallisuusominaisuuksien vuoksi.<\/p>\n<\/li>\n<\/ul>","protected":false},"excerpt":{"rendered":"<ul>\n<li data-path-to-node=\"10,0,0\"><b>Hyv\u00e4 n\u00e4kyvyys:<\/b> Koko laukun pinta on valmistettu heijastavasta materiaalista, mik\u00e4 takaa maksimaalisen turvallisuuden h\u00e4m\u00e4r\u00e4ss\u00e4.<\/li>\n<li>\n<p data-path-to-node=\"10,0,0\"><span style=\"font-family: -apple-system, BlinkMacSystemFont, 'Segoe UI', Roboto, 'Helvetica Neue', Arial, 'Noto Sans', sans-serif, 'Apple Color Emoji', 'Segoe UI Emoji', 'Segoe UI Symbol', 'Noto Color Emoji';\" data-path-to-node=\"10,1,1,0\"><b><span class=\"citation-87\">Kest\u00e4v\u00e4 materiaali:<\/span><\/b><span class=\"citation-87\"> Valmistettu vahvasta polyesterist\u00e4, jossa on heijastava pinnoite<\/span><\/span><span style=\"font-family: -apple-system, BlinkMacSystemFont, 'Segoe UI', Roboto, 'Helvetica Neue', Arial, 'Noto Sans', sans-serif, 'Apple Color Emoji', 'Segoe UI Emoji', 'Segoe UI Symbol', 'Noto Color Emoji';\" data-path-to-node=\"10,1,1,2\">.<\/span><\/p>\n<\/li>\n<li>\n<p data-path-to-node=\"10,2,1\"><span data-path-to-node=\"10,2,1,0\"><b><span class=\"citation-86\">Sertifioitu turvallisuus:<\/span><\/b><span class=\"citation-86\"> Testattu ftalaattien ja lyijyn varalta, joten se on turvallinen p\u00e4ivitt\u00e4iseen k\u00e4ytt\u00f6\u00f6n<\/span><\/span><span data-path-to-node=\"10,2,1,2\">.<\/span><\/p>\n<\/li>\n<li>\n<p data-path-to-node=\"10,3,1\"><span data-path-to-node=\"10,3,1,0\"><b><span class=\"citation-85\">K\u00e4yt\u00e4nn\u00f6n koko:<\/span><\/b><span class=\"citation-85\"> Keskikokoinen ostoslaukku (38 x 42 x 8 cm) mukavilla kahvoilla<\/span><\/span><span data-path-to-node=\"10,3,1,2\">.<\/span><\/p>\n<\/li>\n<\/ul>","protected":false},"featured_media":6329,"comment_status":"closed","ping_status":"closed","template":"","meta":[],"product_brand":[],"product_cat":[131],"product_tag":[],"class_list":{"0":"post-6077","1":"product","2":"type-product","3":"status-publish","4":"has-post-thumbnail","6":"product_cat-custom-bags-totes","8":"first","9":"instock","10":"shipping-taxable","11":"purchasable","12":"product-type-simple"},"_links":{"self":[{"href":"https:\/\/displayproducts.eu\/fi\/wp-json\/wp\/v2\/product\/6077","targetHints":{"allow":["GET"]}}],"collection":[{"href":"https:\/\/displayproducts.eu\/fi\/wp-json\/wp\/v2\/product"}],"about":[{"href":"https:\/\/displayproducts.eu\/fi\/wp-json\/wp\/v2\/types\/product"}],"replies":[{"embeddable":true,"href":"https:\/\/displayproducts.eu\/fi\/wp-json\/wp\/v2\/comments?post=6077"}],"wp:featuredmedia":[{"embeddable":true,"href":"https:\/\/displayproducts.eu\/fi\/wp-json\/wp\/v2\/media\/6329"}],"wp:attachment":[{"href":"https:\/\/displayproducts.eu\/fi\/wp-json\/wp\/v2\/media?parent=6077"}],"wp:term":[{"taxonomy":"product_brand","embeddable":true,"href":"https:\/\/displayproducts.eu\/fi\/wp-json\/wp\/v2\/product_brand?post=6077"},{"taxonomy":"product_cat","embeddable":true,"href":"https:\/\/displayproducts.eu\/fi\/wp-json\/wp\/v2\/product_cat?post=6077"},{"taxonomy":"product_tag","embeddable":true,"href":"https:\/\/displayproducts.eu\/fi\/wp-json\/wp\/v2\/product_tag?post=6077"}],"curies":[{"name":"wp","href":"https:\/\/api.w.org\/{rel}","templated":true}]}}