{"id":6073,"date":"2025-12-17T15:08:59","date_gmt":"2025-12-17T12:08:59","guid":{"rendered":"https:\/\/wristbandfactory.eu\/?post_type=product&#038;p=6073"},"modified":"2026-04-01T21:52:03","modified_gmt":"2026-04-01T18:52:03","slug":"custom-charity-bracelets-with-printed-backing-cards","status":"publish","type":"product","link":"https:\/\/displayproducts.eu\/fi\/p\/custom-charity-bracelets-with-printed-backing-cards\/","title":{"rendered":"Logolla varustetut hyv\u00e4ntekev\u00e4isyysrannekkeet"},"content":{"rendered":"<p data-path-to-node=\"8\">Tee yksinkertaisesta asusteesta voimakas liike r\u00e4\u00e4t\u00e4l\u00f6idyill\u00e4 hyv\u00e4ntekev\u00e4isyysrannekkeillamme. N\u00e4m\u00e4 ranneket on suunniteltu erityisesti kansalaisj\u00e4rjest\u00f6ille ja sosiaalisille kampanjoille, ja ne ovat enemm\u00e4n kuin tavallisia mainostuotteita, vaan niist\u00e4 tulee k\u00e4tev\u00e4 kiitoskortti lahjoittajille ja vapaaehtoisille. Mukavan rannekkeen ja r\u00e4\u00e4t\u00e4l\u00f6idyn muotoilun yhdistelm\u00e4 tekee t\u00e4st\u00e4 arvokkaan esineen mihin tahansa jaloon tarkoitukseen.<\/p>\n<p data-path-to-node=\"9\">Setti sis\u00e4lt\u00e4\u00e4 ammattimaisesti painetun taustakortin, joka muuttaa ranneken t\u00e4ydelliseksi viestint\u00e4ty\u00f6kaluksi. T\u00e4m\u00e4 &quot;v\u00e4hitt\u00e4ismyyntivalmis&quot; l\u00e4hestymistapa varmistaa, ett\u00e4 viestisi menee perille selke\u00e4sti, olipa se sitten tapahtumissa, suoramainonnalla tai myyntipisteiss\u00e4.<\/p>\n<h2 data-path-to-node=\"10\">T\u00e4rkeimm\u00e4t ominaisuudet<\/h2>\n<ul data-path-to-node=\"11\">\n<li>\n<p data-path-to-node=\"11,0,0\"><b data-path-to-node=\"11,0,0\" data-index-in-node=\"0\">Ensiluokkainen estetiikka:<\/b> Toisin kuin v\u00e4liaikaisissa festivaalirannekkeissa, n\u00e4iss\u00e4 rannekeissa on k\u00e4ytetty pehmeit\u00e4 materiaaleja ja metallisia yksityiskohtia korumaisen tuntuman aikaansaamiseksi.<\/p>\n<\/li>\n<li>\n<p data-path-to-node=\"11,1,1\"><span data-path-to-node=\"11,1,1,0\"><b data-path-to-node=\"11,1,1,0\" data-index-in-node=\"0\"><span class=\"citation-11394\">Mittatilausty\u00f6n\u00e4 tehdyt akryyliriipukset:<\/span><\/b><span class=\"citation-11394\"> K\u00e4yt\u00e4mme tarkkaa laserleikkausta luodaksemme kampanjasi identiteettiin sopivia riipuksia, veripisaroista yrityslogoihin.<\/span><\/span><span data-path-to-node=\"11,1,1,2\">.<\/span><\/p>\n<\/li>\n<li>\n<p data-path-to-node=\"11,2,0\"><b data-path-to-node=\"11,2,0\" data-index-in-node=\"0\">Monipuolinen viestint\u00e4alusta:<\/b> Suurikokoinen taustakortti (75 \u00d7 160 mm) on painettu molemmilta puolilta t\u00e4ydess\u00e4 CMYK-v\u00e4riss\u00e4, mik\u00e4 sopii t\u00e4ydellisesti koulutussis\u00e4lt\u00f6\u00f6n.<\/p>\n<\/li>\n<li>\n<p data-path-to-node=\"11,3,0\"><b data-path-to-node=\"11,3,0\" data-index-in-node=\"0\">Yleinen s\u00e4\u00e4dett\u00e4vyys:<\/b> Liukuva solmuj\u00e4rjestelm\u00e4 takaa t\u00e4ydellisen istuvuuden kaikille tukijoille lapsista aikuisiin.<\/p>\n<\/li>\n<\/ul>\n<h2 data-path-to-node=\"12\">Tekniset tiedot<\/h2>\n<ul data-path-to-node=\"13\">\n<li>\n<p data-path-to-node=\"13,0,1\"><span data-path-to-node=\"13,0,1,0\"><b data-path-to-node=\"13,0,1,0\" data-index-in-node=\"0\"><span class=\"citation-11393\">Ranneken materiaali:<\/span><\/b><span class=\"citation-11393\"> Pehme\u00e4\u00e4 nailon-\/puuvillanauhaa hopeanv\u00e4risill\u00e4 helmill\u00e4<\/span><\/span><span data-path-to-node=\"13,0,1,2\">.<\/span><\/p>\n<\/li>\n<li>\n<p data-path-to-node=\"13,1,0\"><b data-path-to-node=\"13,1,0\" data-index-in-node=\"0\">Vieh\u00e4tysmateriaali:<\/b> V\u00e4rillist\u00e4 akryylia mittatilausty\u00f6n\u00e4 tehdyiss\u00e4 muodoissa.<\/p>\n<\/li>\n<li>\n<p data-path-to-node=\"13,2,0\"><b data-path-to-node=\"13,2,0\" data-index-in-node=\"0\">Kortin mitat:<\/b> 75 mm \u00d7 160 mm (t\u00e4ysin muokattavissa).<\/p>\n<\/li>\n<li>\n<p data-path-to-node=\"13,3,0\"><b data-path-to-node=\"13,3,0\" data-index-in-node=\"0\">Korttien painatus:<\/b> Moniv\u00e4rinen (CMYK) molemmille puolille.<\/p>\n<\/li>\n<li>\n<p data-path-to-node=\"13,4,0\"><b data-path-to-node=\"13,4,0\" data-index-in-node=\"0\">Minimitilausm\u00e4\u00e4r\u00e4 (MOQ):<\/b> 500 yksikk\u00f6\u00e4.<\/p>\n<\/li>\n<\/ul>\n<h2 data-path-to-node=\"14\">K\u00e4ytt\u00f6tapaukset<\/h2>\n<ul data-path-to-node=\"15\">\n<li>\n<p data-path-to-node=\"15,0,0\"><b data-path-to-node=\"15,0,0\" data-index-in-node=\"0\">Terveydenhuollon tietoisuus:<\/b> Ihanteellinen verenluovutuskeskuksille, sy\u00f6p\u00e4tutkimuss\u00e4\u00e4ti\u00f6ille ja mielenterveysaloitteille.<\/p>\n<\/li>\n<li>\n<p data-path-to-node=\"15,1,0\"><b data-path-to-node=\"15,1,0\" data-index-in-node=\"0\">Varainhankintatuotteet:<\/b> Kest\u00e4v\u00e4 ja houkutteleva tuote hyv\u00e4ntekev\u00e4isyysj\u00e4rjest\u00f6ille myyt\u00e4v\u00e4ksi korkeakatteisena varainkeruuty\u00f6kaluna.<\/p>\n<\/li>\n<li>\n<p data-path-to-node=\"15,2,0\"><b data-path-to-node=\"15,2,0\" data-index-in-node=\"0\">Yrityksen yhteiskuntavastuu:<\/b> Merkityksellisi\u00e4 lahjoja ty\u00f6ntekij\u00f6ille, jotka osallistuvat yhteis\u00f6palveluun tai yhteiskunnallisesti vaikuttaviin projekteihin.<\/p>\n<\/li>\n<li>\n<p data-path-to-node=\"15,3,1\"><span data-path-to-node=\"15,3,1,0\"><b data-path-to-node=\"15,3,1,0\" data-index-in-node=\"0\"><span class=\"citation-11392\">Muistoja mieleenpainuvimmista tapahtumista:<\/span><\/b><span class=\"citation-11392\"> Kest\u00e4vi\u00e4 matkamuistoja gaalaillallisille, hyv\u00e4ntekev\u00e4isyysjuoksuille tai edunvalvontatapahtumiin<\/span><\/span><span data-path-to-node=\"15,3,1,2\">.<\/span><\/p>\n<\/li>\n<\/ul>","protected":false},"excerpt":{"rendered":"<ul>\n<li>\n<p data-path-to-node=\"7,0,0\"><b data-path-to-node=\"7,0,0\" data-index-in-node=\"0\">V\u00e4hitt\u00e4ismyyntivalmis esittely:<\/b> Jokainen ranneke on esiasennettu 75 \u00d7 160 mm:n kokoiselle v\u00e4rilliselle taustakartongille, mik\u00e4 tarjoaa runsaasti tilaa kampanjatarinalle tai QR-koodeille.<\/p>\n<\/li>\n<li>\n<p data-path-to-node=\"7,1,1\"><span data-path-to-node=\"7,1,1,0\"><b data-path-to-node=\"7,1,1,0\" data-index-in-node=\"0\"><span class=\"citation-11395\">T\u00e4ysin muokattavat koristeet:<\/span><\/b><span class=\"citation-11395\"> Sis\u00e4lt\u00e4\u00e4 laserleikatun akryyliriipustuksen, joka on saatavilla miss\u00e4 tahansa muodossa tai v\u00e4riss\u00e4, kuten tietoisuusnauhoina tai logoina<\/span><\/span><span data-path-to-node=\"7,1,1,2\">.<\/span><\/p>\n<\/li>\n<li>\n<p data-path-to-node=\"7,2,0\"><b data-path-to-node=\"7,2,0\" data-index-in-node=\"0\">Korulaatuinen viimeistely:<\/b> Valmistettu pehme\u00e4st\u00e4 nailon- tai puuvillany\u00f6rist\u00e4 ja hienostuneista hopeanv\u00e4risist\u00e4 helmist\u00e4, suunniteltu pitk\u00e4aikaiseen p\u00e4ivitt\u00e4iseen k\u00e4ytt\u00f6\u00f6n.<\/p>\n<\/li>\n<li>\n<p data-path-to-node=\"7,3,0\"><b data-path-to-node=\"7,3,0\" data-index-in-node=\"0\">Vaikuttava B2B-ty\u00f6kalu:<\/b> Ihanteellinen terveydenhuollon organisaatioille, kansalaisj\u00e4rjest\u00f6ille ja yritysten yhteiskuntavastuuhankkeille, kun tilausm\u00e4\u00e4r\u00e4 on v\u00e4hint\u00e4\u00e4n 500 yksikk\u00f6\u00e4.<\/p>\n<\/li>\n<\/ul>","protected":false},"featured_media":6074,"comment_status":"closed","ping_status":"closed","template":"","meta":[],"product_brand":[],"product_cat":[122,45],"product_tag":[],"class_list":{"0":"post-6073","1":"product","2":"type-product","3":"status-publish","4":"has-post-thumbnail","6":"product_cat-promotional-accessories","7":"product_cat-other","9":"first","10":"instock","11":"shipping-taxable","12":"purchasable","13":"product-type-simple"},"_links":{"self":[{"href":"https:\/\/displayproducts.eu\/fi\/wp-json\/wp\/v2\/product\/6073","targetHints":{"allow":["GET"]}}],"collection":[{"href":"https:\/\/displayproducts.eu\/fi\/wp-json\/wp\/v2\/product"}],"about":[{"href":"https:\/\/displayproducts.eu\/fi\/wp-json\/wp\/v2\/types\/product"}],"replies":[{"embeddable":true,"href":"https:\/\/displayproducts.eu\/fi\/wp-json\/wp\/v2\/comments?post=6073"}],"wp:featuredmedia":[{"embeddable":true,"href":"https:\/\/displayproducts.eu\/fi\/wp-json\/wp\/v2\/media\/6074"}],"wp:attachment":[{"href":"https:\/\/displayproducts.eu\/fi\/wp-json\/wp\/v2\/media?parent=6073"}],"wp:term":[{"taxonomy":"product_brand","embeddable":true,"href":"https:\/\/displayproducts.eu\/fi\/wp-json\/wp\/v2\/product_brand?post=6073"},{"taxonomy":"product_cat","embeddable":true,"href":"https:\/\/displayproducts.eu\/fi\/wp-json\/wp\/v2\/product_cat?post=6073"},{"taxonomy":"product_tag","embeddable":true,"href":"https:\/\/displayproducts.eu\/fi\/wp-json\/wp\/v2\/product_tag?post=6073"}],"curies":[{"name":"wp","href":"https:\/\/api.w.org\/{rel}","templated":true}]}}