{"id":6058,"date":"2025-12-17T14:37:45","date_gmt":"2025-12-17T11:37:45","guid":{"rendered":"https:\/\/wristbandfactory.eu\/?post_type=product&#038;p=6058"},"modified":"2026-04-01T21:52:35","modified_gmt":"2026-04-01T18:52:35","slug":"custom-hotel-slippers-with-logo-premium-standard","status":"publish","type":"product","link":"https:\/\/displayproducts.eu\/fi\/p\/custom-hotel-slippers-with-logo-premium-standard\/","title":{"rendered":"Hotellitohvelit logolla (Brodeeraus tai painatus)"},"content":{"rendered":"<p data-path-to-node=\"12\">Tarjoa vieraillesi v\u00e4lit\u00f6nt\u00e4 mukavuutta ja tyylikkyytt\u00e4 meid\u00e4n avullamme <b>Mukautetut hotellitossut<\/b>. Olitpa sitten luksuslomakeskuksen, boutique-kylpyl\u00e4n tai vain halukkaan tarjota br\u00e4nd\u00e4tty\u00e4 mukavuutta yrityksen toimistossa, henkil\u00f6kohtaiset tohvelit ovat ehdoton tervetulotoivotus.<\/p>\n<p data-path-to-node=\"13\">Tarjoamme joustavaa valmistuspalvelua, joka sopii kaikille budjeteille. Valitse <b>Premium-mallit<\/b> (Velour, korallifleece) pehme\u00e4n ja uudelleenk\u00e4ytett\u00e4v\u00e4n kokemuksen takaamiseksi, jonka vieraat haluavat vied\u00e4 etusivu tai valita <b>Vakio-\/budjettimallit<\/b> (Polyesterifrotee, kuitukangas) kustannustehokkaisiin ja suurten volyymien tarpeisiin.<\/p>\n<p data-path-to-node=\"14\">Johtavat virolaiset hotelli- ja ravintola-alan br\u00e4ndit, kuten <b>VSPA, AQVA SPA, GOSPA, Vihulan kartano ja Hotel Antonius<\/b>, Tohveleissamme yhdistyv\u00e4t kest\u00e4vyys ja tyylik\u00e4s br\u00e4nd\u00e4ys.<\/p>\n<h2 data-path-to-node=\"15\">T\u00e4rkeimm\u00e4t ominaisuudet<\/h2>\n<ul data-path-to-node=\"16\">\n<li>\n<p data-path-to-node=\"16,0,0\"><b>Materiaalivalikoima:<\/b><\/p>\n<ul data-path-to-node=\"16,0,1\">\n<li>\n<p data-path-to-node=\"16,0,1,0,0\"><i>Luksus:<\/i> Pehme\u00e4\u00e4 velouria, muhkeaa korallifleece\u00e4 tai teksturoitua vohvelikangasta.<\/p>\n<\/li>\n<li>\n<p data-path-to-node=\"16,0,1,1,0\"><i>Standardi:<\/i> Klassinen frotee (polyesteri\/puuvillasekoite).<\/p>\n<\/li>\n<li>\n<p data-path-to-node=\"16,0,1,2,0\"><i>Budjetti:<\/i> Kuitukankaat tai vaahtomuovit lyhytaikaiseen k\u00e4ytt\u00f6\u00f6n.<\/p>\n<\/li>\n<\/ul>\n<\/li>\n<li>\n<p data-path-to-node=\"16,1,0\"><b>T\u00e4ysi mukautus:<\/b> Tarjoamme 100%-personointia. Yhdist\u00e4 tohveleiden v\u00e4ri br\u00e4ndi-identiteettiisi ja valitse seuraavista: <b>Kirjonta<\/b> (ensiluokkaista 3D-ulkoasua varten) tai <b>Siirtopainatus<\/b> (yksityiskohtaisia logoja varten).<\/p>\n<\/li>\n<li>\n<p data-path-to-node=\"16,2,0\"><b>Turvallisuus ja kest\u00e4vyys:<\/b> Kaikissa malleissa on tukevat pohjat, joissa on erinomainen pito, joten ne ovat turvallisia laatoitettujen kylpyhuoneiden lattioiden, kylpyl\u00e4alueiden ja parketin kanssa.<\/p>\n<\/li>\n<li>\n<p data-path-to-node=\"16,3,0\"><b>Tehtaan suoramyynti:<\/b> Tilausty\u00f6n\u00e4 tehty tuotanto alkaa <b>5 000 paria<\/b>, varmistaen parhaan yksikk\u00f6hinnan ja t\u00e4yden hallinnan suunnittelun yksityiskohdissa.<\/p>\n<\/li>\n<\/ul>\n<h2 data-path-to-node=\"17\">Tekniset tiedot<\/h2>\n<ul data-path-to-node=\"18\">\n<li>\n<p data-path-to-node=\"18,0,0\"><b>Materiaalit:<\/b> Velour, korallifleece, vohveli, frotee, kuitukangas.<\/p>\n<\/li>\n<li>\n<p data-path-to-node=\"18,1,0\"><b>Pohja:<\/b> EVA (liukumaton) vaihtelevalla paksuudella (3\u20136 mm).<\/p>\n<\/li>\n<li>\n<p data-path-to-node=\"18,2,0\"><b>Koko:<\/b> Universaali aikuisen koko (noin 28\u201329 cm). Saatavilla my\u00f6s erikoiskokoja.<\/p>\n<\/li>\n<li>\n<p data-path-to-node=\"18,3,0\"><b>Br\u00e4nd\u00e4ys:<\/b> Kirjonta tai silkki-\/siirtopainatus.<\/p>\n<\/li>\n<li>\n<p data-path-to-node=\"18,4,0\"><b>V\u00e4rit:<\/b> Kankaalle saatavilla omalla painatuksella Pantone-v\u00e4ris\u00e4vytys.<\/p>\n<\/li>\n<li>\n<p data-path-to-node=\"18,5,0\"><b>M\u00e4\u00e4r\u00e4:<\/b> 5000 paria (t\u00e4ysin mittatilausty\u00f6n\u00e4 valmistettu).<\/p>\n<\/li>\n<\/ul>\n<h2 data-path-to-node=\"19\">K\u00e4ytt\u00f6tapaukset<\/h2>\n<ul data-path-to-node=\"20\">\n<li>\n<p data-path-to-node=\"20,0,0\"><b>Hotellit ja lomakohteet:<\/b> Huoneen mukavuudet, jotka nostavat asiakasarvosanaa.<\/p>\n<\/li>\n<li>\n<p data-path-to-node=\"20,1,0\"><b>Kylpyl\u00e4t ja hyvinvointikeskukset:<\/b> V\u00e4ltt\u00e4m\u00e4tt\u00f6m\u00e4t liukumattomat jalkineet m\u00e4rkiin tiloihin.<\/p>\n<\/li>\n<li>\n<p data-path-to-node=\"20,2,0\"><b>Yrityslahjat:<\/b> Ensiluokkaiset velour-tossut kotitoimistoon tai matkapaketteihin.<\/p>\n<\/li>\n<li>\n<p data-path-to-node=\"20,3,0\"><b>L\u00e4\u00e4ketiede ja kauneus:<\/b> Hygieenisi\u00e4, kertak\u00e4ytt\u00f6isi\u00e4 vaihtoehtoja klinikoille.<\/p>\n<\/li>\n<\/ul>","protected":false},"excerpt":{"rendered":"<ul>\n<li>\n<p data-path-to-node=\"11,0,0\"><b>Laatualue:<\/b> Saatavilla Premium-velourina, korallifleecena, vohvelikankaana tai budjettifrotee-\/vaahtomuovina.<\/p>\n<\/li>\n<li>\n<p data-path-to-node=\"11,1,0\"><b>Mukauttaminen:<\/b> Korkealaatuinen brodeeraus ylelliseen ilmeeseen tai seripainatus kustannustehokkaaseen br\u00e4nd\u00e4ykseen.<\/p>\n<\/li>\n<li>\n<p data-path-to-node=\"11,2,0\"><b>Turvallisuus ennen kaikkea:<\/b> Kest\u00e4v\u00e4t ja luistamattomat pohjat sopivat m\u00e4rkiin kylpyl\u00e4lattioihin ja hotellihuoneisiin.<\/p>\n<\/li>\n<li>\n<p data-path-to-node=\"11,3,0\"><b>Todistettu laatu:<\/b> Huippuhotellit, kuten VSPA, GOSPA ja AQVA Spa, luottavat siihen.<\/p>\n<\/li>\n<\/ul>","protected":false},"featured_media":6059,"comment_status":"closed","ping_status":"closed","template":"","meta":[],"product_brand":[],"product_cat":[132],"product_tag":[],"class_list":{"0":"post-6058","1":"product","2":"type-product","3":"status-publish","4":"has-post-thumbnail","6":"product_cat-hotel-spa-amenities","8":"first","9":"instock","10":"shipping-taxable","11":"purchasable","12":"product-type-simple"},"_links":{"self":[{"href":"https:\/\/displayproducts.eu\/fi\/wp-json\/wp\/v2\/product\/6058","targetHints":{"allow":["GET"]}}],"collection":[{"href":"https:\/\/displayproducts.eu\/fi\/wp-json\/wp\/v2\/product"}],"about":[{"href":"https:\/\/displayproducts.eu\/fi\/wp-json\/wp\/v2\/types\/product"}],"replies":[{"embeddable":true,"href":"https:\/\/displayproducts.eu\/fi\/wp-json\/wp\/v2\/comments?post=6058"}],"wp:featuredmedia":[{"embeddable":true,"href":"https:\/\/displayproducts.eu\/fi\/wp-json\/wp\/v2\/media\/6059"}],"wp:attachment":[{"href":"https:\/\/displayproducts.eu\/fi\/wp-json\/wp\/v2\/media?parent=6058"}],"wp:term":[{"taxonomy":"product_brand","embeddable":true,"href":"https:\/\/displayproducts.eu\/fi\/wp-json\/wp\/v2\/product_brand?post=6058"},{"taxonomy":"product_cat","embeddable":true,"href":"https:\/\/displayproducts.eu\/fi\/wp-json\/wp\/v2\/product_cat?post=6058"},{"taxonomy":"product_tag","embeddable":true,"href":"https:\/\/displayproducts.eu\/fi\/wp-json\/wp\/v2\/product_tag?post=6058"}],"curies":[{"name":"wp","href":"https:\/\/api.w.org\/{rel}","templated":true}]}}