{"id":5995,"date":"2025-12-16T16:28:57","date_gmt":"2025-12-16T13:28:57","guid":{"rendered":"https:\/\/wristbandfactory.eu\/?post_type=product&#038;p=5995"},"modified":"2026-04-01T21:52:03","modified_gmt":"2026-04-01T18:52:03","slug":"custom-printed-microfiber-cleaning-cloths-screens-glasses","status":"publish","type":"product","link":"https:\/\/displayproducts.eu\/fi\/p\/custom-printed-microfiber-cleaning-cloths-screens-glasses\/","title":{"rendered":"Mikrokuituliinat logolla"},"content":{"rendered":"<p data-path-to-node=\"9\">Varmista, ett\u00e4 br\u00e4ndisi n\u00e4kyy joka kerta, kun asiakas puhdistaa silm\u00e4lasinsa tai \u00e4lypuhelimensa n\u00e4yt\u00f6n. Meid\u00e4n <b>Mukautetut mikrokuitupuhdistusliinat<\/b> ovat eritt\u00e4in k\u00e4yt\u00e4nn\u00f6llisi\u00e4, kevyit\u00e4 ja edullisia mainostuotteita. Toisin kuin paperisia nen\u00e4liinoja, n\u00e4it\u00e4 kest\u00e4vi\u00e4 liinoja k\u00e4ytet\u00e4\u00e4n toistuvasti, mik\u00e4 tarjoaa pitk\u00e4aikaista br\u00e4ndin\u00e4kyvyytt\u00e4.<\/p>\n<p data-path-to-node=\"10\">Tarjoamme monipuolisen valikoiman materiaaleja ja kokoja budjettiisi ja kest\u00e4v\u00e4n kehityksen tavoitteisiisi sopivaksi, kustannustehokkaista lahjoista ensiluokkaisiin, paksuihin, Euroopassa valmistettuihin puhdistusliinoihin.<\/p>\n<h2 data-path-to-node=\"11\">Materiaali- ja ymp\u00e4rist\u00f6vaihtoehdot<\/h2>\n<p data-path-to-node=\"12\">Valitse tarpeisiisi sopivan paksuinen kangas:<\/p>\n<ul data-path-to-node=\"13\">\n<li>\n<p data-path-to-node=\"13,0,0\"><b>Ilman painatusta mikrokuitu (170 g\/m\u00b2):<\/b> Kevyt ja kustannustehokas. Ihanteellinen suuriin postituskampanjoihin ja messuille.<\/p>\n<\/li>\n<li>\n<p data-path-to-node=\"13,1,0\"><b>Ensiluokkainen mikrokuitu (200 g\/m\u00b2):<\/b> Paksumpi, pehme\u00e4mpi ja kest\u00e4v\u00e4mpi. Tuntuu tukevammalta k\u00e4dess\u00e4 \u2013 t\u00e4ydellinen premium-yrityslahjoiksi.<\/p>\n<\/li>\n<li>\n<p data-path-to-node=\"13,2,0\"><b>Ymp\u00e4rist\u00f6yst\u00e4v\u00e4llinen rPET (170 g\/m\u00b2\/200 g\/m\u00b2):<\/b> Valmistettu kierr\u00e4tetyist\u00e4 muovipulloista. Kest\u00e4v\u00e4 valinta, joka toimii yht\u00e4 hyvin kuin ilman painatusta mikrokuitu, mutta v\u00e4hent\u00e4\u00e4 ymp\u00e4rist\u00f6vaikutuksia.<\/p>\n<\/li>\n<\/ul>\n<h2 data-path-to-node=\"14\">Br\u00e4nd\u00e4ystekniikat<\/h2>\n<ul data-path-to-node=\"15\">\n<li>\n<p data-path-to-node=\"15,0,0\"><b>Moniv\u00e4rinen sublimaatiopainatus:<\/b> Painamme ter\u00e4v\u00e4piirtokuvasi, logosi tai kuviosi koko kankaan pinnalle (reunasta reunaan).<\/p>\n<\/li>\n<li>\n<p data-path-to-node=\"15,1,0\"><b>Kaiverrettu br\u00e4nd\u00e4ys:<\/b> Logosi l\u00e4mp\u00f6pr\u00e4st\u00e4\u00e4n kankaaseen, mik\u00e4 luo hienovaraisen ja pysyv\u00e4n tekstuurin ilman mustetta. Hienostunut ulkon\u00e4k\u00f6 200 g\/m\u00b2:n ja rPET-kankaille.<\/p>\n<\/li>\n<\/ul>\n<h2 data-path-to-node=\"16\">Saatavilla olevat koot<\/h2>\n<p data-path-to-node=\"17\">Tarjoamme useita eri vakiokokoja erilaisiin laitteisiin:<\/p>\n<ul data-path-to-node=\"18\">\n<li>\n<p data-path-to-node=\"18,0,0\"><b>Taskukoko:<\/b> 12 \u00d7 12 cm (t\u00e4ydellinen laseille)<\/p>\n<\/li>\n<li>\n<p data-path-to-node=\"18,1,0\"><b>Standardi:<\/b> 15 \u00d7 15 cm \/ 17 \u00d7 12 cm (Sopii erinomaisesti puhelimille)<\/p>\n<\/li>\n<li>\n<p data-path-to-node=\"18,2,0\"><b>Suuri:<\/b> 17 \u00d7 15 cm \/ 17 \u00d7 18 cm (Ihanteellinen tableteille ja kannettaville tietokoneille)<\/p>\n<\/li>\n<\/ul>\n<h2 data-path-to-node=\"19\">Tekniset tiedot<\/h2>\n<ul data-path-to-node=\"20\">\n<li>\n<p data-path-to-node=\"20,0,0\"><b>Minimitilausm\u00e4\u00e4r\u00e4 (MOQ):<\/b><\/p>\n<ul data-path-to-node=\"20,0,1\">\n<li>\n<p data-path-to-node=\"20,0,1,0,0\">Vakiotuonti: <b>250 kpl<\/b><\/p>\n<\/li>\n<li>\n<p data-path-to-node=\"20,0,1,1,0\">Valmistettu EU:ssa: <b>100 kpl<\/b><\/p>\n<\/li>\n<\/ul>\n<\/li>\n<li>\n<p data-path-to-node=\"20,1,0\"><b>Pakkaus:<\/b> Irtotavarana pakattu tai yksitt\u00e4in polyeteenipusseihin pakattu (valinnainen).<\/p>\n<\/li>\n<li>\n<p data-path-to-node=\"20,2,0\"><b>Alkuper\u00e4:<\/b> Vaihtoehtoina aasialainen tuonti (paras hinta) tai eurooppalainen tuotanto (nopein toimitus).<\/p>\n<\/li>\n<li>\n<p data-path-to-node=\"20,3,0\"><b>K\u00e4ytt\u00e4\u00e4:<\/b> Nukkaamaton ja hankaamaton puhdistusaine herkille optisille pinnoille.<\/p>\n<\/li>\n<\/ul>\n<h2 data-path-to-node=\"21\">K\u00e4ytt\u00f6tapaukset<\/h2>\n<ul data-path-to-node=\"22\">\n<li>\n<p data-path-to-node=\"22,0,0\"><b>Teknologia- ja IT-yritykset:<\/b> V\u00e4ltt\u00e4m\u00e4t\u00f6n lis\u00e4varuste kannettaville tietokoneille ja n\u00e4yt\u00f6ille.<\/p>\n<\/li>\n<li>\n<p data-path-to-node=\"22,1,0\"><b>Optikot ja silm\u00e4lasit:<\/b> Klassinen br\u00e4nd\u00e4tty lahja jokaisten silm\u00e4lasien mukana.<\/p>\n<\/li>\n<li>\n<p data-path-to-node=\"22,2,0\"><b>Suoramainontakampanjat:<\/b> Eritt\u00e4in kevyet ja litte\u00e4t, joten niiden postitus maailmanlaajuisesti on edullista.<\/p>\n<\/li>\n<li>\n<p data-path-to-node=\"22,3,0\"><b>Tapahtuman herkkupussit:<\/b> Hy\u00f6dyllinen esine, jota osallistujat eiv\u00e4t heit\u00e4 pois.<\/p>\n<\/li>\n<\/ul>\n<p data-path-to-node=\"23\">","protected":false},"excerpt":{"rendered":"<ul>\n<li>\n<p data-path-to-node=\"8,0,0\"><b>Kristallinkirkas puhdistus:<\/b> T\u00e4ydellinen \u00e4lypuhelimille, tableteille, kannettaville tietokoneille ja silm\u00e4laseille.<\/p>\n<\/li>\n<li>\n<p data-path-to-node=\"8,1,0\"><b>Materiaalivalinnat:<\/b> Vakio 170 g\/m\u00b2\/200 g\/m\u00b2 tai ymp\u00e4rist\u00f6yst\u00e4v\u00e4llinen <b>rPET<\/b> (Kierr\u00e4tetyt pullot).<\/p>\n<\/li>\n<li>\n<p data-path-to-node=\"8,2,0\"><b>Painatusvaihtoehdot:<\/b> Eloisa <b>T\u00e4ysi v\u00e4ri<\/b> sublimaatiopainatus tai hienovarainen <b>Kaiverrettu<\/b> br\u00e4nd\u00e4ys.<\/p>\n<\/li>\n<li>\n<p data-path-to-node=\"8,3,0\"><b>Eurooppalainen tuotanto:<\/b> Nopeat toimitusvaihtoehdot saatavilla alhaisilla minimitilauksilla (alkaen 100 kpl).<\/p>\n<\/li>\n<\/ul>","protected":false},"featured_media":6333,"comment_status":"closed","ping_status":"closed","template":"","meta":[],"product_brand":[],"product_cat":[128],"product_tag":[],"class_list":{"0":"post-5995","1":"product","2":"type-product","3":"status-publish","4":"has-post-thumbnail","6":"product_cat-mobile-tech-accessories","8":"first","9":"instock","10":"shipping-taxable","11":"purchasable","12":"product-type-simple"},"_links":{"self":[{"href":"https:\/\/displayproducts.eu\/fi\/wp-json\/wp\/v2\/product\/5995","targetHints":{"allow":["GET"]}}],"collection":[{"href":"https:\/\/displayproducts.eu\/fi\/wp-json\/wp\/v2\/product"}],"about":[{"href":"https:\/\/displayproducts.eu\/fi\/wp-json\/wp\/v2\/types\/product"}],"replies":[{"embeddable":true,"href":"https:\/\/displayproducts.eu\/fi\/wp-json\/wp\/v2\/comments?post=5995"}],"wp:featuredmedia":[{"embeddable":true,"href":"https:\/\/displayproducts.eu\/fi\/wp-json\/wp\/v2\/media\/6333"}],"wp:attachment":[{"href":"https:\/\/displayproducts.eu\/fi\/wp-json\/wp\/v2\/media?parent=5995"}],"wp:term":[{"taxonomy":"product_brand","embeddable":true,"href":"https:\/\/displayproducts.eu\/fi\/wp-json\/wp\/v2\/product_brand?post=5995"},{"taxonomy":"product_cat","embeddable":true,"href":"https:\/\/displayproducts.eu\/fi\/wp-json\/wp\/v2\/product_cat?post=5995"},{"taxonomy":"product_tag","embeddable":true,"href":"https:\/\/displayproducts.eu\/fi\/wp-json\/wp\/v2\/product_tag?post=5995"}],"curies":[{"name":"wp","href":"https:\/\/api.w.org\/{rel}","templated":true}]}}