{"id":5985,"date":"2025-12-16T16:19:40","date_gmt":"2025-12-16T13:19:40","guid":{"rendered":"https:\/\/wristbandfactory.eu\/?post_type=product&#038;p=5985"},"modified":"2026-04-01T21:52:35","modified_gmt":"2026-04-01T18:52:35","slug":"custom-knitted-socks-with-logo-cotton-bamboo-merino-sports","status":"publish","type":"product","link":"https:\/\/displayproducts.eu\/fi\/p\/custom-knitted-socks-with-logo-cotton-bamboo-merino-sports\/","title":{"rendered":"Kootut sukat logolla"},"content":{"rendered":"<p data-path-to-node=\"10\">Tee arkip\u00e4iv\u00e4n v\u00e4ltt\u00e4m\u00e4tt\u00f6myydest\u00e4 br\u00e4ndisi suosituin tuote. Meid\u00e4n <b>Mittatilausty\u00f6n\u00e4 neulotut sukat<\/b> eiv\u00e4t ole vain painettuja, vaan ne luodaan alusta alkaen Jacquard-kudontatekniikalla. T\u00e4m\u00e4 tarkoittaa, ett\u00e4 logosi ja kuviosi neulotaan suoraan kankaaseen jopa viidell\u00e4 eri langanv\u00e4rill\u00e4, mik\u00e4 varmistaa, ettei kuvio koskaan irtoa tai haalistu.<\/p>\n<p data-path-to-node=\"11\">Tarvitsetpa sitten ammattimaisia yrityslahjoja, huippuluokan urheiluv\u00e4lineit\u00e4 tai ymp\u00e4rist\u00f6yst\u00e4v\u00e4llisi\u00e4 tuotteita, valmistuskapasiteettimme kattaa kaikki tarpeet alhaisilla v\u00e4himm\u00e4ism\u00e4\u00e4rill\u00e4.<\/p>\n<h2 data-path-to-node=\"12\">Materiaalivaihtoehdot<\/h2>\n<p data-path-to-node=\"13\">Tarjoamme erilaisia materiaalisekoituksia juuri sinun k\u00e4ytt\u00f6tarkoitukseesi:<\/p>\n<ul data-path-to-node=\"14\">\n<li>\n<p data-path-to-node=\"14,0,0\"><b>Klassinen puuvillasekoitus:<\/b> Alan standardi mukavuudessa ja kest\u00e4vyydess\u00e4. Ihanteellinen jokap\u00e4iv\u00e4iseen k\u00e4ytt\u00f6\u00f6n ja lahjoihin.<\/p>\n<ul data-path-to-node=\"14,0,1\">\n<li>\n<p data-path-to-node=\"14,0,1,0,0\"><i>Koostumus:<\/i> 68% puuvillaa, 29% polyesteri\u00e4, 3% elastaania (vakio) tai 80% puuvillasekoitteita EU:n tuotantoon.<\/p>\n<\/li>\n<\/ul>\n<\/li>\n<li>\n<p data-path-to-node=\"14,1,0\"><b>Ensiluokkainen bambu:<\/b> Kest\u00e4v\u00e4, pehme\u00e4mpi ja luonnostaan hypoallergeeninen valinta.<\/p>\n<ul data-path-to-node=\"14,1,1\">\n<li>\n<p data-path-to-node=\"14,1,1,0,0\"><i>Koostumus:<\/i> 65% bambu, 25% puuvilla, 8% polyesteri, 2% elastaani.<\/p>\n<\/li>\n<\/ul>\n<\/li>\n<li>\n<p data-path-to-node=\"14,2,0\"><b>Merinovilla (talvi ja vaellus):<\/b> Pehme\u00e4, hengitt\u00e4v\u00e4 ja hajuja imev\u00e4. T\u00e4ydellinen ulkoilubr\u00e4ndeille ja talvilahjoille.<\/p>\n<ul data-path-to-node=\"14,2,1\">\n<li>\n<p data-path-to-node=\"14,2,1,0,0\"><i>Koostumus:<\/i> 43% merinovilla, 25% polyamidi, 29% akryyli, 3% elastaani.<\/p>\n<\/li>\n<\/ul>\n<\/li>\n<li>\n<p data-path-to-node=\"14,3,0\"><b>Suorituskykyinen urheilusekoitus:<\/b> Kest\u00e4v\u00e4t sekoitukset, jotka on suunniteltu juoksuun ja jalkapalloon.<\/p>\n<ul data-path-to-node=\"14,3,1\">\n<li>\n<p data-path-to-node=\"14,3,1,0,0\"><i>Koostumus:<\/i> Polyamidi\/puuvilla\/elastaanisekoitetta, jossa verkkomainen tuuletus.<\/p>\n<\/li>\n<\/ul>\n<\/li>\n<\/ul>\n<h2 data-path-to-node=\"15\">Saatavilla olevat tyylit ja leikkaukset<\/h2>\n<p data-path-to-node=\"16\">Voit k\u00e4ytt\u00e4\u00e4 suunnitteluasi mihin tahansa seuraavista leikkauksista:<\/p>\n<ul data-path-to-node=\"17\">\n<li>\n<p data-path-to-node=\"17,0,0\"><b>Miehist\u00f6n sukat:<\/b> Klassinen pituus pohkeen puoliv\u00e4liin. Saatavilla kaikista materiaaleista.<\/p>\n<\/li>\n<li>\n<p data-path-to-node=\"17,1,0\"><b>Nilkka- ja piilosukat:<\/b> Huomaamattomat ja modernit leikkaukset, t\u00e4ydelliset kes\u00e4\u00e4n tai lenkkareihin.<\/p>\n<\/li>\n<li>\n<p data-path-to-node=\"17,2,0\"><b>Urheilu- ja tennissukat:<\/b> Ominaisuudet <b>360\u00b0 holvituki<\/b> ja valinnaiset pehmustetut (puolifrotee) pohjat iskunvaimennusta varten.<\/p>\n<\/li>\n<li>\n<p data-path-to-node=\"17,3,0\"><b>Juoksusukat:<\/b> Edistyksellinen neulonta hengitt\u00e4v\u00e4ll\u00e4 verkkomateriaalilla vartalon etuosassa ja pikee-neuloksella lahkeen toisessa p\u00e4\u00e4ss\u00e4.<\/p>\n<\/li>\n<li>\n<p data-path-to-node=\"17,4,0\"><b>Jalkapallosukat:<\/b> Pohkeen yli ulottuva pituus, verkkokankaiset paneelit pohkeessa ja pohjallisessa.<\/p>\n<\/li>\n<li>\n<p data-path-to-node=\"17,5,0\"><b>Jooga ja liukueste:<\/b> Pohjassa on silikoniset liukuestepinnoitteet yksil\u00f6llisell\u00e4 kuvioinnilla. Saatavilla t\u00e4yspitk\u00e4ll\u00e4 tai varpaattomana mallina.<\/p>\n<\/li>\n<\/ul>\n<h2 data-path-to-node=\"18\">Tekniset tiedot<\/h2>\n<ul data-path-to-node=\"19\">\n<li>\n<p data-path-to-node=\"19,0,0\"><b>Neulontatekniikka:<\/b> Jacquard (kankaaseen kudottu kuvio).<\/p>\n<\/li>\n<li>\n<p data-path-to-node=\"19,1,0\"><b>V\u00e4rit:<\/b> Jopa 5 v\u00e4ri\u00e4 suunnitteluia kohden.<\/p>\n<\/li>\n<li>\n<p data-path-to-node=\"19,2,0\"><b>Minimitilausm\u00e4\u00e4r\u00e4 (MOQ):<\/b> Alkaa paikasta <b>25 paria<\/b> valikoituihin urheilumalleihin ja <b>50 paria<\/b> vakiorakenteille.<\/p>\n<\/li>\n<li>\n<p data-path-to-node=\"19,3,0\"><b>Koot:<\/b> Saatavilla yksi koko sopii useimmille tai tiettyj\u00e4 kokoja.<\/p>\n<\/li>\n<li>\n<p data-path-to-node=\"19,4,0\"><b>Pakkaus:<\/b> Valinnaiset mukautetut t\u00e4ysv\u00e4riset paperilaput. <i>Huomautus: Jos useissa eri kokoisissa tuotteissa on sama lapun ulkoasu, kustannusten v\u00e4hent\u00e4miseksi k\u00e4ytet\u00e4\u00e4n kokotarroja.<\/i><\/p>\n<\/li>\n<li>\n<p data-path-to-node=\"19,5,0\"><b>Suunnitteluhuomautus:<\/b> Vasemmassa ja oikeassa sukissa voi olla erilaiset kuviot (lis\u00e4maksu). Lahkeiden ulkopuolella olevia logoja pidet\u00e4\u00e4n erillisin\u00e4 kuvioina niiden suunnan vuoksi.<\/p>\n<\/li>\n<\/ul>\n<h2 data-path-to-node=\"20\">K\u00e4ytt\u00f6tapaukset<\/h2>\n<ul data-path-to-node=\"21\">\n<li>\n<p data-path-to-node=\"21,0,0\"><b>Yritysesittely:<\/b> Hauskoja ja k\u00e4yt\u00e4nn\u00f6llisi\u00e4 toimistolahjoja, joita ty\u00f6ntekij\u00e4t oikeasti k\u00e4ytt\u00e4v\u00e4t.<\/p>\n<\/li>\n<li>\n<p data-path-to-node=\"21,1,0\"><b>Urheilujoukkueet:<\/b> Mukautetut jalkapallo-, koripallo- ja juoksusukat joukkueiden v\u00e4reiss\u00e4.<\/p>\n<\/li>\n<li>\n<p data-path-to-node=\"21,2,0\"><b>V\u00e4hitt\u00e4ismyynti ja oheistuotteet:<\/b> Korkealaatuisia j\u00e4lleenmyyntituotteita b\u00e4ndeille, vaikuttajille ja vaatemerkeille.<\/p>\n<\/li>\n<li>\n<p data-path-to-node=\"21,3,0\"><b>Hyvinvointistudiot:<\/b> Merkkituotteiden liukuestesukat jooga- ja pilatestunneille.<\/p>\n<\/li>\n<\/ul>\n<p data-path-to-node=\"22\">","protected":false},"excerpt":{"rendered":"<ul>\n<li>\n<p data-path-to-node=\"9,0,0\"><b>Jacquard-neulonta:<\/b> Suunnittelusi kudotaan suoraan kankaaseen (enint\u00e4\u00e4n viidess\u00e4 v\u00e4riss\u00e4) kest\u00e4vyyden ja ensiluokkaisen ulkon\u00e4\u00f6n takaamiseksi.<\/p>\n<\/li>\n<li>\n<p data-path-to-node=\"9,1,0\"><b>Materiaalivalinta:<\/b> Saatavilla tavallisena puuvillana, ymp\u00e4rist\u00f6yst\u00e4v\u00e4llisen\u00e4 bambuna tai l\u00e4mpim\u00e4n\u00e4 merinovillana.<\/p>\n<\/li>\n<li>\n<p data-path-to-node=\"9,2,0\"><b>Monipuoliset tyylit:<\/b> Vaihtoehtoina miehist\u00f6n tuki, nilkkatuki, ei saavu paikalle, urheilujalkaholvituki ja liukumaton jooga.<\/p>\n<\/li>\n<li>\n<p data-path-to-node=\"9,3,0\"><b>Mukautetut tunnisteet:<\/b> Valinnaiset neliv\u00e4riset paperiset tunnisteet tai tarrat v\u00e4hitt\u00e4ismyyntivalmiisiin pakkauksiin.<\/p>\n<\/li>\n<\/ul>","protected":false},"featured_media":6670,"comment_status":"closed","ping_status":"closed","template":"","meta":[],"product_brand":[],"product_cat":[129],"product_tag":[],"class_list":{"0":"post-5985","1":"product","2":"type-product","3":"status-publish","4":"has-post-thumbnail","6":"product_cat-leisure-lifestyle","8":"first","9":"instock","10":"shipping-taxable","11":"product-type-simple"},"_links":{"self":[{"href":"https:\/\/displayproducts.eu\/fi\/wp-json\/wp\/v2\/product\/5985","targetHints":{"allow":["GET"]}}],"collection":[{"href":"https:\/\/displayproducts.eu\/fi\/wp-json\/wp\/v2\/product"}],"about":[{"href":"https:\/\/displayproducts.eu\/fi\/wp-json\/wp\/v2\/types\/product"}],"replies":[{"embeddable":true,"href":"https:\/\/displayproducts.eu\/fi\/wp-json\/wp\/v2\/comments?post=5985"}],"wp:featuredmedia":[{"embeddable":true,"href":"https:\/\/displayproducts.eu\/fi\/wp-json\/wp\/v2\/media\/6670"}],"wp:attachment":[{"href":"https:\/\/displayproducts.eu\/fi\/wp-json\/wp\/v2\/media?parent=5985"}],"wp:term":[{"taxonomy":"product_brand","embeddable":true,"href":"https:\/\/displayproducts.eu\/fi\/wp-json\/wp\/v2\/product_brand?post=5985"},{"taxonomy":"product_cat","embeddable":true,"href":"https:\/\/displayproducts.eu\/fi\/wp-json\/wp\/v2\/product_cat?post=5985"},{"taxonomy":"product_tag","embeddable":true,"href":"https:\/\/displayproducts.eu\/fi\/wp-json\/wp\/v2\/product_tag?post=5985"}],"curies":[{"name":"wp","href":"https:\/\/api.w.org\/{rel}","templated":true}]}}