{"id":5968,"date":"2025-12-16T15:35:54","date_gmt":"2025-12-16T12:35:54","guid":{"rendered":"https:\/\/wristbandfactory.eu\/?post_type=product&#038;p=5968"},"modified":"2026-04-01T21:52:03","modified_gmt":"2026-04-01T18:52:03","slug":"custom-knitted-beanies-winter-hats-acrylic-rpet-jacquard","status":"publish","type":"product","link":"https:\/\/displayproducts.eu\/fi\/p\/custom-knitted-beanies-winter-hats-acrylic-rpet-jacquard\/","title":{"rendered":"Mittatilausty\u00f6n\u00e4 tehdyt neulotut pipot ja talvihatut (akryyli, rPET, jacquard)"},"content":{"rendered":"<p data-path-to-node=\"11\">L\u00e4mmit\u00e4 br\u00e4ndi\u00e4si premium-tuotteillamme <b>Mittatilausty\u00f6n\u00e4 neulotut pipot<\/b>. N\u00e4m\u00e4 ovat \u00e4\u00e4rimm\u00e4isen kylm\u00e4n s\u00e4\u00e4n mainostuotteet, jotka sopivat t\u00e4ydellisesti yrityslahjoiksi, urheilujoukkueille ja v\u00e4hitt\u00e4ismyyntituotteisiin. Toisin kuin tavalliset painetut tuotteet, talvihattumme tarjoavat korkean havaittavan arvon tekstuurin ja l\u00e4mm\u00f6n ansiosta. Etsitp\u00e4 sitten klassista hihansuussa olevaa pipoa brodeeratulla logolla tai t\u00e4ysin omalla painatuksella\u00e4 &quot;Jacquard&quot;-neulosta, jossa suunnittelu on kudottu suoraan kankaaseen, me tarjoamme v\u00e4hitt\u00e4ismyyntilaatuisia p\u00e4\u00e4hineit\u00e4, joita ihmiset todella haluavat k\u00e4ytt\u00e4\u00e4.<\/p>\n<h2 data-path-to-node=\"12\">T\u00e4rkeimm\u00e4t ominaisuudet<\/h2>\n<ul data-path-to-node=\"13\">\n<li>\n<p data-path-to-node=\"13,0,0\"><b>Massiivinen valikoima:<\/b> Valitse klassisista hihansuussa olevista pipoista, trendikk\u00e4ist\u00e4 kalastajamalleista (matalapelj\u00e4), l\u00f6ysist\u00e4 malleista tai ensiluokkaisista palmikkoneuleista.<\/p>\n<\/li>\n<li>\n<p data-path-to-node=\"13,1,0\"><b>Ymp\u00e4rist\u00f6yst\u00e4v\u00e4lliset vaihtoehdot:<\/b> Saavuta kest\u00e4v\u00e4n kehityksen tavoitteet valitsemalla sertifioitua rPET-materiaalia (kierr\u00e4tysmuovi) tavallisen akryylin sijaan.<\/p>\n<\/li>\n<li>\n<p data-path-to-node=\"13,2,0\"><b>Jacquard-kudontatekniikka:<\/b> Monimutkaisia kuvioita tai suuria br\u00e4nd\u00e4yksi\u00e4 varten neulomme suunnittelusi suoraan pipon rakenteeseen jopa nelj\u00e4ll\u00e4 v\u00e4rill\u00e4 (saumaton ulkon\u00e4k\u00f6).<\/p>\n<\/li>\n<li>\n<p data-path-to-node=\"13,3,0\"><b>Ensiluokkaiset viimeistelyt:<\/b> Saatavilla \u201cShu velveteen\u201d- tai fleecevuorilla lis\u00e4eristyst\u00e4 varten \u00e4\u00e4rimm\u00e4isess\u00e4 kylmyydess\u00e4.<\/p>\n<\/li>\n<li>\n<p data-path-to-node=\"13,4,0\"><b>Turvallisuusvaihtoehdot:<\/b> Voidaan kutoa heijastavilla langoilla tai raidoilla talvi-\u00f6in\u00e4 hyv\u00e4n n\u00e4kyvyyden takaamiseksi.<\/p>\n<\/li>\n<\/ul>\n<h2 data-path-to-node=\"14\">Tekniset tiedot<\/h2>\n<ul data-path-to-node=\"15\">\n<li>\n<p data-path-to-node=\"15,0,0\"><b>Materiaali:<\/b> 100% akryyli, 100% rPET tai Polylana\u00ae-sekoitukset.<\/p>\n<\/li>\n<li>\n<p data-path-to-node=\"15,1,0\"><b>Koko:<\/b> Yksi koko sopii useimmille (joustava neulos).<\/p>\n<\/li>\n<li>\n<p data-path-to-node=\"15,2,0\"><b>Br\u00e4nd\u00e4ysmenetelm\u00e4t:<\/b><\/p>\n<ul data-path-to-node=\"15,2,1\">\n<li>\n<p data-path-to-node=\"15,2,1,0,0\"><b>Kirjonta:<\/b> Litte\u00e4 tai 3D-puff (paras yksiv\u00e4risille logoille hihansuissa olevissa pipoissa).<\/p>\n<\/li>\n<li>\n<p data-path-to-node=\"15,2,1,1,0\"><b>Jakardi:<\/b> Kankaaseen neulottu kuvio (paras kuvioille\/suurelle tekstille).<\/p>\n<\/li>\n<li>\n<p data-path-to-node=\"15,2,1,2,0\"><b>Kudottu laastari:<\/b> Retrotyylinen, ommeltu hihansuuhun.<\/p>\n<\/li>\n<\/ul>\n<\/li>\n<li>\n<p data-path-to-node=\"15,3,0\"><b>Kerrokset:<\/b> Yksikerroksinen (kevyt), kaksikerroksinen (vakio) tai fleecevuorillinen (raskaat).<\/p>\n<\/li>\n<li>\n<p data-path-to-node=\"15,4,0\"><b>Minimitilausm\u00e4\u00e4r\u00e4 (MOQ):<\/b> 100 yksikk\u00f6\u00e4.<\/p>\n<\/li>\n<\/ul>\n<h2 data-path-to-node=\"16\">K\u00e4ytt\u00f6tapaukset<\/h2>\n<ul data-path-to-node=\"17\">\n<li>\n<p data-path-to-node=\"17,0,0\"><b>Yrityslahjat:<\/b> Laadukkaat talvilahjat ty\u00f6ntekij\u00f6ille ja avainasiakkaille.<\/p>\n<\/li>\n<li>\n<p data-path-to-node=\"17,1,0\"><b>Urheiluseurat:<\/b> V\u00e4ltt\u00e4m\u00e4tt\u00f6m\u00e4t joukkuevaatteet faneille ja pelaajille talviharjoitteluun.<\/p>\n<\/li>\n<li>\n<p data-path-to-node=\"17,2,0\"><b>Ulkoilmatapahtumat:<\/b> Pid\u00e4 tapahtuman henkil\u00f6kunta ja festivaalivieraat l\u00e4mpimin\u00e4 ja n\u00e4kyviss\u00e4.<\/p>\n<\/li>\n<li>\n<p data-path-to-node=\"17,3,0\"><b>V\u00e4hitt\u00e4iskauppatavarat:<\/b> Korkeakatteisia br\u00e4nd\u00e4ttyj\u00e4 tuotteita b\u00e4ndeille, panimoille ja muotibr\u00e4ndeille.<\/p>\n<\/li>\n<\/ul>","protected":false},"excerpt":{"rendered":"<ul data-path-to-node=\"9\">\n<li>\n<p data-path-to-node=\"9,0,0\"><b>Massiivinen valikoima:<\/b> Klassisista hihansuussa olevista pipoista ja trendikk\u00e4ist\u00e4 kalastajatyyleist\u00e4 ensiluokkaisiin palmikkoneuleisiin.<\/p>\n<\/li>\n<li>\n<p data-path-to-node=\"9,1,0\"><b>Ymp\u00e4rist\u00f6yst\u00e4v\u00e4lliset vaihtoehdot:<\/b> Saatavilla useita malleja sertifioidusta rPET-materiaalista (kierr\u00e4tysmuovi).<\/p>\n<\/li>\n<li>\n<p data-path-to-node=\"9,2,0\"><b>Mukautettu br\u00e4nd\u00e4ys:<\/b> Valitse brodeerattujen logojen tai kokonaan kudottujen \u201cJacquard\u201d-kuvioiden (2\u20134 v\u00e4ri\u00e4) v\u00e4lill\u00e4.<\/p>\n<\/li>\n<li>\n<p data-path-to-node=\"9,3,0\"><b>Talvivalmiina:<\/b> Vaihtoehtoihin kuuluvat fleecevuori, heijastavat langat ja l\u00e4mp\u00f6\u00e4 tuovat kaksikerroksiset neulokset.<\/p>\n<\/li>\n<\/ul>","protected":false},"featured_media":6355,"comment_status":"closed","ping_status":"closed","template":"","meta":[],"product_brand":[],"product_cat":[45],"product_tag":[],"class_list":{"0":"post-5968","1":"product","2":"type-product","3":"status-publish","4":"has-post-thumbnail","6":"product_cat-other","8":"first","9":"instock","10":"shipping-taxable","11":"purchasable","12":"product-type-simple"},"_links":{"self":[{"href":"https:\/\/displayproducts.eu\/fi\/wp-json\/wp\/v2\/product\/5968","targetHints":{"allow":["GET"]}}],"collection":[{"href":"https:\/\/displayproducts.eu\/fi\/wp-json\/wp\/v2\/product"}],"about":[{"href":"https:\/\/displayproducts.eu\/fi\/wp-json\/wp\/v2\/types\/product"}],"replies":[{"embeddable":true,"href":"https:\/\/displayproducts.eu\/fi\/wp-json\/wp\/v2\/comments?post=5968"}],"wp:featuredmedia":[{"embeddable":true,"href":"https:\/\/displayproducts.eu\/fi\/wp-json\/wp\/v2\/media\/6355"}],"wp:attachment":[{"href":"https:\/\/displayproducts.eu\/fi\/wp-json\/wp\/v2\/media?parent=5968"}],"wp:term":[{"taxonomy":"product_brand","embeddable":true,"href":"https:\/\/displayproducts.eu\/fi\/wp-json\/wp\/v2\/product_brand?post=5968"},{"taxonomy":"product_cat","embeddable":true,"href":"https:\/\/displayproducts.eu\/fi\/wp-json\/wp\/v2\/product_cat?post=5968"},{"taxonomy":"product_tag","embeddable":true,"href":"https:\/\/displayproducts.eu\/fi\/wp-json\/wp\/v2\/product_tag?post=5968"}],"curies":[{"name":"wp","href":"https:\/\/api.w.org\/{rel}","templated":true}]}}