{"id":5963,"date":"2025-12-16T15:28:54","date_gmt":"2025-12-16T12:28:54","guid":{"rendered":"https:\/\/wristbandfactory.eu\/?post_type=product&#038;p=5963"},"modified":"2026-04-01T21:52:35","modified_gmt":"2026-04-01T18:52:35","slug":"custom-printed-bucket-hats-polyester-reversible-corduroy","status":"publish","type":"product","link":"https:\/\/displayproducts.eu\/fi\/p\/custom-printed-bucket-hats-polyester-reversible-corduroy\/","title":{"rendered":"Painetut kalastajahatut"},"content":{"rendered":"<p data-path-to-node=\"11\"><b>Ikoniset p\u00e4\u00e4hineet br\u00e4ndin maksimaaliseen n\u00e4kyvyyteen<\/b> Meid\u00e4n <b>Mukautetut painetut kalanhatut<\/b> ovat kes\u00e4n ehdoton asuste festivaaleille, ulkoilmatapahtumiin ja yritystuotteiden kokoelmiin. Etsitp\u00e4 sitten kustannustehokasta lahjaa tai korkealaatuista v\u00e4hitt\u00e4ismyyntituotetta, valikoimamme kattaa kaikki tarpeet eloisilla neliv\u00e4risill\u00e4 painatuksilla ja ensiluokkaisilla kangasvaihtoehdoilla.<\/p>\n<p data-path-to-node=\"12\"><b>Saatavilla olevat mallit ja tyylit<\/b><\/p>\n<ul data-path-to-node=\"13\">\n<li>\n<p data-path-to-node=\"13,0,0\"><b>Vakiov\u00e4rinen (polyesteri)<\/b><\/p>\n<ul data-path-to-node=\"13,0,1\">\n<li>\n<p data-path-to-node=\"13,0,1,0,0\"><b>Kevyt:<\/b> 150 g\/m\u00b2 polyesteri\u00e4. T\u00e4ydellinen kuumille kes\u00e4p\u00e4iville ja massamarkkinointeihin.<\/p>\n<\/li>\n<li>\n<p data-path-to-node=\"13,0,1,1,0\"><b>Raskassarja:<\/b>\u00a0260 g\/m\u00b2 polyesteri\u00e4. Kest\u00e4v\u00e4mpi ja strukturoitu tuntuma, joka parantaa vastineen rahalle.<\/p>\n<\/li>\n<li>\n<p data-path-to-node=\"13,0,1,2,0\"><b>Tiedot:<\/b> Painettu ulkopuolelle ja sis\u00e4liereille. Mukana musta hikinauha.<\/p>\n<\/li>\n<\/ul>\n<\/li>\n<li>\n<p data-path-to-node=\"13,1,0\"><b>K\u00e4\u00e4nnett\u00e4v\u00e4t &quot;2-in-1&quot;-hatut<\/b><\/p>\n<ul data-path-to-node=\"13,1,1\">\n<li>\n<p data-path-to-node=\"13,1,1,0,0\"><b>(150 g\/m\u00b2) ja (260 g\/m\u00b2):<\/b> Tuplasti br\u00e4nd\u00e4ystehokkaampi! N\u00e4m\u00e4 hatut ovat t\u00e4ysin k\u00e4\u00e4nnett\u00e4vi\u00e4, joten niiss\u00e4 on kaksi t\u00e4ysin erilaista suunnitteluia sis\u00e4- ja ulkopuolelta. K\u00e4\u00e4nn\u00e4 hattu nurinp\u00e4in paljastaaksesi uuden ilmeen.<\/p>\n<\/li>\n<\/ul>\n<\/li>\n<li>\n<p data-path-to-node=\"13,2,0\"><b>Premium-tekstuuri (sametti)<\/b><\/p>\n<ul data-path-to-node=\"13,2,1\">\n<li>\n<p data-path-to-node=\"13,2,1,0,0\"><b>Klassinen korduroi:<\/b> 210 g\/m\u00b2 kangas, jossa on selke\u00e4 joustinneulos. Keskipaksu profiili.<\/p>\n<\/li>\n<li>\n<p data-path-to-node=\"13,2,1,1,0\"><b>Puuvillasametti:<\/b> 200 g\/m\u00b2 puuvillasekoitetta pehme\u00e4mm\u00e4n ja luonnollisemman tuntuman takaamiseksi.<\/p>\n<\/li>\n<li>\n<p data-path-to-node=\"13,2,1,2,0\"><b>Tyyli:<\/b> Retrohenkinen ulkoasu, t\u00e4ydellinen muotibr\u00e4ndeille ja katumuotiin.<\/p>\n<\/li>\n<\/ul>\n<\/li>\n<li>\n<p data-path-to-node=\"13,3,0\"><b>Erikoisvaihtoehdot<\/b><\/p>\n<ul data-path-to-node=\"13,3,1\">\n<li>\n<p data-path-to-node=\"13,3,1,0,0\"><b>Suuri lieri:<\/b> 200 g\/m\u00b2 polyesteri\u00e4, jossa pidennetty lieri lis\u00e4suojaa auringolta.<\/p>\n<\/li>\n<li>\n<p data-path-to-node=\"13,3,1,1,0\"><b>Brodeerattu vaihtoehto:<\/b> 170 g\/m\u00b2 polyesteri\u00e4, joka on erityisesti suunniteltu kirjontaan tai t\u00e4pl\u00e4painatukseen.<\/p>\n<\/li>\n<\/ul>\n<\/li>\n<\/ul>\n<p data-path-to-node=\"14\"><b>Tekniset tiedot ja mitoitus<\/b><\/p>\n<ul data-path-to-node=\"15\">\n<li>\n<p data-path-to-node=\"15,0,0\"><b>Painatus:<\/b> Koko pinnan CMYK-sublimaatiopainatus (polyesterimallit). Mahdollistaa fotorealistiset kuviot ja koko pinnan peitt\u00e4v\u00e4t kuviot.<\/p>\n<\/li>\n<li>\n<p data-path-to-node=\"15,1,0\"><b>Koot:<\/b><\/p>\n<ul data-path-to-node=\"15,1,1\">\n<li>\n<p data-path-to-node=\"15,1,1,0,0\"><b>Lapset:<\/b> 55 cm<\/p>\n<\/li>\n<li>\n<p data-path-to-node=\"15,1,1,1,0\"><b>Aikuinen vakiokoko:<\/b> 58 cm (sopii useimmille naisille ja miehille)<\/p>\n<\/li>\n<li>\n<p data-path-to-node=\"15,1,1,2,0\"><b>Suurikokoinen aikuinen:<\/b> 60 cm (rento istuvuus)<\/p>\n<\/li>\n<\/ul>\n<\/li>\n<li>\n<p data-path-to-node=\"15,2,0\"><b>Ilmanvaihto:<\/b> Ommellut, yhteensopivat silmukat (vakiopolyesterimalleissa) takaavat hengitt\u00e4vyyden l\u00e4mpimiss\u00e4 tilaisuuksissa.<\/p>\n<\/li>\n<li>\n<p data-path-to-node=\"15,3,0\"><b>Lierteen leveys:<\/b> Vakiovaihtoehdot 5,5 cm tai 7,5 cm (mallista riippuen).<\/p>\n<\/li>\n<\/ul>\n<p data-path-to-node=\"16\"><b>K\u00e4ytt\u00f6tapaukset<\/b><\/p>\n<ul data-path-to-node=\"17\">\n<li>\n<p data-path-to-node=\"17,0,0\"><b>Festivaalit ja konsertit:<\/b> N\u00e4kyvi\u00e4 tuotteita, joita fanit rakastavat k\u00e4ytt\u00e4\u00e4.<\/p>\n<\/li>\n<li>\n<p data-path-to-node=\"17,1,0\"><b>Urheilujoukkueet:<\/b> Yhten\u00e4inen etsint\u00e4 kannattajille ja seuran j\u00e4senille.<\/p>\n<\/li>\n<li>\n<p data-path-to-node=\"17,2,0\"><b>Opiskelijatapahtumat:<\/b> Orientaatiop\u00e4ivi\u00e4 ja yliopistotuotteita.<\/p>\n<\/li>\n<\/ul>","protected":false},"excerpt":{"rendered":"<ul>\n<li>\n<p data-path-to-node=\"9,0,0\"><b>Laaja valikoima:<\/b> Valitse kevyest\u00e4 (150 g\/m\u00b2) tai raskaasta (260 g\/m\u00b2) polyesterist\u00e4, k\u00e4\u00e4nnett\u00e4v\u00e4st\u00e4 mallista tai trendikk\u00e4\u00e4st\u00e4 korduroysta.<\/p>\n<\/li>\n<li>\n<p data-path-to-node=\"9,1,0\"><b>T\u00e4ysi mukautus:<\/b> Reunasta reunaan CMYK-sublimaatiopainatuspainatus rajattomille v\u00e4reille ja kuvioille.<\/p>\n<\/li>\n<li>\n<p data-path-to-node=\"9,2,0\"><b>T\u00e4ydellinen istuvuus:<\/b> Saatavilla koot lapsille (55 cm), aikuisille (58 cm) ja isolle (60 cm).<\/p>\n<\/li>\n<li>\n<p data-path-to-node=\"9,3,0\"><b>Monipuolinen:<\/b> Ihanteellinen kes\u00e4n festivaaleille, urheilutuotteille ja katumuotimerkeille.<\/p>\n<\/li>\n<\/ul>","protected":false},"featured_media":6365,"comment_status":"closed","ping_status":"closed","template":"","meta":[],"product_brand":[],"product_cat":[130],"product_tag":[],"class_list":{"0":"post-5963","1":"product","2":"type-product","3":"status-publish","4":"has-post-thumbnail","6":"product_cat-custom-headwear","8":"first","9":"instock","10":"shipping-taxable","11":"purchasable","12":"product-type-simple"},"_links":{"self":[{"href":"https:\/\/displayproducts.eu\/fi\/wp-json\/wp\/v2\/product\/5963","targetHints":{"allow":["GET"]}}],"collection":[{"href":"https:\/\/displayproducts.eu\/fi\/wp-json\/wp\/v2\/product"}],"about":[{"href":"https:\/\/displayproducts.eu\/fi\/wp-json\/wp\/v2\/types\/product"}],"replies":[{"embeddable":true,"href":"https:\/\/displayproducts.eu\/fi\/wp-json\/wp\/v2\/comments?post=5963"}],"wp:featuredmedia":[{"embeddable":true,"href":"https:\/\/displayproducts.eu\/fi\/wp-json\/wp\/v2\/media\/6365"}],"wp:attachment":[{"href":"https:\/\/displayproducts.eu\/fi\/wp-json\/wp\/v2\/media?parent=5963"}],"wp:term":[{"taxonomy":"product_brand","embeddable":true,"href":"https:\/\/displayproducts.eu\/fi\/wp-json\/wp\/v2\/product_brand?post=5963"},{"taxonomy":"product_cat","embeddable":true,"href":"https:\/\/displayproducts.eu\/fi\/wp-json\/wp\/v2\/product_cat?post=5963"},{"taxonomy":"product_tag","embeddable":true,"href":"https:\/\/displayproducts.eu\/fi\/wp-json\/wp\/v2\/product_tag?post=5963"}],"curies":[{"name":"wp","href":"https:\/\/api.w.org\/{rel}","templated":true}]}}