{"id":5938,"date":"2025-12-16T15:04:12","date_gmt":"2025-12-16T12:04:12","guid":{"rendered":"https:\/\/wristbandfactory.eu\/?post_type=product&#038;p=5938"},"modified":"2026-04-01T21:52:35","modified_gmt":"2026-04-01T18:52:35","slug":"custom-printed-multifunctional-multiscarfs-tubular-bandanas","status":"publish","type":"product","link":"https:\/\/displayproducts.eu\/fi\/p\/custom-printed-multifunctional-multiscarfs-tubular-bandanas\/","title":{"rendered":"Painetut monitoimihuivit"},"content":{"rendered":"<p data-path-to-node=\"7\">Saavuta maksimaalinen br\u00e4ndin\u00e4kyvyys mittatilausty\u00f6n\u00e4 painetuilla monitoimihuiveillamme, jotka ovat aktiivisiin el\u00e4m\u00e4ntapoihin sopiva monitoiminen asuste. N\u00e4m\u00e4 saumattomat huivit, jotka tunnetaan my\u00f6s nimell\u00e4 putkimaiset bandanat tai kaulahuivit, on suunniteltu mukaviksi ja toimiviksi kaikissa s\u00e4\u00e4olosuhteissa. Olipa kyseess\u00e4 maraton, hiihtokeskus tai yrityksen kes\u00e4retki, br\u00e4ndisi pysyy eturintamassa.<\/p>\n<p data-path-to-node=\"8\">Monitoimihuivimme valmistetaan korkealaatuisista kankaista, jotka on omalla painatuksella juuri sinun ymp\u00e4rist\u00f6\u00f6si. Kevyist\u00e4, hengitt\u00e4vist\u00e4 mikrokuiduista erikoistuneeseen kosteutta siirt\u00e4v\u00e4\u00e4n teknologiaan, tarjoamme t\u00e4ydellisen pohjan organisaatiosi identiteetille.<\/p>\n<h2 data-path-to-node=\"9\">T\u00e4rkeimm\u00e4t ominaisuudet<\/h2>\n<ul data-path-to-node=\"10\">\n<li>\n<p data-path-to-node=\"10,0,0\"><b data-path-to-node=\"10,0,0\" data-index-in-node=\"0\">Ter\u00e4v\u00e4piirtosublimaatiopainatus:<\/b> K\u00e4yt\u00e4mme CMYK-v\u00e4ripainatusta, jossa muste upotetaan suoraan kankaan kuituihin, mik\u00e4 varmistaa, ettei kuvio halkeile, irtoa tai haalistu.<\/p>\n<\/li>\n<li>\n<p data-path-to-node=\"10,1,0\"><b data-path-to-node=\"10,1,0\" data-index-in-node=\"0\">Saumaton rakenne:<\/b> Putkimainen muotoilu on valmistettu ilman \u00e4rsytt\u00e4vi\u00e4 saumoja, mik\u00e4 tarjoaa maksimaalisen mukavuuden sek\u00e4 p\u00e4ivitt\u00e4iseen k\u00e4ytt\u00f6\u00f6n ett\u00e4 intensiiviseen fyysiseen aktiivisuuteen.<\/p>\n<\/li>\n<li>\n<p data-path-to-node=\"10,2,0\"><b data-path-to-node=\"10,2,0\" data-index-in-node=\"0\">Poikkeuksellinen kest\u00e4vyys:<\/b> T\u00e4ysin pest\u00e4v\u00e4 ja uudelleenk\u00e4ytett\u00e4v\u00e4, s\u00e4ilytt\u00e4\u00e4 muotonsa ja v\u00e4rins\u00e4 my\u00f6s toistuvan kovan k\u00e4yt\u00f6n j\u00e4lkeen.<\/p>\n<\/li>\n<li>\n<p data-path-to-node=\"10,3,0\"><b data-path-to-node=\"10,3,0\" data-index-in-node=\"0\">Koko kauden suojaus:<\/b> Tarjoaa suojan tuulta, p\u00f6ly\u00e4, kylm\u00e4\u00e4 ja UV-s\u00e4teit\u00e4 vastaan valitusta materiaalista riippuen.<\/p>\n<\/li>\n<\/ul>\n<h2 data-path-to-node=\"11\">Tekniset tiedot<\/h2>\n<ul data-path-to-node=\"12\">\n<li>\n<p data-path-to-node=\"12,0,0\"><b data-path-to-node=\"12,0,0\" data-index-in-node=\"0\">Materiaalit:<\/b> Ilman painatusta polyesteri, kierr\u00e4tetty RPET, talvifleece, COOLMAX\u00ae (kosteutta siirt\u00e4v\u00e4) tai lycra (UPF50+).<\/p>\n<\/li>\n<li>\n<p data-path-to-node=\"12,1,0\"><b data-path-to-node=\"12,1,0\" data-index-in-node=\"0\">Koko:<\/b> Vakiokoko aikuisille (muokattuja kokoja saatavilla pyynn\u00f6st\u00e4).<\/p>\n<\/li>\n<li>\n<p data-path-to-node=\"12,2,0\"><b data-path-to-node=\"12,2,0\" data-index-in-node=\"0\">Painatus:<\/b> Moniv\u00e4rinen reunasta reunaan sublimaatiopainatus.<\/p>\n<\/li>\n<li>\n<p data-path-to-node=\"12,3,0\"><b data-path-to-node=\"12,3,0\" data-index-in-node=\"0\">Minimitilausm\u00e4\u00e4r\u00e4:<\/b> 100 yksikk\u00f6\u00e4.<\/p>\n<\/li>\n<li>\n<p data-path-to-node=\"12,4,0\"><b data-path-to-node=\"12,4,0\" data-index-in-node=\"0\">Huolto:<\/b> Konepest\u00e4v\u00e4, nopeasti kuivuva.<\/p>\n<\/li>\n<\/ul>\n<h2 data-path-to-node=\"13\">K\u00e4ytt\u00f6tapaukset<\/h2>\n<ul data-path-to-node=\"14\">\n<li>\n<p data-path-to-node=\"14,0,0\"><b data-path-to-node=\"14,0,0\" data-index-in-node=\"0\">Urheilu ja kuntoilu:<\/b> V\u00e4ltt\u00e4m\u00e4tt\u00f6m\u00e4t varusteet juoksukerhoille, py\u00f6r\u00e4ilyjoukkueille ja kuntosalituotteille.<\/p>\n<\/li>\n<li>\n<p data-path-to-node=\"14,1,0\"><b data-path-to-node=\"14,1,0\" data-index-in-node=\"0\">Ulkoilmatapahtumat ja festivaalit:<\/b> K\u00e4yt\u00e4nn\u00f6llisi\u00e4 ja tyylikk\u00e4it\u00e4 lahjoja konsertteihin, vaellusryhmille ja ulkoilmafestivaaleille.<\/p>\n<\/li>\n<li>\n<p data-path-to-node=\"14,2,0\"><b data-path-to-node=\"14,2,0\" data-index-in-node=\"0\">Yritysten yhteiskuntavastuu:<\/b> Valitse RPET-materiaalivaihtoehtomme kest\u00e4v\u00e4\u00e4n yrityslahjoitukseen, joka on linjassa ymp\u00e4rist\u00f6yst\u00e4v\u00e4llisten arvojen kanssa.<\/p>\n<\/li>\n<li>\n<p data-path-to-node=\"14,3,0\"><b data-path-to-node=\"14,3,0\" data-index-in-node=\"0\">Talvimatkailu:<\/b> T\u00e4ydellinen hiihtokouluille, lomakeskuksille ja talviurheilun markkinointiin.<\/p>\n<\/li>\n<\/ul>","protected":false},"excerpt":{"rendered":"<ul>\n<li>\n<p data-path-to-node=\"6,0,0\"><b data-path-to-node=\"6,0,0\" data-index-in-node=\"0\">10+ tapaa k\u00e4ytt\u00e4\u00e4:<\/b> Eritt\u00e4in monipuolinen muotoilu, joka toimii kaulapantana, p\u00e4\u00e4pantana, kasvonaamiona, pipona tai rannekkeena.<\/p>\n<\/li>\n<li>\n<p data-path-to-node=\"6,1,0\"><b data-path-to-node=\"6,1,0\" data-index-in-node=\"0\">Ensiluokkainen materiaalivalikoima:<\/b> Valitse tavallisesta mikrokuidusta, ymp\u00e4rist\u00f6yst\u00e4v\u00e4llisest\u00e4 RPET:st\u00e4 (kierr\u00e4tysmuovi), talvifleecest\u00e4 tai korkealaatuisesta Coolmax\u00ae:sta.<\/p>\n<\/li>\n<li>\n<p data-path-to-node=\"6,2,0\"><b data-path-to-node=\"6,2,0\" data-index-in-node=\"0\">Koko pinnan r\u00e4\u00e4t\u00e4l\u00f6inti:<\/b> Reunasta reunaan sublimaatiopainatuspainatus mahdollistaa rajattomat v\u00e4rit, liukuv\u00e4rit ja valokuvalliset yksityiskohdat, jotka eiv\u00e4t koskaan haalistu.<\/p>\n<\/li>\n<li>\n<p data-path-to-node=\"6,3,0\"><b data-path-to-node=\"6,3,0\" data-index-in-node=\"0\">Ammattimainen B2B-valinta:<\/b> Ihanteellinen urheilujoukkueille, ulkoilmatapahtumiin ja yrityslahjoille, ja v\u00e4himm\u00e4istilausm\u00e4\u00e4r\u00e4 on 100 kappaletta.<\/p>\n<\/li>\n<\/ul>","protected":false},"featured_media":6373,"comment_status":"closed","ping_status":"closed","template":"","meta":[],"product_brand":[],"product_cat":[123,118],"product_tag":[],"class_list":{"0":"post-5938","1":"product","2":"type-product","3":"status-publish","4":"has-post-thumbnail","6":"product_cat-fan-cheering-items","7":"product_cat-sports-fitness","9":"first","10":"instock","11":"shipping-taxable","12":"purchasable","13":"product-type-simple"},"_links":{"self":[{"href":"https:\/\/displayproducts.eu\/fi\/wp-json\/wp\/v2\/product\/5938","targetHints":{"allow":["GET"]}}],"collection":[{"href":"https:\/\/displayproducts.eu\/fi\/wp-json\/wp\/v2\/product"}],"about":[{"href":"https:\/\/displayproducts.eu\/fi\/wp-json\/wp\/v2\/types\/product"}],"replies":[{"embeddable":true,"href":"https:\/\/displayproducts.eu\/fi\/wp-json\/wp\/v2\/comments?post=5938"}],"wp:featuredmedia":[{"embeddable":true,"href":"https:\/\/displayproducts.eu\/fi\/wp-json\/wp\/v2\/media\/6373"}],"wp:attachment":[{"href":"https:\/\/displayproducts.eu\/fi\/wp-json\/wp\/v2\/media?parent=5938"}],"wp:term":[{"taxonomy":"product_brand","embeddable":true,"href":"https:\/\/displayproducts.eu\/fi\/wp-json\/wp\/v2\/product_brand?post=5938"},{"taxonomy":"product_cat","embeddable":true,"href":"https:\/\/displayproducts.eu\/fi\/wp-json\/wp\/v2\/product_cat?post=5938"},{"taxonomy":"product_tag","embeddable":true,"href":"https:\/\/displayproducts.eu\/fi\/wp-json\/wp\/v2\/product_tag?post=5938"}],"curies":[{"name":"wp","href":"https:\/\/api.w.org\/{rel}","templated":true}]}}