{"id":5935,"date":"2025-12-16T13:44:25","date_gmt":"2025-12-16T10:44:25","guid":{"rendered":"https:\/\/wristbandfactory.eu\/?post_type=product&#038;p=5935"},"modified":"2026-04-01T21:52:03","modified_gmt":"2026-04-01T18:52:03","slug":"soft-pvc-nfc-keychains-custom-shape-full-color","status":"publish","type":"product","link":"https:\/\/displayproducts.eu\/fi\/p\/soft-pvc-nfc-keychains-custom-shape-full-color\/","title":{"rendered":"Pehme\u00e4t PVC-avaimenper\u00e4t NFC \u2013 Oma muoto"},"content":{"rendered":"<p data-path-to-node=\"17\">Muunna klassinen mainostuote tehokkaaksi digitaalisen markkinoinnin ty\u00f6kaluksi. R\u00e4\u00e4t\u00e4l\u00f6idyt pehme\u00e4t PVC:st\u00e4 valmistetut NFC-avaimenper\u00e4mme yhdist\u00e4v\u00e4t kest\u00e4v\u00e4n ja mittatilausty\u00f6n\u00e4 tehdyn kumisen avaimenper\u00e4n tuntuman edistyneeseen kontaktittomaan teknologiaan. N\u00e4m\u00e4 avaimenper\u00e4t sopivat ihanteellisesti nykyaikaisiin markkinointikampanjoihin, sill\u00e4 niiden avulla k\u00e4ytt\u00e4j\u00e4t voivat napauttaa \u00e4lypuhelintaan p\u00e4\u00e4st\u00e4kseen v\u00e4litt\u00f6m\u00e4sti verkkosivustollesi, sovellukseesi tai kanta-asiakasohjelmaasi.<\/p>\n<p data-path-to-node=\"18\"><b>T\u00e4ysin omalla painatuksella muoto ja muotoilu<\/b> \u00c4l\u00e4 tyydy tavallisiin geometrisiin muotoihin. Me muovaamme n\u00e4m\u00e4 avaimenper\u00e4t <b>tietty logosi tai tuotteen muoto<\/b> (jopa 5 \u00d7 5 cm). Valmistettu korkealaatuisesta pehme\u00e4st\u00e4 PVC:st\u00e4, materiaali on kest\u00e4v\u00e4, joustava ja pehme\u00e4 koskettaa. Suunnittelusi toistetaan eloisina, t\u00e4ysv\u00e4risin\u00e4 molemmilta puolilta, mik\u00e4 varmistaa br\u00e4ndisi maksimaalisen n\u00e4kyvyyden joka kulmasta.<\/p>\n<p data-path-to-node=\"19\"><b>\u00c4lyk\u00e4s NFC-integraatio<\/b> PVC-kerrosten sis\u00e4ll\u00e4 on piilotettu ohjelmoitava NFC-siru, jossa on 2,5 x 2,5 cm:n antenni. T\u00e4m\u00e4 mahdollistaa &quot;Tap &amp; Go&quot; -kokemuksen ilman paristoja tai latausta.<\/p>\n<ul data-path-to-node=\"20\">\n<li>\n<p data-path-to-node=\"20,0,0\"><b>Markkinointi:<\/b> Ohjaa liikennett\u00e4 laskeutumissivullesi tai sosiaaliseen mediaan.<\/p>\n<\/li>\n<li>\n<p data-path-to-node=\"20,1,0\"><b>Tapahtumat:<\/b> K\u00e4yt\u00e4 digitaalisiin ilmoittautumisiin tai kilpailuihin osallistumiseen.<\/p>\n<\/li>\n<li>\n<p data-path-to-node=\"20,2,0\"><b>Uskollisuus:<\/b> Ota k\u00e4ytt\u00f6\u00f6n asiakaspalkkioiden v\u00e4lit\u00f6n skannaus.<\/p>\n<\/li>\n<\/ul>\n<p data-path-to-node=\"21\"><b>Pakkausvaihtoehdot<\/b><\/p>\n<ul data-path-to-node=\"22\">\n<li>\n<p data-path-to-node=\"22,0,0\"><b>Standardi:<\/b> Yksitt\u00e4in k\u00e4\u00e4ritty suojaavaan paperiin tarttumisen est\u00e4miseksi.<\/p>\n<\/li>\n<li>\n<p data-path-to-node=\"22,1,0\"><b>Valmis v\u00e4hitt\u00e4ismyyntiin:<\/b> Valinnainen moniv\u00e4rinen kaksipuolinen paperikortti muovipussissa ensiluokkaista avauskokemusta varten.<\/p>\n<\/li>\n<\/ul>\n<p data-path-to-node=\"23\"><b>T\u00e4rkeimm\u00e4t ominaisuudet:<\/b><\/p>\n<ul data-path-to-node=\"24\">\n<li>\n<p data-path-to-node=\"24,0,0\"><b>Materiaali:<\/b> Ftalaatiton pehme\u00e4 PVC.<\/p>\n<\/li>\n<li>\n<p data-path-to-node=\"24,1,0\"><b>Tekniikka:<\/b> Sis\u00e4\u00e4nrakennettu NFC-siru (yhteensopiva useimpien nykyaikaisten \u00e4lypuhelimien kanssa).<\/p>\n<\/li>\n<li>\n<p data-path-to-node=\"24,2,0\"><b>Mukauttaminen:<\/b> 100% mukautettu ulkomuoto.<\/p>\n<\/li>\n<li>\n<p data-path-to-node=\"24,3,0\"><b>Kest\u00e4vyys:<\/b> Vedenpit\u00e4v\u00e4 ja naarmuuntumaton pinta.<\/p>\n<\/li>\n<li>\n<p data-path-to-node=\"24,4,0\"><b>Tukku:<\/b> Irtotavarana pakattu helppoa jakelua varten.<\/p>\n<\/li>\n<\/ul>","protected":false},"excerpt":{"rendered":"<ul data-path-to-node=\"13\">\n<li>\n<p data-path-to-node=\"13,0,0\"><b>Materiaali:<\/b> Pehme\u00e4\u00e4 ja joustavaa PVC-kumia omaan mittatilausty\u00f6n\u00e4 tehtyn\u00e4 (enint\u00e4\u00e4n 5 \u00d7 5 cm).<\/p>\n<\/li>\n<li>\n<p data-path-to-node=\"13,1,0\"><b>Teknologia:<\/b> Integroitu NFC-siru (2,5 \u00d7 2,5 cm antenni) digitaaliseen k\u00e4ytt\u00f6\u00f6n.<\/p>\n<\/li>\n<li>\n<p data-path-to-node=\"13,2,0\"><b>Suunnittelu:<\/b> Moniv\u00e4rinen painatus molemmilla puolilla (sama suunnittelu).<\/p>\n<\/li>\n<li>\n<p data-path-to-node=\"13,3,0\"><b>K\u00e4ytt\u00f6tapaus:<\/b> Sovellusten julkaisuja, kanta-asiakasohjelmia ja sosiaalisen median linkkej\u00e4.<\/p>\n<\/li>\n<\/ul>","protected":false},"featured_media":6380,"comment_status":"closed","ping_status":"closed","template":"","meta":[],"product_brand":[],"product_cat":[94],"product_tag":[],"class_list":{"0":"post-5935","1":"product","2":"type-product","3":"status-publish","4":"has-post-thumbnail","6":"product_cat-keychains","8":"first","9":"instock","10":"shipping-taxable","11":"purchasable","12":"product-type-simple"},"_links":{"self":[{"href":"https:\/\/displayproducts.eu\/fi\/wp-json\/wp\/v2\/product\/5935","targetHints":{"allow":["GET"]}}],"collection":[{"href":"https:\/\/displayproducts.eu\/fi\/wp-json\/wp\/v2\/product"}],"about":[{"href":"https:\/\/displayproducts.eu\/fi\/wp-json\/wp\/v2\/types\/product"}],"replies":[{"embeddable":true,"href":"https:\/\/displayproducts.eu\/fi\/wp-json\/wp\/v2\/comments?post=5935"}],"wp:featuredmedia":[{"embeddable":true,"href":"https:\/\/displayproducts.eu\/fi\/wp-json\/wp\/v2\/media\/6380"}],"wp:attachment":[{"href":"https:\/\/displayproducts.eu\/fi\/wp-json\/wp\/v2\/media?parent=5935"}],"wp:term":[{"taxonomy":"product_brand","embeddable":true,"href":"https:\/\/displayproducts.eu\/fi\/wp-json\/wp\/v2\/product_brand?post=5935"},{"taxonomy":"product_cat","embeddable":true,"href":"https:\/\/displayproducts.eu\/fi\/wp-json\/wp\/v2\/product_cat?post=5935"},{"taxonomy":"product_tag","embeddable":true,"href":"https:\/\/displayproducts.eu\/fi\/wp-json\/wp\/v2\/product_tag?post=5935"}],"curies":[{"name":"wp","href":"https:\/\/api.w.org\/{rel}","templated":true}]}}