{"id":5824,"date":"2025-12-11T12:42:06","date_gmt":"2025-12-11T09:42:06","guid":{"rendered":"https:\/\/wristbandfactory.eu\/?post_type=product&#038;p=5824"},"modified":"2026-04-01T21:52:35","modified_gmt":"2026-04-01T18:52:35","slug":"embossed-silicone-wristbands-raised-3d-effect","status":"publish","type":"product","link":"https:\/\/displayproducts.eu\/fi\/p\/embossed-silicone-wristbands-raised-3d-effect\/","title":{"rendered":"Silikonirannekkeet \u2013 Kohokuvio \/ 3D"},"content":{"rendered":"<p data-path-to-node=\"10\"><b>Erotu joukosta 3D-viimeistelyll\u00e4<\/b><\/p>\n<p data-path-to-node=\"11\"><b>Kohokuvioidut silikonirannekkeet<\/b> tarjoavat ainutlaatuisen ilmeen klassiselle hyv\u00e4ntekev\u00e4isyysrannekkeelle. Sen sijaan, ett\u00e4 kaivertaisimme tekstin sis\u00e4\u00e4np\u00e4in, k\u00e4yt\u00e4mme omalla painatuksella\u00e4 muottia nostaaksemme suunnitteluisi yl\u00f6sp\u00e4in rannekkeesta. T\u00e4m\u00e4 luo silmiinpist\u00e4v\u00e4n ilmeen. <b>3D-reliefiefekti<\/b> joka on sek\u00e4 visuaalisesti ett\u00e4 tuntuisesti erottuva.<\/p>\n<p data-path-to-node=\"12\"><b>Miten se on tehty<\/b> Valmistamme n\u00e4m\u00e4 rannekkeet erikoisella muovausprosessilla, jossa silikoni puristetaan muotoon, joka luo kohokuvioidun kirjaimen. Koska logo on valmistettu samasta silikonimateriaalista kuin itse ranneke, se on <b>fyysisesti pysyv\u00e4<\/b> eik\u00e4 se voi halkeilla, kuoriutua tai haalistua.<\/p>\n<p data-path-to-node=\"13\"><b>Muotoilutyyli<\/b> Kohokuvioidut raidat valmistetaan tyypillisesti yksiv\u00e4risin\u00e4 (monotonisina), jolloin kohoteksti luo hienovaraisen varjoefektin. T\u00e4m\u00e4 johtaa <b>puhdas, moderni ja hillitty ilme<\/b> joka on suosittu yritystapahtumissa, kuntosalij\u00e4senyyksiss\u00e4 ja premium-br\u00e4ndien aktivoinneissa.<\/p>\n<p data-path-to-node=\"14\"><b>Mukauttaminen<\/b><\/p>\n<ul data-path-to-node=\"15\">\n<li>\n<p data-path-to-node=\"15,0,0\"><b>V\u00e4ri:<\/b> Yhdist\u00e4 nauha mihin tahansa Pantone (PMS) -v\u00e4rikarttaan.<\/p>\n<\/li>\n<li>\n<p data-path-to-node=\"15,1,0\"><b>Teksti:<\/b> Sopii parhaiten lihavoituille fonteille ja yksinkertaisille logoille (pieni\u00e4 yksityiskohtia on vaikeampi korostaa).<\/p>\n<\/li>\n<\/ul>\n<p data-path-to-node=\"16\"><b>T\u00e4rkeimm\u00e4t ominaisuudet:<\/b><\/p>\n<ul data-path-to-node=\"17\">\n<li>\n<p data-path-to-node=\"17,0,0\"><b>Tyyli:<\/b> Kaiverrettu (3D-kohokuvio).<\/p>\n<\/li>\n<li>\n<p data-path-to-node=\"17,1,0\"><b>Materiaali:<\/b> 100% l\u00e4\u00e4ketieteellisen luokan silikoni.<\/p>\n<\/li>\n<li>\n<p data-path-to-node=\"17,2,0\"><b>Kest\u00e4vyys:<\/b> \u00c4\u00e4rimm\u00e4inen (Ei hierottavaa mustetta).<\/p>\n<\/li>\n<li>\n<p data-path-to-node=\"17,3,0\"><b>Vaikutus:<\/b> Huippuluokan, hienovarainen br\u00e4nd\u00e4ys.<\/p>\n<\/li>\n<\/ul>","protected":false},"excerpt":{"rendered":"<ul>\n<li>\n<p data-path-to-node=\"8,0,0\"><b>Kohotettu 3D-efekti:<\/b> Logosi ja tekstisi erottuvat fyysisesti rannekkeen pinnasta.<\/p>\n<\/li>\n<li>\n<p data-path-to-node=\"8,1,0\"><b>Taktiilinen kokemus:<\/b> Tarjoaa ainutlaatuisen, &quot;kuoppaisen&quot; pinnan, jonka k\u00e4ytt\u00e4j\u00e4t voivat tuntea.<\/p>\n<\/li>\n<li>\n<p data-path-to-node=\"8,2,0\"><b>Pysyv\u00e4 br\u00e4nd\u00e4ys:<\/b> Muotoilu on valettu rannekkeeseen, joten se ei koskaan haalistu tai kulu pois.<\/p>\n<\/li>\n<li>\n<p data-path-to-node=\"8,3,0\"><b>Hienovarainen ja ensiluokkainen:<\/b> Ihanteellinen br\u00e4ndeille, jotka haluavat hienostuneen, yksiv\u00e4risen ilmeen ilman mustetta<\/p>\n<\/li>\n<\/ul>","protected":false},"featured_media":5825,"comment_status":"closed","ping_status":"closed","template":"","meta":[],"product_brand":[],"product_cat":[49],"product_tag":[],"class_list":{"0":"post-5824","1":"product","2":"type-product","3":"status-publish","4":"has-post-thumbnail","6":"product_cat-silicone","8":"first","9":"instock","10":"shipping-taxable","11":"purchasable","12":"product-type-simple"},"_links":{"self":[{"href":"https:\/\/displayproducts.eu\/fi\/wp-json\/wp\/v2\/product\/5824","targetHints":{"allow":["GET"]}}],"collection":[{"href":"https:\/\/displayproducts.eu\/fi\/wp-json\/wp\/v2\/product"}],"about":[{"href":"https:\/\/displayproducts.eu\/fi\/wp-json\/wp\/v2\/types\/product"}],"replies":[{"embeddable":true,"href":"https:\/\/displayproducts.eu\/fi\/wp-json\/wp\/v2\/comments?post=5824"}],"wp:featuredmedia":[{"embeddable":true,"href":"https:\/\/displayproducts.eu\/fi\/wp-json\/wp\/v2\/media\/5825"}],"wp:attachment":[{"href":"https:\/\/displayproducts.eu\/fi\/wp-json\/wp\/v2\/media?parent=5824"}],"wp:term":[{"taxonomy":"product_brand","embeddable":true,"href":"https:\/\/displayproducts.eu\/fi\/wp-json\/wp\/v2\/product_brand?post=5824"},{"taxonomy":"product_cat","embeddable":true,"href":"https:\/\/displayproducts.eu\/fi\/wp-json\/wp\/v2\/product_cat?post=5824"},{"taxonomy":"product_tag","embeddable":true,"href":"https:\/\/displayproducts.eu\/fi\/wp-json\/wp\/v2\/product_tag?post=5824"}],"curies":[{"name":"wp","href":"https:\/\/api.w.org\/{rel}","templated":true}]}}