{"id":5822,"date":"2025-12-11T12:39:16","date_gmt":"2025-12-11T09:39:16","guid":{"rendered":"https:\/\/wristbandfactory.eu\/?post_type=product&#038;p=5822"},"modified":"2026-04-01T21:52:35","modified_gmt":"2026-04-01T18:52:35","slug":"debossed-silicone-wristbands-colour-filled-engraved","status":"publish","type":"product","link":"https:\/\/displayproducts.eu\/fi\/p\/debossed-silicone-wristbands-colour-filled-engraved\/","title":{"rendered":"Silikonirannekkeet \u2013 Kaiverretut \/ V\u00e4rit\u00e4yt\u00f6ll\u00e4"},"content":{"rendered":"<p data-path-to-node=\"10\"><b>Pitk\u00e4ik\u00e4isyyden alan standardi<\/b><\/p>\n<p data-path-to-node=\"11\"><b>Kohokuvioidut v\u00e4rilliset rannekkeet<\/b> ovat ensiluokkainen valinta br\u00e4ndeille ja organisaatioille, jotka vaativat rannekkeen kest\u00e4v\u00e4n. Toisin kuin tavallisissa painetuissa rannekkeissa, joissa muste on pinnalla, n\u00e4m\u00e4 rannekkeet k\u00e4yv\u00e4t l\u00e4pi kaksivaiheisen valmistusprosessin, jotta viestisi kest\u00e4\u00e4 yht\u00e4 kauan kuin itse ranneke.<\/p>\n<p data-path-to-node=\"12\"><b>Miten se on tehty<\/b><\/p>\n<ol start=\"1\" data-path-to-node=\"13\">\n<li>\n<p data-path-to-node=\"13,0,0\"><b>Kaiverrus (kohopainatus):<\/b> Luomme mittatilausty\u00f6n\u00e4 muotin, jolla kaiverramme logosi ja tekstisi syv\u00e4lle silikonirenkaaseen.<\/p>\n<\/li>\n<li>\n<p data-path-to-node=\"13,1,0\"><b>V\u00e4rillinen t\u00e4ytt\u00f6:<\/b> Syvennykset t\u00e4ytet\u00e4\u00e4n sitten manuaalisesti erikoisella, kest\u00e4v\u00e4ll\u00e4 silikonimusteella, jossa on kontrastiv\u00e4ri.<\/p>\n<\/li>\n<\/ol>\n<p data-path-to-node=\"14\"><b>Miksi valita Debossed?<\/b> Koska rakenne on upotettu pinnan alle, se on fyysisesti suojattu kitkalta ja kulumiselta. T\u00e4m\u00e4 tekee siit\u00e4 ainoan k\u00e4ytt\u00f6kelpoisen vaihtoehdon <b>pitk\u00e4n aikav\u00e4lin tiedotuskampanjat, kouluhenkituotteet ja varainkeruut<\/b> jossa ranneketta k\u00e4ytet\u00e4\u00e4n p\u00e4ivitt\u00e4in kuukausien tai jopa vuosien ajan.<\/p>\n<p data-path-to-node=\"15\"><b>Mukauttaminen<\/b> Voimme sovittaa silikonirannekkeen mihin tahansa <b>Pantone (PMS)<\/b> v\u00e4rit\u00e4 ja t\u00e4yt\u00e4 kaiverrettu teksti mill\u00e4 tahansa kontrastisella Pantone-s\u00e4vyll\u00e4, joka sopii t\u00e4ydellisesti br\u00e4ndi-identiteettiisi.<\/p>\n<p data-path-to-node=\"16\"><b>T\u00e4rkeimm\u00e4t ominaisuudet:<\/b><\/p>\n<ul data-path-to-node=\"17\">\n<li>\n<p data-path-to-node=\"17,0,0\"><b>Tyyli:<\/b> Upotettu ja musteella t\u00e4ytetty.<\/p>\n<\/li>\n<li>\n<p data-path-to-node=\"17,1,0\"><b>Materiaali:<\/b> 100% l\u00e4\u00e4ketieteellisen luokan silikoni.<\/p>\n<\/li>\n<li>\n<p data-path-to-node=\"17,2,0\"><b>Kest\u00e4vyys:<\/b> Extreme (kulutusta kest\u00e4v\u00e4 muotoilu).<\/p>\n<\/li>\n<li>\n<p data-path-to-node=\"17,3,0\"><b>Koot:<\/b> Aikuiset (202 mm) ja nuoret (180 mm).<\/p>\n<\/li>\n<\/ul>","protected":false},"excerpt":{"rendered":"<ul>\n<li>\n<p data-path-to-node=\"8,0,0\"><b>Maksimaalinen kest\u00e4vyys:<\/b> Logosi on syv\u00e4kaiverrettu (koottu) silikoniin, joten sit\u00e4 ei voi hankaamalla irrottaa.<\/p>\n<\/li>\n<li>\n<p data-path-to-node=\"8,1,0\"><b>V\u00e4ri t\u00e4ytetty:<\/b> Kaiverrettu teksti on t\u00e4ytetty kontrastiv\u00e4risell\u00e4 silikonimusteella, joka antaa sille eloisan ja vaikuttavan ilmeen.<\/p>\n<\/li>\n<li>\n<p data-path-to-node=\"8,2,0\"><b>Ensiluokkainen tuntuma:<\/b> Tarjoaa tuntuvan, 3D-viimeistelyn, joka yhdistet\u00e4\u00e4n usein korkealuokkaisiin hyv\u00e4ntekev\u00e4isyyskampanjoihin (esim. Livestrong).<\/p>\n<\/li>\n<li>\n<p data-path-to-node=\"8,3,0\"><b>Pysyv\u00e4 br\u00e4nd\u00e4ys:<\/b> Ihanteellinen pitk\u00e4aikaiseen k\u00e4ytt\u00f6\u00f6n (kuukausia tai vuosia) haalistumatta.<\/p>\n<\/li>\n<\/ul>","protected":false},"featured_media":5823,"comment_status":"closed","ping_status":"closed","template":"","meta":[],"product_brand":[],"product_cat":[49],"product_tag":[],"class_list":{"0":"post-5822","1":"product","2":"type-product","3":"status-publish","4":"has-post-thumbnail","6":"product_cat-silicone","8":"first","9":"instock","10":"shipping-taxable","11":"purchasable","12":"product-type-simple"},"_links":{"self":[{"href":"https:\/\/displayproducts.eu\/fi\/wp-json\/wp\/v2\/product\/5822","targetHints":{"allow":["GET"]}}],"collection":[{"href":"https:\/\/displayproducts.eu\/fi\/wp-json\/wp\/v2\/product"}],"about":[{"href":"https:\/\/displayproducts.eu\/fi\/wp-json\/wp\/v2\/types\/product"}],"replies":[{"embeddable":true,"href":"https:\/\/displayproducts.eu\/fi\/wp-json\/wp\/v2\/comments?post=5822"}],"wp:featuredmedia":[{"embeddable":true,"href":"https:\/\/displayproducts.eu\/fi\/wp-json\/wp\/v2\/media\/5823"}],"wp:attachment":[{"href":"https:\/\/displayproducts.eu\/fi\/wp-json\/wp\/v2\/media?parent=5822"}],"wp:term":[{"taxonomy":"product_brand","embeddable":true,"href":"https:\/\/displayproducts.eu\/fi\/wp-json\/wp\/v2\/product_brand?post=5822"},{"taxonomy":"product_cat","embeddable":true,"href":"https:\/\/displayproducts.eu\/fi\/wp-json\/wp\/v2\/product_cat?post=5822"},{"taxonomy":"product_tag","embeddable":true,"href":"https:\/\/displayproducts.eu\/fi\/wp-json\/wp\/v2\/product_tag?post=5822"}],"curies":[{"name":"wp","href":"https:\/\/api.w.org\/{rel}","templated":true}]}}