{"id":5820,"date":"2025-12-11T12:35:46","date_gmt":"2025-12-11T09:35:46","guid":{"rendered":"https:\/\/wristbandfactory.eu\/?post_type=product&#038;p=5820"},"modified":"2026-04-01T21:52:03","modified_gmt":"2026-04-01T18:52:03","slug":"printed-silicone-wristbands-custom-screen-print","status":"publish","type":"product","link":"https:\/\/displayproducts.eu\/fi\/p\/printed-silicone-wristbands-custom-screen-print\/","title":{"rendered":"Silikonirannekkeet \u2013 Painetut \/ Logolla"},"content":{"rendered":"<p data-path-to-node=\"12\"><b>Klassinen valinta mainosbr\u00e4nd\u00e4ykseen<\/b><\/p>\n<p data-path-to-node=\"13\"><b>Painetut silikonirannekkeet<\/b> ovat suosituin valinta markkinointikampanjoihin, messuille ja tapahtumiin, joissa n\u00e4kyvyys ja budjetti ovat keskeisi\u00e4 prioriteetteja. Toisin kuin kaiverretut nauhat, n\u00e4iss\u00e4 on oma suunnitteluisi. <b>silkkipainettu suoraan sile\u00e4lle pinnalle<\/b> silikonista, mik\u00e4 tarjoaa ter\u00e4v\u00e4n ja puhtaan viimeistelyn, joka her\u00e4tt\u00e4\u00e4 huomiota.<\/p>\n<p data-path-to-node=\"14\"><b>Rajattomat v\u00e4rivaihtoehdot<\/b> Tarjoamme t\u00e4yden r\u00e4\u00e4t\u00e4l\u00f6intimahdollisuuden. Voit valita mink\u00e4 tahansa <b>Pantone-v\u00e4ri (PMS)<\/b> itse silikonirannekkeelle ja valitse logolle ja tekstille kontrastiv\u00e4rinen muste. T\u00e4m\u00e4 varmistaa, ett\u00e4 100% sopii yrityksesi identiteettiin.<\/p>\n<p data-path-to-node=\"15\"><b>Materiaali ja mukavuus<\/b> Valmistettu <b>100% korkealaatuinen, lateksiton silikoni<\/b>, N\u00e4m\u00e4 rannekkeet ovat vedenpit\u00e4vi\u00e4, l\u00e4mm\u00f6nkest\u00e4vi\u00e4 ja riitt\u00e4v\u00e4n mukavia koko p\u00e4iv\u00e4n k\u00e4ytt\u00f6\u00f6n. Ne ovat riitt\u00e4v\u00e4n kest\u00e4vi\u00e4 usean p\u00e4iv\u00e4n tapahtumiin, mutta ne on ensisijaisesti suunniteltu kustannustehokkaiksi mainostuotteiksi.<\/p>\n<p data-path-to-node=\"16\"><i>Huomautus: Pitk\u00e4aikaiseen p\u00e4ivitt\u00e4iseen k\u00e4ytt\u00f6\u00f6n (kuukausia\/vuosia) suosittelemme kaiverrettuja rannekkeitamme, koska pintapainatus voi ajan my\u00f6t\u00e4 kulua pois voimakkaan kitkan vuoksi.<\/i><\/p>\n<p data-path-to-node=\"17\"><b>T\u00e4rkeimm\u00e4t ominaisuudet:<\/b><\/p>\n<ul data-path-to-node=\"18\">\n<li>\n<p data-path-to-node=\"18,0,0\"><b>Menetelm\u00e4:<\/b> Korkean tarkkuuden silkkipaino.<\/p>\n<\/li>\n<li>\n<p data-path-to-node=\"18,1,0\"><b>Materiaali:<\/b> 100% Pehme\u00e4 silikoni (myrkyt\u00f6n).<\/p>\n<\/li>\n<li>\n<p data-path-to-node=\"18,2,0\"><b>Koko:<\/b> Normaali aikuisten (202x12x2 mm) ja nuorten (180x12x2 mm).<\/p>\n<\/li>\n<li>\n<p data-path-to-node=\"18,3,0\"><b>K\u00e4ytt\u00f6tapaus:<\/b> Arvonnat, tiedotuskampanjat, festivaalit.<\/p>\n<\/li>\n<\/ul>","protected":false},"excerpt":{"rendered":"<ul data-path-to-node=\"10\">\n<li>\n<p data-path-to-node=\"10,0,0\"><b>Hyv\u00e4 n\u00e4kyvyys:<\/b> Ter\u00e4v\u00e4 silkkipainatus saa logosi erottumaan selv\u00e4sti pinnalla.<\/p>\n<\/li>\n<li>\n<p data-path-to-node=\"10,1,0\"><b>Pantone-sovitus:<\/b> Sovitamme sek\u00e4 silikonirannekkeen ett\u00e4 musteen v\u00e4rin br\u00e4ndisi ohjeiden mukaisesti.<\/p>\n<\/li>\n<li>\n<p data-path-to-node=\"10,2,0\"><b>Kustannustehokas:<\/b> Edullisin vaihtoehto suuriin kampanjoihin ja arvontoihin.<\/p>\n<\/li>\n<li>\n<p data-path-to-node=\"10,3,0\"><b>Nopea toimitus:<\/b> Nopeammat tuotantoajat verrattuna kaiverrettuihin tai kaiverrettuihin muotteihin.<\/p>\n<\/li>\n<\/ul>","protected":false},"featured_media":5821,"comment_status":"closed","ping_status":"closed","template":"","meta":[],"product_brand":[],"product_cat":[49],"product_tag":[],"class_list":{"0":"post-5820","1":"product","2":"type-product","3":"status-publish","4":"has-post-thumbnail","6":"product_cat-silicone","8":"first","9":"instock","10":"shipping-taxable","11":"purchasable","12":"product-type-simple"},"_links":{"self":[{"href":"https:\/\/displayproducts.eu\/fi\/wp-json\/wp\/v2\/product\/5820","targetHints":{"allow":["GET"]}}],"collection":[{"href":"https:\/\/displayproducts.eu\/fi\/wp-json\/wp\/v2\/product"}],"about":[{"href":"https:\/\/displayproducts.eu\/fi\/wp-json\/wp\/v2\/types\/product"}],"replies":[{"embeddable":true,"href":"https:\/\/displayproducts.eu\/fi\/wp-json\/wp\/v2\/comments?post=5820"}],"wp:featuredmedia":[{"embeddable":true,"href":"https:\/\/displayproducts.eu\/fi\/wp-json\/wp\/v2\/media\/5821"}],"wp:attachment":[{"href":"https:\/\/displayproducts.eu\/fi\/wp-json\/wp\/v2\/media?parent=5820"}],"wp:term":[{"taxonomy":"product_brand","embeddable":true,"href":"https:\/\/displayproducts.eu\/fi\/wp-json\/wp\/v2\/product_brand?post=5820"},{"taxonomy":"product_cat","embeddable":true,"href":"https:\/\/displayproducts.eu\/fi\/wp-json\/wp\/v2\/product_cat?post=5820"},{"taxonomy":"product_tag","embeddable":true,"href":"https:\/\/displayproducts.eu\/fi\/wp-json\/wp\/v2\/product_tag?post=5820"}],"curies":[{"name":"wp","href":"https:\/\/api.w.org\/{rel}","templated":true}]}}