{"id":5814,"date":"2025-12-11T12:06:41","date_gmt":"2025-12-11T09:06:41","guid":{"rendered":"https:\/\/wristbandfactory.eu\/?post_type=product&#038;p=5814"},"modified":"2026-04-01T21:52:35","modified_gmt":"2026-04-01T18:52:35","slug":"organic-cotton-wristbands-custom-woven-printed","status":"publish","type":"product","link":"https:\/\/displayproducts.eu\/fi\/p\/organic-cotton-wristbands-custom-woven-printed\/","title":{"rendered":"Festivaalirannekkeet (Puuvilla) \u2013 Logolla \/ Painettu"},"content":{"rendered":"<p data-path-to-node=\"11\"><b>Luonnollinen valinta kest\u00e4viin tapahtumiin<\/b><\/p>\n<p data-path-to-node=\"12\">Nosta br\u00e4ndisi ekoarvoa meid\u00e4n avullamme <b>Luomupuuvillasta valmistetut rannekkeet<\/b>. Toisin kuin synteettiset materiaalit, n\u00e4m\u00e4 rannekkeet on valmistettu 100%-luonnonkuiduista, mik\u00e4 tarjoaa mattapintaisen, rustiikkisen ulkon\u00e4\u00f6n ja poikkeuksellisen pehme\u00e4n tunteen ihoa vasten. Ne ovat t\u00e4ydellinen ratkaisu usean p\u00e4iv\u00e4n festivaaleille, VIP-retriiteille ja br\u00e4ndeille, jotka haluavat luoda &quot;muovittoman&quot; imagon.<\/p>\n<p data-path-to-node=\"13\"><b>Mukavuus kohtaa kest\u00e4vyyden<\/b> Puuvilla on luonnostaan hengitt\u00e4v\u00e4\u00e4 ja hypoallergeenista, joten se on mukavin vaihtoehto pitk\u00e4aikaiseen k\u00e4ytt\u00f6\u00f6n. Se ei aiheuta \u00e4rsytyst\u00e4 tai hikoilua, mik\u00e4 takaa ensiluokkaisen kokemuksen vieraillesi.<\/p>\n<p data-path-to-node=\"14\"><b>Br\u00e4nd\u00e4ysvaihtoehdot<\/b> Luonnollisen kuiturakenteen vuoksi suosittelemme kahta erillist\u00e4 r\u00e4\u00e4t\u00e4l\u00f6intimenetelm\u00e4\u00e4:<\/p>\n<ul data-path-to-node=\"15\">\n<li>\n<p data-path-to-node=\"15,0,0\"><b>Kudottu (kirjonta):<\/b> Logosi ommellaan suoraan kankaaseen jopa kahdeksalla eri v\u00e4risell\u00e4 langalla. T\u00e4m\u00e4 luo kest\u00e4v\u00e4n ja korkealaatuisen pinnan, joka ei haalistu.<\/p>\n<\/li>\n<li>\n<p data-path-to-node=\"15,1,0\"><b>Silkkipaino:<\/b> T\u00e4ydellinen Pantone-v\u00e4rien sovittamiseen rannekkeen pintaan.<\/p>\n<\/li>\n<\/ul>\n<p data-path-to-node=\"16\"><b>Turvallinen ja kest\u00e4v\u00e4 laitteisto<\/b> Yhdist\u00e4 n\u00e4m\u00e4 luonnonmukaiset rannekkeet meid\u00e4n <b>Bambuinen Eco-lukko<\/b> (50% bambukomposiitti) t\u00e4ysin ymp\u00e4rist\u00f6yst\u00e4v\u00e4llisen rannekeratkaisun luomiseksi. Saatavilla on my\u00f6s vakiomallisia turvallisia liukus\u00e4\u00e4timi\u00e4 ja uudelleenk\u00e4ytett\u00e4vi\u00e4 puuhelmi\u00e4.<\/p>\n<p data-path-to-node=\"17\"><b>T\u00e4rkeimm\u00e4t ominaisuudet:<\/b><\/p>\n<ul data-path-to-node=\"18\">\n<li>\n<p data-path-to-node=\"18,0,0\"><b>Materiaali:<\/b> 100% Luomupuuvillaa.<\/p>\n<\/li>\n<li>\n<p data-path-to-node=\"18,1,0\"><b>Ymp\u00e4rist\u00f6luokitus:<\/b> Biohajoava ja uusiutuva.<\/p>\n<\/li>\n<li>\n<p data-path-to-node=\"18,2,0\"><b>Rakenne:<\/b> Pehme\u00e4, mattapintainen (ei kiilt\u00e4v\u00e4).<\/p>\n<\/li>\n<li>\n<p data-path-to-node=\"18,3,0\"><b>Mitat:<\/b> Vakiokoko 340 mm x 15 mm.<\/p>\n<\/li>\n<\/ul>","protected":false},"excerpt":{"rendered":"<ul>\n<li>\n<p data-path-to-node=\"9,0,0\"><b>Luonnonmateriaali:<\/b> Valmistettu biohajoavista 100%-luomupuuvillakuiduista.<\/p>\n<\/li>\n<li>\n<p data-path-to-node=\"9,1,0\"><b>Ensiluokkainen mukavuus:<\/b> Pehme\u00e4, hengitt\u00e4v\u00e4 ja hypoallergeeninen (ihanteellinen herk\u00e4lle iholle).<\/p>\n<\/li>\n<li>\n<p data-path-to-node=\"9,2,0\"><b>Mukautettu br\u00e4nd\u00e4ys:<\/b> Valitse korkealaatuisen kirjonnan (kudotun) tai silkkipainatuksen v\u00e4lill\u00e4.<\/p>\n<\/li>\n<li>\n<p data-path-to-node=\"9,3,0\"><b>Muoviton:<\/b> T\u00e4ysin kest\u00e4v\u00e4 valinta, joka on yhteensopiva Bamboo Eco-Locksin kanssa.<\/p>\n<\/li>\n<\/ul>","protected":false},"featured_media":5829,"comment_status":"closed","ping_status":"closed","template":"","meta":[],"product_brand":[],"product_cat":[133,47],"product_tag":[],"class_list":{"0":"post-5814","1":"product","2":"type-product","3":"status-publish","4":"has-post-thumbnail","6":"product_cat-eco-friendly-wristbands","7":"product_cat-fabric-wristbands","9":"first","10":"instock","11":"shipping-taxable","12":"purchasable","13":"product-type-simple"},"_links":{"self":[{"href":"https:\/\/displayproducts.eu\/fi\/wp-json\/wp\/v2\/product\/5814","targetHints":{"allow":["GET"]}}],"collection":[{"href":"https:\/\/displayproducts.eu\/fi\/wp-json\/wp\/v2\/product"}],"about":[{"href":"https:\/\/displayproducts.eu\/fi\/wp-json\/wp\/v2\/types\/product"}],"replies":[{"embeddable":true,"href":"https:\/\/displayproducts.eu\/fi\/wp-json\/wp\/v2\/comments?post=5814"}],"wp:featuredmedia":[{"embeddable":true,"href":"https:\/\/displayproducts.eu\/fi\/wp-json\/wp\/v2\/media\/5829"}],"wp:attachment":[{"href":"https:\/\/displayproducts.eu\/fi\/wp-json\/wp\/v2\/media?parent=5814"}],"wp:term":[{"taxonomy":"product_brand","embeddable":true,"href":"https:\/\/displayproducts.eu\/fi\/wp-json\/wp\/v2\/product_brand?post=5814"},{"taxonomy":"product_cat","embeddable":true,"href":"https:\/\/displayproducts.eu\/fi\/wp-json\/wp\/v2\/product_cat?post=5814"},{"taxonomy":"product_tag","embeddable":true,"href":"https:\/\/displayproducts.eu\/fi\/wp-json\/wp\/v2\/product_tag?post=5814"}],"curies":[{"name":"wp","href":"https:\/\/api.w.org\/{rel}","templated":true}]}}