{"id":5810,"date":"2025-12-11T11:26:33","date_gmt":"2025-12-11T08:26:33","guid":{"rendered":"https:\/\/wristbandfactory.eu\/?post_type=product&#038;p=5810"},"modified":"2026-04-01T21:52:03","modified_gmt":"2026-04-01T18:52:03","slug":"recycled-fabric-wristbands-rpet-full-colour-printed","status":"publish","type":"product","link":"https:\/\/displayproducts.eu\/fi\/p\/recycled-fabric-wristbands-rpet-full-colour-printed\/","title":{"rendered":"Festivaalirannekkeet (rPET) \u2013 Logolla \/ Painettu"},"content":{"rendered":"<p data-path-to-node=\"10\"><b>Kest\u00e4v\u00e4 br\u00e4nd\u00e4ys ilman kompromisseja<\/b><\/p>\n<p data-path-to-node=\"11\">Vaihda vihre\u00e4mp\u00e4\u00e4n vaihtoehtoon meid\u00e4n avullamme <b>Kierr\u00e4tetyst\u00e4 kankaasta valmistetut rannekkeet (rPET)<\/b>. Festivaaleille, konferensseihin ja yritystapahtumiin suunnitellut rannekkeet yhdist\u00e4v\u00e4t vaikuttavan br\u00e4nd\u00e4yksen ymp\u00e4rist\u00f6vastuullisuuteen.<\/p>\n<p data-path-to-node=\"12\"><b>J\u00e4tteest\u00e4 rannekkeeksi<\/b> Toisin kuin ilman painatusta polyesteri, rPET-nauhamme valmistetaan sertifioiduista kierr\u00e4tysmuovipulloista kehr\u00e4tyst\u00e4 langasta. T\u00e4m\u00e4 prosessi v\u00e4hent\u00e4\u00e4 merkitt\u00e4v\u00e4sti muovij\u00e4tett\u00e4 ja hiilidioksidip\u00e4\u00e4st\u00f6j\u00e4 s\u00e4ilytt\u00e4en samalla ensiluokkaisen kankaan kest\u00e4vyyden ja pehme\u00e4n, satiinimaisen tuntuman.<\/p>\n<p data-path-to-node=\"13\"><b>Ter\u00e4v\u00e4piirtotarkkuuden mukauttaminen<\/b> rPET-materiaalin sile\u00e4 pinta on suunniteltu <b>v\u00e4risublimaatiopainatuspainatus<\/b>. T\u00e4m\u00e4 mahdollistaa fotorealististen yksityiskohtien, liukuv\u00e4rien ja monimutkaisten sponsorilogojen painamisen reunasta reunaan rannekkeen molemmille puolille.<\/p>\n<p data-path-to-node=\"14\"><b>Lukitusmekanismit jokaiseen tarpeeseen<\/b> Mukauta turvallisuustasosi laajan sulkuvalikoimamme avulla:<\/p>\n<ul data-path-to-node=\"15\">\n<li>\n<p data-path-to-node=\"15,0,0\"><b>Korkean turvallisuuden liukus\u00e4\u00e4timet:<\/b> Esiasennetut lukitusliukus\u00e4\u00e4timet (hampaiset tai yksisuuntaiset) tarkkaa kulunvalvontaa varten.<\/p>\n<\/li>\n<li>\n<p data-path-to-node=\"15,1,0\"><b>Bambuiset ekolukot:<\/b> 50%-rannekkeen v\u00e4h\u00e4muovisuusvaihtoehto sopii kest\u00e4v\u00e4n kehityksen mukaiseen rannekkeeseen.<\/p>\n<\/li>\n<li>\n<p data-path-to-node=\"15,2,0\"><b>Uudelleenk\u00e4ytett\u00e4v\u00e4t kytkimet:<\/b> S\u00e4\u00e4dett\u00e4v\u00e4t helmet henkil\u00f6kunnan passeihin tai mainoslahjoihin.<\/p>\n<\/li>\n<\/ul>\n<p data-path-to-node=\"16\"><b>T\u00e4rkeimm\u00e4t ominaisuudet:<\/b><\/p>\n<ul data-path-to-node=\"17\">\n<li>\n<p data-path-to-node=\"17,0,0\"><b>Materiaali:<\/b> 100% Kierr\u00e4tetty polyeteenitereftalaatti (rPET).<\/p>\n<\/li>\n<li>\n<p data-path-to-node=\"17,1,0\"><b>Painatusmenetelm\u00e4:<\/b> Moniv\u00e4rinen CMYK-sublimaatiopainatus (etu- ja takapuoli).<\/p>\n<\/li>\n<li>\n<p data-path-to-node=\"17,2,0\"><b>Koko:<\/b> Vakiokoko 340 mm x 15 mm (saatavilla my\u00f6s erikoiskokoja).<\/p>\n<\/li>\n<li>\n<p data-path-to-node=\"17,3,0\"><b>Pakkaus:<\/b> Pakattu 50 kappaleen polyeteenipusseihin irtotavarana jakelun helpottamiseksi.<\/p>\n<\/li>\n<\/ul>","protected":false},"excerpt":{"rendered":"<ul>\n<li>\n<p data-path-to-node=\"8,0,0\"><b>Ymp\u00e4rist\u00f6yst\u00e4v\u00e4llinen:<\/b> Valmistettu kierr\u00e4tetyist\u00e4 100% PET-muovipulloista (rPET).<\/p>\n<\/li>\n<li>\n<p data-path-to-node=\"8,1,0\"><b>Eloisa painatus:<\/b> Reunasta reunaan -moniv\u00e4rinen sublimaatiopainatus monimutkaisiin malleihin.<\/p>\n<\/li>\n<li>\n<p data-path-to-node=\"8,2,0\"><b>Turvallinen ja joustava:<\/b> Valittavana kertak\u00e4ytt\u00f6iset turvalukot tai uudelleenk\u00e4ytett\u00e4v\u00e4t helmet.<\/p>\n<\/li>\n<li>\n<p data-path-to-node=\"8,3,0\"><b>Nopea tuotanto:<\/b> Irtotavarana pakattu ja valmis kiireellisiin tapahtumiin.<\/p>\n<\/li>\n<\/ul>","protected":false},"featured_media":5830,"comment_status":"closed","ping_status":"closed","template":"","meta":[],"product_brand":[],"product_cat":[133,47],"product_tag":[],"class_list":{"0":"post-5810","1":"product","2":"type-product","3":"status-publish","4":"has-post-thumbnail","6":"product_cat-eco-friendly-wristbands","7":"product_cat-fabric-wristbands","9":"first","10":"instock","11":"shipping-taxable","12":"purchasable","13":"product-type-simple"},"_links":{"self":[{"href":"https:\/\/displayproducts.eu\/fi\/wp-json\/wp\/v2\/product\/5810","targetHints":{"allow":["GET"]}}],"collection":[{"href":"https:\/\/displayproducts.eu\/fi\/wp-json\/wp\/v2\/product"}],"about":[{"href":"https:\/\/displayproducts.eu\/fi\/wp-json\/wp\/v2\/types\/product"}],"replies":[{"embeddable":true,"href":"https:\/\/displayproducts.eu\/fi\/wp-json\/wp\/v2\/comments?post=5810"}],"wp:featuredmedia":[{"embeddable":true,"href":"https:\/\/displayproducts.eu\/fi\/wp-json\/wp\/v2\/media\/5830"}],"wp:attachment":[{"href":"https:\/\/displayproducts.eu\/fi\/wp-json\/wp\/v2\/media?parent=5810"}],"wp:term":[{"taxonomy":"product_brand","embeddable":true,"href":"https:\/\/displayproducts.eu\/fi\/wp-json\/wp\/v2\/product_brand?post=5810"},{"taxonomy":"product_cat","embeddable":true,"href":"https:\/\/displayproducts.eu\/fi\/wp-json\/wp\/v2\/product_cat?post=5810"},{"taxonomy":"product_tag","embeddable":true,"href":"https:\/\/displayproducts.eu\/fi\/wp-json\/wp\/v2\/product_tag?post=5810"}],"curies":[{"name":"wp","href":"https:\/\/api.w.org\/{rel}","templated":true}]}}