{"id":5780,"date":"2025-12-10T15:24:17","date_gmt":"2025-12-10T12:24:17","guid":{"rendered":"https:\/\/wristbandfactory.eu\/?post_type=product&#038;p=5780"},"modified":"2026-04-01T21:52:35","modified_gmt":"2026-04-01T18:52:35","slug":"custom-neoprene-lanyards-ultra-soft-cushioned","status":"publish","type":"product","link":"https:\/\/displayproducts.eu\/fi\/p\/custom-neoprene-lanyards-ultra-soft-cushioned\/","title":{"rendered":"Kustomoidut neopreenikaulanauhat"},"content":{"rendered":"<p data-path-to-node=\"11\">Koe erinomaista mukavuutta meid\u00e4n <b>Mukautetut neopreeninauhat<\/b>. Jos henkil\u00f6kuntasi tai osallistujasi valittavat ohuista hihnoista, jotka hiert\u00e4v\u00e4t heid\u00e4n niskojaan, t\u00e4m\u00e4 on tarvitsemasi premium-p\u00e4ivitys.<\/p>\n<p data-path-to-node=\"12\"><b>Rakennettu kuin m\u00e4rk\u00e4puku<\/b> N\u00e4m\u00e4 korkealaatuisesta neopreenista valmistetut kaulanauhat ovat pehme\u00e4t, joustavat ja hikoilunkest\u00e4v\u00e4t. Materiaalin luonnollinen paksuus (sienim\u00e4inen ydin) toimii iskunvaimentimena, mik\u00e4 tekee siit\u00e4 ensisijaisen valinnan kuntosalivalmentajille, ulkoilmaseikkailuoppaille ja raskaita avaimia kantaville huoltohenkil\u00f6st\u00f6lle.<\/p>\n<p data-path-to-node=\"13\"><b>Urheilullinen ja ammattimainen<\/b> Ulkon\u00e4k\u00f6 on erottuvan sporttinen mutta ammattimainen. Reunat on viimeistelty v\u00e4risovitetuilla tai kontrastiv\u00e4risill\u00e4 tikkauksilla, mik\u00e4 antaa kaulanauhalle tyylikk\u00e4\u00e4n ja r\u00e4\u00e4t\u00e4l\u00f6idyn ilmeen. Valitsitpa sitten rohkean kuvion tai tyylikk\u00e4\u00e4n yrityslogon, tulos on aina katseenvangitsija.<\/p>\n<p data-path-to-node=\"14\"><b>T\u00e4rkeimm\u00e4t ominaisuudet:<\/b><\/p>\n<ul data-path-to-node=\"15\">\n<li>\n<p data-path-to-node=\"15,0,0\"><b>Materiaali:<\/b> Pehme\u00e4\u00e4 neopreenia, jossa kangasp\u00e4\u00e4llinen.<\/p>\n<\/li>\n<li>\n<p data-path-to-node=\"15,1,0\"><b>Rakentaminen:<\/b> Putkimainen tai litte\u00e4, ommeltu reuna.<\/p>\n<\/li>\n<li>\n<p data-path-to-node=\"15,2,0\"><b>Liitteet:<\/b> Kest\u00e4v\u00e4t metallikoukut, O-renkaat ja irrotettavat soljet.<\/p>\n<\/li>\n<li>\n<p data-path-to-node=\"15,3,0\"><b>Turvallisuus:<\/b> Saatavilla irrotettavat muovisoljet.<\/p>\n<\/li>\n<\/ul>","protected":false},"excerpt":{"rendered":"<ul>\n<li>\n<p data-path-to-node=\"9,0,0\"><b>\u00c4\u00e4rimm\u00e4inen mukavuus:<\/b> Valmistettu pehme\u00e4st\u00e4 neopreenista (m\u00e4rk\u00e4pukumateriaalista), joka tuntuu pehmustetulta ja est\u00e4\u00e4 niskan \u00e4rsytyst\u00e4 jopa raskaiden kuormien kanssa.<\/p>\n<\/li>\n<li>\n<p data-path-to-node=\"9,1,0\"><b>Kest\u00e4v\u00e4 viimeistely:<\/b> Vahvistetut ommellut reunat (overlock) rispaantumisen est\u00e4miseksi ja tuotteen k\u00e4ytt\u00f6i\u00e4n pident\u00e4miseksi.<\/p>\n<\/li>\n<li>\n<p data-path-to-node=\"9,2,0\"><b>Raskas k\u00e4ytt\u00f6:<\/b> Paksu profiili tekee siit\u00e4 ihanteellisen raskaiden avainsarjojen, ty\u00f6kalujen tai suurten elektronisten laitteiden kantamiseen ilman, ett\u00e4 se viilt\u00e4\u00e4 ihoa.<\/p>\n<\/li>\n<li>\n<p data-path-to-node=\"9,3,0\"><b>El\u00e4v\u00e4inen br\u00e4nd\u00e4ys:<\/b> Saatavilla ter\u00e4v\u00e4ll\u00e4 silkkipainatuksella tai t\u00e4ysv\u00e4risell\u00e4 sublimaatiopainatuslla kuvioille, kuten leopardikuviolle.<\/p>\n<\/li>\n<\/ul>","protected":false},"featured_media":5797,"comment_status":"closed","ping_status":"closed","template":"","meta":[],"product_brand":[],"product_cat":[104,108,118],"product_tag":[],"class_list":{"0":"post-5780","1":"product","2":"type-product","3":"status-publish","4":"has-post-thumbnail","6":"product_cat-custom-printed-lanyards","7":"product_cat-multifunctional-lanyards","8":"product_cat-sports-fitness","10":"first","11":"instock","12":"shipping-taxable","13":"purchasable","14":"product-type-simple"},"_links":{"self":[{"href":"https:\/\/displayproducts.eu\/fi\/wp-json\/wp\/v2\/product\/5780","targetHints":{"allow":["GET"]}}],"collection":[{"href":"https:\/\/displayproducts.eu\/fi\/wp-json\/wp\/v2\/product"}],"about":[{"href":"https:\/\/displayproducts.eu\/fi\/wp-json\/wp\/v2\/types\/product"}],"replies":[{"embeddable":true,"href":"https:\/\/displayproducts.eu\/fi\/wp-json\/wp\/v2\/comments?post=5780"}],"wp:featuredmedia":[{"embeddable":true,"href":"https:\/\/displayproducts.eu\/fi\/wp-json\/wp\/v2\/media\/5797"}],"wp:attachment":[{"href":"https:\/\/displayproducts.eu\/fi\/wp-json\/wp\/v2\/media?parent=5780"}],"wp:term":[{"taxonomy":"product_brand","embeddable":true,"href":"https:\/\/displayproducts.eu\/fi\/wp-json\/wp\/v2\/product_brand?post=5780"},{"taxonomy":"product_cat","embeddable":true,"href":"https:\/\/displayproducts.eu\/fi\/wp-json\/wp\/v2\/product_cat?post=5780"},{"taxonomy":"product_tag","embeddable":true,"href":"https:\/\/displayproducts.eu\/fi\/wp-json\/wp\/v2\/product_tag?post=5780"}],"curies":[{"name":"wp","href":"https:\/\/api.w.org\/{rel}","templated":true}]}}