{"id":5753,"date":"2025-12-10T14:54:23","date_gmt":"2025-12-10T11:54:23","guid":{"rendered":"https:\/\/wristbandfactory.eu\/?post_type=product&#038;p=5753"},"modified":"2026-04-01T21:52:35","modified_gmt":"2026-04-01T18:52:35","slug":"high-visibility-reflective-strip-lanyards-safety-wear","status":"publish","type":"product","link":"https:\/\/displayproducts.eu\/fi\/p\/high-visibility-reflective-strip-lanyards-safety-wear\/","title":{"rendered":"Huomiov\u00e4ri kaulanauhat \u2013 Heijastinnauhalla"},"content":{"rendered":"<p data-path-to-node=\"14\">Aseta turvallisuus etusijalle tinkim\u00e4tt\u00e4 br\u00e4ndist\u00e4mme <b>Hyvin n\u00e4kyv\u00e4t heijastavat kaulanauhat<\/b>. Toisin kuin tavallisissa, hienovaraisilla heijastavilla langoilla varustetuissa kaulanauhoissa, t\u00e4ss\u00e4 kest\u00e4v\u00e4ss\u00e4 mallissa on kankaaseen sulatettu n\u00e4kyv\u00e4 hopeinen heijastinkerros, joka tarjoaa maksimaalisen heijastuksen samalla tavalla kuin ammattitason turvavarusteissa.<\/p>\n<p data-path-to-node=\"15\"><b>Rakennettu teollisuus- ja y\u00f6k\u00e4ytt\u00f6\u00f6n<\/b> T\u00e4m\u00e4 on alan standardi <b>rakennusty\u00f6maat, lentokent\u00e4n maahenkil\u00f6kunta ja turvallisuushenkil\u00f6st\u00f6<\/b>. Auton ajovalojen tai taskulamppujen osuessa keskikaistaleeseen se valaisee kirkkaasti, varmistaen, ett\u00e4 henkil\u00f6kuntasi tai tapahtuman osallistujat n\u00e4kyv\u00e4t kaukaa.<\/p>\n<p data-path-to-node=\"16\"><b>Kest\u00e4v\u00e4 rakenne<\/b> Heijastava materiaali on kiinnitetty vahvaan polyesteripohjakerrokseen. T\u00e4m\u00e4 kaksis\u00e4vyinen muotoilu (v\u00e4ri + hopea) ei ainoastaan n\u00e4yt\u00e4 ammattimaiselta, vaan lis\u00e4\u00e4 my\u00f6s kest\u00e4vyytt\u00e4. Suosittelemme vahvasti lis\u00e4\u00e4m\u00e4\u00e4n <b>Turvallinen irrotettava solki<\/b> t\u00e4lle tuotteelle ty\u00f6paikan turvallisuusm\u00e4\u00e4r\u00e4ysten noudattamisen varmistamiseksi.<\/p>\n<p data-path-to-node=\"17\"><b>Suositellut k\u00e4ytt\u00f6tapaukset:<\/b><\/p>\n<ul data-path-to-node=\"18\">\n<li>\n<p data-path-to-node=\"18,0,0\"><b>Rakentaminen ja logistiikka:<\/b> Henkil\u00f6llisyystodistus pakollinen ty\u00f6maalla ty\u00f6ntekij\u00f6ille.<\/p>\n<\/li>\n<li>\n<p data-path-to-node=\"18,1,0\"><b>Y\u00f6festivaalit:<\/b> Osallistujien turvallisuuden ja n\u00e4kyvyyden varmistaminen pimeiss\u00e4 v\u00e4kijoukoissa.<\/p>\n<\/li>\n<li>\n<p data-path-to-node=\"18,2,0\"><b>Koulut:<\/b> N\u00e4kyvyys lapsille talviretkill\u00e4.<\/p>\n<\/li>\n<\/ul>\n<p data-path-to-node=\"19\"><b>T\u00e4rkeimm\u00e4t ominaisuudet:<\/b><\/p>\n<ul data-path-to-node=\"20\">\n<li>\n<p data-path-to-node=\"20,0,0\"><b>Materiaali:<\/b> Polyesteriverkko + laminoitu heijastinnauha.<\/p>\n<\/li>\n<li>\n<p data-path-to-node=\"20,1,0\"><b>Vaikutus:<\/b> Voimakas salaman heijastus (hopeinen\/harmaa pohja).<\/p>\n<\/li>\n<li>\n<p data-path-to-node=\"20,2,0\"><b>Leveys:<\/b> Yleens\u00e4 15 mm tai 20 mm.<\/p>\n<\/li>\n<li>\n<p data-path-to-node=\"20,3,0\"><b>Painaa:<\/b> Heijastavan kerroksen p\u00e4\u00e4ll\u00e4 silkkipainatus.<\/p>\n<\/li>\n<\/ul>","protected":false},"excerpt":{"rendered":"<ul>\n<li>\n<p data-path-to-node=\"12,0,0\"><b>Hyv\u00e4 n\u00e4kyvyys:<\/b> Keskell\u00e4 kulkee leve\u00e4, laminoitu harmaa heijastinnauha, joka muistuttaa turvaliivej\u00e4 ja heijastaa valoa voimakkaasti pime\u00e4ss\u00e4.<\/p>\n<\/li>\n<li>\n<p data-path-to-node=\"12,1,0\"><b>P\u00e4iv\u00e4- ja y\u00f6turvallisuus:<\/b> Kirkkaanv\u00e4rinen pohjakangas (keltainen, oranssi, sininen) tarjoaa n\u00e4kyvyytt\u00e4 p\u00e4iv\u00e4ll\u00e4, kun taas hopeinen raita suojaa y\u00f6ll\u00e4.<\/p>\n<\/li>\n<li>\n<p data-path-to-node=\"12,2,0\"><b>Turvakatkaisu:<\/b> V\u00e4ltt\u00e4m\u00e4t\u00f6n teollisuusk\u00e4ytt\u00f6\u00f6n; yleens\u00e4 varustettu turvasoljella tukehtumisvaaran est\u00e4miseksi.<\/p>\n<\/li>\n<li>\n<p data-path-to-node=\"12,3,0\"><b>Mukautettu br\u00e4nd\u00e4ys:<\/b> Logosi voidaan painaa suoraan heijastavaan nauhaan tai v\u00e4rillisiin reunoihin br\u00e4ndisi n\u00e4kyvyyden parantamiseksi.<\/p>\n<\/li>\n<\/ul>","protected":false},"featured_media":5758,"comment_status":"closed","ping_status":"closed","template":"","meta":[],"product_brand":[],"product_cat":[109],"product_tag":[],"class_list":{"0":"post-5753","1":"product","2":"type-product","3":"status-publish","4":"has-post-thumbnail","6":"product_cat-reflective-lanyards","8":"first","9":"instock","10":"shipping-taxable","11":"product-type-simple"},"_links":{"self":[{"href":"https:\/\/displayproducts.eu\/fi\/wp-json\/wp\/v2\/product\/5753","targetHints":{"allow":["GET"]}}],"collection":[{"href":"https:\/\/displayproducts.eu\/fi\/wp-json\/wp\/v2\/product"}],"about":[{"href":"https:\/\/displayproducts.eu\/fi\/wp-json\/wp\/v2\/types\/product"}],"replies":[{"embeddable":true,"href":"https:\/\/displayproducts.eu\/fi\/wp-json\/wp\/v2\/comments?post=5753"}],"wp:featuredmedia":[{"embeddable":true,"href":"https:\/\/displayproducts.eu\/fi\/wp-json\/wp\/v2\/media\/5758"}],"wp:attachment":[{"href":"https:\/\/displayproducts.eu\/fi\/wp-json\/wp\/v2\/media?parent=5753"}],"wp:term":[{"taxonomy":"product_brand","embeddable":true,"href":"https:\/\/displayproducts.eu\/fi\/wp-json\/wp\/v2\/product_brand?post=5753"},{"taxonomy":"product_cat","embeddable":true,"href":"https:\/\/displayproducts.eu\/fi\/wp-json\/wp\/v2\/product_cat?post=5753"},{"taxonomy":"product_tag","embeddable":true,"href":"https:\/\/displayproducts.eu\/fi\/wp-json\/wp\/v2\/product_tag?post=5753"}],"curies":[{"name":"wp","href":"https:\/\/api.w.org\/{rel}","templated":true}]}}