{"id":5730,"date":"2025-12-10T13:44:29","date_gmt":"2025-12-10T10:44:29","guid":{"rendered":"https:\/\/wristbandfactory.eu\/?post_type=product&#038;p=5730"},"modified":"2026-04-01T21:52:35","modified_gmt":"2026-04-01T18:52:35","slug":"magnetic-elastic-cord-lanyards-modern-badge-holder","status":"publish","type":"product","link":"https:\/\/displayproducts.eu\/fi\/p\/magnetic-elastic-cord-lanyards-modern-badge-holder\/","title":{"rendered":"Magneettiset kuminauhat \u2013 Elastinen kaulanauha"},"content":{"rendered":"<p data-path-to-node=\"12\">Hy\u00f6dynn\u00e4 moderni minimalismi meid\u00e4n avullamme <b>Magneettiset joustavat nauhalenkit<\/b>. T\u00e4m\u00e4 tuote on siirtynyt pois perinteisist\u00e4 litteist\u00e4 polyesterinauhoista ja tarjoaa tyylikk\u00e4\u00e4n, teknisesti edistyksellisen estetiikan, joka on eritt\u00e4in suosittu startup-yritysten, suunnittelutoimistojen ja eksklusiivisten konferenssien keskuudessa.<\/p>\n<p data-path-to-node=\"13\"><b>Magneettien taika<\/b> T\u00e4m\u00e4n kaulanauhan keskipiste on sen <b>magneettinen liitin<\/b>. Klipsien kanssa s\u00e4hl\u00e4\u00e4misen sijaan p\u00e4\u00e4t napsautetaan yksinkertaisesti yhteen. Se on miellytt\u00e4v\u00e4 k\u00e4ytt\u00e4\u00e4 ja toimii my\u00f6s pikalukituksena.<\/p>\n<p data-path-to-node=\"14\"><b>Hienovarainen mutta tehokas br\u00e4nd\u00e4ys<\/b> Tekstin painamisen sijaan johtoa pitkin br\u00e4nd\u00e4t\u00e4\u00e4n <b>py\u00f6re\u00e4 muovinen liukus\u00e4\u00e4din\/painike<\/b>. T\u00e4m\u00e4 mahdollistaa t\u00e4ysv\u00e4risen logon (kupukuvion tai litte\u00e4n painatuksen), joka on n\u00e4kyv\u00e4sti rinnassa ja varmistaa, ett\u00e4 br\u00e4ndisi on aina n\u00e4kyviss\u00e4 ilman, ett\u00e4 se peitt\u00e4\u00e4 ulkon\u00e4k\u00f6\u00e4.<\/p>\n<p data-path-to-node=\"15\"><b>T\u00e4rkeimm\u00e4t ominaisuudet:<\/b><\/p>\n<ul data-path-to-node=\"16\">\n<li>\n<p data-path-to-node=\"16,0,0\"><b>Materiaali:<\/b> Elastinen py\u00f6re\u00e4 johto (valkoinen, musta tai mukautetut v\u00e4rit).<\/p>\n<\/li>\n<li>\n<p data-path-to-node=\"16,1,0\"><b>Lukkovaihtoehdot:<\/b> Ensiluokkainen metallinen torpedo tai litte\u00e4 muovi.<\/p>\n<\/li>\n<li>\n<p data-path-to-node=\"16,2,0\"><b>Logon sijoittelu:<\/b> Py\u00f6re\u00e4 muovinen s\u00e4\u00e4t\u00f6nappi.<\/p>\n<\/li>\n<li>\n<p data-path-to-node=\"16,3,0\"><b>Tyyli:<\/b> Minimalistinen, sporttinen, tekninen.<\/p>\n<\/li>\n<\/ul>","protected":false},"excerpt":{"rendered":"<ul>\n<li>\n<p data-path-to-node=\"10,0,0\"><b>\u00c4lyk\u00e4s magneettilukko:<\/b> Siin\u00e4 on tyylik\u00e4s metallinen tai muovinen magneettinen liitin, joka napsahtaa yhteen v\u00e4litt\u00f6m\u00e4sti helppoa k\u00e4ytt\u00f6\u00e4 varten.<\/p>\n<\/li>\n<li>\n<p data-path-to-node=\"10,1,0\"><b>Elastinen mukavuus:<\/b> Valmistettu pehme\u00e4st\u00e4, joustavasta py\u00f6re\u00e4st\u00e4 nauhasta, joka tuntuu kevyelt\u00e4 ja mukavalta kaulassa koko p\u00e4iv\u00e4n.<\/p>\n<\/li>\n<li>\n<p data-path-to-node=\"10,2,0\"><b>Painikkeen br\u00e4nd\u00e4ys:<\/b> Logosi on painettu muokattavaan muoviseen liukupainikkeeseen, joten johdon muotoilu pysyy puhtaana ja minimalistisena.<\/p>\n<\/li>\n<li>\n<p data-path-to-node=\"10,3,0\"><b>Turvatoiminto:<\/b> Magneettinen lukko toimii my\u00f6s turvalukituksena, joka vapautuu j\u00e4nnityksen alaisena est\u00e4en tukehtumisvaaran.<\/p>\n<\/li>\n<\/ul>","protected":false},"featured_media":5870,"comment_status":"closed","ping_status":"closed","template":"","meta":[],"product_brand":[],"product_cat":[125,108,124],"product_tag":[],"class_list":{"0":"post-5730","1":"product","2":"type-product","3":"status-publish","4":"has-post-thumbnail","6":"product_cat-cord-lanyards","7":"product_cat-multifunctional-lanyards","8":"product_cat-id-solutions","10":"first","11":"instock","12":"shipping-taxable","13":"product-type-simple"},"_links":{"self":[{"href":"https:\/\/displayproducts.eu\/fi\/wp-json\/wp\/v2\/product\/5730","targetHints":{"allow":["GET"]}}],"collection":[{"href":"https:\/\/displayproducts.eu\/fi\/wp-json\/wp\/v2\/product"}],"about":[{"href":"https:\/\/displayproducts.eu\/fi\/wp-json\/wp\/v2\/types\/product"}],"replies":[{"embeddable":true,"href":"https:\/\/displayproducts.eu\/fi\/wp-json\/wp\/v2\/comments?post=5730"}],"wp:featuredmedia":[{"embeddable":true,"href":"https:\/\/displayproducts.eu\/fi\/wp-json\/wp\/v2\/media\/5870"}],"wp:attachment":[{"href":"https:\/\/displayproducts.eu\/fi\/wp-json\/wp\/v2\/media?parent=5730"}],"wp:term":[{"taxonomy":"product_brand","embeddable":true,"href":"https:\/\/displayproducts.eu\/fi\/wp-json\/wp\/v2\/product_brand?post=5730"},{"taxonomy":"product_cat","embeddable":true,"href":"https:\/\/displayproducts.eu\/fi\/wp-json\/wp\/v2\/product_cat?post=5730"},{"taxonomy":"product_tag","embeddable":true,"href":"https:\/\/displayproducts.eu\/fi\/wp-json\/wp\/v2\/product_tag?post=5730"}],"curies":[{"name":"wp","href":"https:\/\/api.w.org\/{rel}","templated":true}]}}