{"id":5694,"date":"2025-12-10T13:02:37","date_gmt":"2025-12-10T10:02:37","guid":{"rendered":"https:\/\/wristbandfactory.eu\/?post_type=product&#038;p=5694"},"modified":"2026-04-01T21:52:35","modified_gmt":"2026-04-01T18:52:35","slug":"custom-tubular-lanyards-soft-shoelace-style","status":"publish","type":"product","link":"https:\/\/displayproducts.eu\/fi\/p\/custom-tubular-lanyards-soft-shoelace-style\/","title":{"rendered":"Putkikaulanauhat \u2013 Pehme\u00e4 nauhamalli"},"content":{"rendered":"<p data-path-to-node=\"12\">Saat parhaan tasapainon mukavuutta ja vastinetta rahalle valikoimastamme <b>Mukautetut putkimaiset kaulanauhat<\/b>. N\u00e4it\u00e4 usein \u201ckeng\u00e4nnauhanauhoiksi\u201d kutsuttuja kaulanauhat valmistetaan putkiommellusta polyesterist\u00e4, jolloin muodostuu kaksinkertainen ja sis\u00e4puolelta ontto kangaskerros.<\/p>\n<p data-path-to-node=\"13\"><b>Miksi valita Tubular?<\/b><\/p>\n<ol start=\"1\" data-path-to-node=\"14\">\n<li>\n<p data-path-to-node=\"14,0,0\"><b>Mukavuus:<\/b> Koska reunoja ei ole ommeltu, n\u00e4m\u00e4 ovat pehmeimm\u00e4t saatavilla olevat kaulanauhat, mik\u00e4 tekee niist\u00e4 t\u00e4ydellisen valinnan vapaaehtoisille tai henkil\u00f6kunnalle, jotka k\u00e4ytt\u00e4v\u00e4t niit\u00e4 yli 8 tuntia.<\/p>\n<\/li>\n<li>\n<p data-path-to-node=\"14,1,0\"><b>Hinta:<\/b> T\u00e4m\u00e4 on edullisin mittatilausty\u00f6n\u00e4 tehty kaulanauhavaihtoehtomme, mik\u00e4 tekee siit\u00e4 alan standardin suurille messuille, festivaaleille ja kouluihin.<\/p>\n<\/li>\n<\/ol>\n<p data-path-to-node=\"15\"><b>Painatushuomautuksia<\/b> Putkimainen pinta tarjoaa teksturoidun taustan. Suosittelemme. <b>Silkkipaino<\/b> lihavoitua teksti\u00e4 ja yksinkertaisia logoja (1\u20132 v\u00e4ri\u00e4) varten parhaan mahdollisen tuloksen varmistamiseksi.<\/p>\n<p data-path-to-node=\"16\"><b>Suositellut k\u00e4ytt\u00f6tapaukset:<\/b><\/p>\n<ul data-path-to-node=\"17\">\n<li>\n<p data-path-to-node=\"17,0,0\"><b>Koulut ja yliopistot:<\/b> Kest\u00e4v\u00e4t ja edulliset henkil\u00f6llisyystodistuskotelot opiskelijoille.<\/p>\n<\/li>\n<li>\n<p data-path-to-node=\"17,1,0\"><b>Suuret konferenssit:<\/b> Kustannustehokasta br\u00e4nd\u00e4yst\u00e4 tuhansille osallistujille.<\/p>\n<\/li>\n<li>\n<p data-path-to-node=\"17,2,0\"><b>Urheilutapahtumat:<\/b> Urheilullinen \u201ckeng\u00e4nnauha\u201d-ilme sopii t\u00e4ydellisesti urheilullisiin teemoihin.<\/p>\n<\/li>\n<\/ul>\n<p data-path-to-node=\"18\"><b>T\u00e4rkeimm\u00e4t ominaisuudet:<\/b><\/p>\n<ul data-path-to-node=\"19\">\n<li>\n<p data-path-to-node=\"19,0,0\"><b>Materiaali:<\/b> Putkimainen kudottu polyesteri.<\/p>\n<\/li>\n<li>\n<p data-path-to-node=\"19,1,0\"><b>Leveys:<\/b> Vakio 10 mm, 12 mm tai 15 mm (leveydet ovat likim\u00e4\u00e4r\u00e4isi\u00e4 putken muodon vuoksi).<\/p>\n<\/li>\n<li>\n<p data-path-to-node=\"19,2,0\"><b>Painaa:<\/b> Silkkipainobr\u00e4nd\u00e4ys.<\/p>\n<\/li>\n<li>\n<p data-path-to-node=\"19,3,0\"><b>Liitteet:<\/b> Yhteensopiva kaikkien vakiokoukkujen, klipsien ja turvalukkojen kanssa.<\/p>\n<\/li>\n<\/ul>","protected":false},"excerpt":{"rendered":"<ul>\n<li>\n<p data-path-to-node=\"10,0,0\"><b>Putken rakenne:<\/b> Kudottu onttoon, putkimaiseen muotoon (samanlainen kuin keng\u00e4nnauha), mik\u00e4 poistaa ter\u00e4v\u00e4t reunat maksimaalisen mukavuuden takaamiseksi.<\/p>\n<\/li>\n<li>\n<p data-path-to-node=\"10,1,0\"><b>Budjettiyst\u00e4v\u00e4llinen:<\/b> tyypillisesti kustannustehokkain ratkaisu suuriin tapahtumiin ja henkil\u00f6st\u00f6resursseihin.<\/p>\n<\/li>\n<li>\n<p data-path-to-node=\"10,2,0\"><b>Korkeakontrastinen painatus:<\/b> Ihanteellinen n\u00e4ytt\u00e4v\u00e4lle silkkipainopainetulle tekstille ja logoille, joiden on erotuttava v\u00e4rillisell\u00e4 taustalla.<\/p>\n<\/li>\n<li>\n<p data-path-to-node=\"10,3,0\"><b>Pehme\u00e4 ja joustava:<\/b> L\u00f6yh\u00e4sti kudottu polyesteri tarjoaa rennon ja arkip\u00e4iv\u00e4isen laskeutumisen verrattuna j\u00e4ykkiin litteisiin kaulanauhoihin.<\/p>\n<\/li>\n<\/ul>","protected":false},"featured_media":5898,"comment_status":"closed","ping_status":"closed","template":"","meta":[],"product_brand":[],"product_cat":[104],"product_tag":[],"class_list":{"0":"post-5694","1":"product","2":"type-product","3":"status-publish","4":"has-post-thumbnail","6":"product_cat-custom-printed-lanyards","8":"first","9":"instock","10":"shipping-taxable","11":"product-type-simple"},"_links":{"self":[{"href":"https:\/\/displayproducts.eu\/fi\/wp-json\/wp\/v2\/product\/5694","targetHints":{"allow":["GET"]}}],"collection":[{"href":"https:\/\/displayproducts.eu\/fi\/wp-json\/wp\/v2\/product"}],"about":[{"href":"https:\/\/displayproducts.eu\/fi\/wp-json\/wp\/v2\/types\/product"}],"replies":[{"embeddable":true,"href":"https:\/\/displayproducts.eu\/fi\/wp-json\/wp\/v2\/comments?post=5694"}],"wp:featuredmedia":[{"embeddable":true,"href":"https:\/\/displayproducts.eu\/fi\/wp-json\/wp\/v2\/media\/5898"}],"wp:attachment":[{"href":"https:\/\/displayproducts.eu\/fi\/wp-json\/wp\/v2\/media?parent=5694"}],"wp:term":[{"taxonomy":"product_brand","embeddable":true,"href":"https:\/\/displayproducts.eu\/fi\/wp-json\/wp\/v2\/product_brand?post=5694"},{"taxonomy":"product_cat","embeddable":true,"href":"https:\/\/displayproducts.eu\/fi\/wp-json\/wp\/v2\/product_cat?post=5694"},{"taxonomy":"product_tag","embeddable":true,"href":"https:\/\/displayproducts.eu\/fi\/wp-json\/wp\/v2\/product_tag?post=5694"}],"curies":[{"name":"wp","href":"https:\/\/api.w.org\/{rel}","templated":true}]}}