{"id":5680,"date":"2025-12-10T12:42:42","date_gmt":"2025-12-10T09:42:42","guid":{"rendered":"https:\/\/wristbandfactory.eu\/?post_type=product&#038;p=5680"},"modified":"2026-04-01T21:52:35","modified_gmt":"2026-04-01T18:52:35","slug":"custom-puff-print-lanyards-raised-foam-texture","status":"publish","type":"product","link":"https:\/\/displayproducts.eu\/fi\/p\/custom-puff-print-lanyards-raised-foam-texture\/","title":{"rendered":"Puff-painatetut kaulanauhat \u2013 Kaiverrettu vaahto"},"content":{"rendered":"<p data-path-to-node=\"11\">Lis\u00e4\u00e4 br\u00e4nd\u00e4ykseen uusi ulottuvuus meid\u00e4n avullamme <b>Mukautetut puff-painatusnauhat<\/b>. K\u00e4ytt\u00e4m\u00e4ll\u00e4 erikoistunutta \u201cvaahtoavaa\u201d musteprosessia luomme logoja, jotka kirjaimellisesti kohoavat kankaasta, tarjoten ensiluokkaisen ulkon\u00e4\u00f6n ja ainutlaatuisen tuntuman.<\/p>\n<p data-path-to-node=\"12\"><b>Miksi valita puuteri-\/vaahtopainatus?<\/b> Toisin kuin ilman painatusta silkkipaino, Puff Print luo pehme\u00e4n, py\u00f6re\u00e4n 3D-reliefin. Se on erinomainen v\u00e4limuoto tavallisen painatuksen ja kalliiden silikonimuottien v\u00e4lill\u00e4. Tekstuuri houkuttelee koskettamaan ja vangitsee valon, antaen logollesi &quot;pop&quot;-efektin, jota on vaikea olla huomaamatta.<\/p>\n<p data-path-to-node=\"13\"><b>Ihanteellinen rohkeille tuotemerkeille<\/b> Kuten kilpa-ajoesimerkeiss\u00e4 (GASGAS) n\u00e4hd\u00e4\u00e4n, t\u00e4m\u00e4 tekniikka toimii parhaiten lihavoiduilla fonteilla ja lohkologoilla. Se v\u00e4litt\u00e4\u00e4 energiaa ja toimintaa, joten se sopii t\u00e4ydellisesti urheilutuotteisiin, pelitapahtumiin ja aktiivisen el\u00e4m\u00e4ntavan br\u00e4ndeihin.<\/p>\n<p data-path-to-node=\"14\"><b>T\u00e4rkeimm\u00e4t ominaisuudet:<\/b><\/p>\n<ul data-path-to-node=\"15\">\n<li>\n<p data-path-to-node=\"15,0,0\"><b>Painatustyyli:<\/b> Kohotettu \u201cpuff\u201d \/ vaahtomuoviseripainatus.<\/p>\n<\/li>\n<li>\n<p data-path-to-node=\"15,1,0\"><b>Rakenne:<\/b> Pehme\u00e4, kuminen tuntuma, py\u00f6ristetyt reunat.<\/p>\n<\/li>\n<li>\n<p data-path-to-node=\"15,2,0\"><b>Materiaali:<\/b> Litte\u00e4 polyesteri (leveydet 15 mm, 20 mm tai 25 mm).<\/p>\n<\/li>\n<li>\n<p data-path-to-node=\"15,3,0\"><b>Kest\u00e4vyys:<\/b> Vaahtomuovijousto joustaa kankaan mukana est\u00e4en halkeilua.<\/p>\n<\/li>\n<\/ul>","protected":false},"excerpt":{"rendered":"<ul>\n<li>\n<p data-path-to-node=\"9,0,0\"><b>Taktiilinen rakenne:<\/b> Erikoistunut \u201cpuff\u201d-muste laajenee kuivuessaan ja luo kohokuvioidun, vaahtomaisen 3D-efektin.<\/p>\n<\/li>\n<li>\n<p data-path-to-node=\"9,1,0\"><b>Lihavoitu n\u00e4kyvyys:<\/b> Kohotettu profiili lis\u00e4\u00e4 logoihin syvyytt\u00e4 ja kontrastia, mik\u00e4 tekee niist\u00e4 erottuvampia kuin litte\u00e4 painatus.<\/p>\n<\/li>\n<li>\n<p data-path-to-node=\"9,2,0\"><b>Urheilullinen estetiikka:<\/b> Suosittu valinta kilpa-ajojoukkueille, energiajuomille ja katumuotimerkeille dynaamisen ulkon\u00e4k\u00f6ns\u00e4 ansiosta.<\/p>\n<\/li>\n<li>\n<p data-path-to-node=\"9,3,0\"><b>Kest\u00e4v\u00e4 pohja:<\/b> Painettu korkealaatuiselle litte\u00e4lle polyesterikankaalle parhaan pidon ja pitk\u00e4n k\u00e4ytt\u00f6i\u00e4n takaamiseksi.<\/p>\n<\/li>\n<\/ul>","protected":false},"featured_media":5908,"comment_status":"closed","ping_status":"closed","template":"","meta":[],"product_brand":[],"product_cat":[104],"product_tag":[],"class_list":{"0":"post-5680","1":"product","2":"type-product","3":"status-publish","4":"has-post-thumbnail","6":"product_cat-custom-printed-lanyards","8":"first","9":"instock","10":"shipping-taxable","11":"product-type-simple"},"_links":{"self":[{"href":"https:\/\/displayproducts.eu\/fi\/wp-json\/wp\/v2\/product\/5680","targetHints":{"allow":["GET"]}}],"collection":[{"href":"https:\/\/displayproducts.eu\/fi\/wp-json\/wp\/v2\/product"}],"about":[{"href":"https:\/\/displayproducts.eu\/fi\/wp-json\/wp\/v2\/types\/product"}],"replies":[{"embeddable":true,"href":"https:\/\/displayproducts.eu\/fi\/wp-json\/wp\/v2\/comments?post=5680"}],"wp:featuredmedia":[{"embeddable":true,"href":"https:\/\/displayproducts.eu\/fi\/wp-json\/wp\/v2\/media\/5908"}],"wp:attachment":[{"href":"https:\/\/displayproducts.eu\/fi\/wp-json\/wp\/v2\/media?parent=5680"}],"wp:term":[{"taxonomy":"product_brand","embeddable":true,"href":"https:\/\/displayproducts.eu\/fi\/wp-json\/wp\/v2\/product_brand?post=5680"},{"taxonomy":"product_cat","embeddable":true,"href":"https:\/\/displayproducts.eu\/fi\/wp-json\/wp\/v2\/product_cat?post=5680"},{"taxonomy":"product_tag","embeddable":true,"href":"https:\/\/displayproducts.eu\/fi\/wp-json\/wp\/v2\/product_tag?post=5680"}],"curies":[{"name":"wp","href":"https:\/\/api.w.org\/{rel}","templated":true}]}}