{"id":5613,"date":"2025-12-10T11:15:00","date_gmt":"2025-12-10T08:15:00","guid":{"rendered":"https:\/\/wristbandfactory.eu\/?post_type=product&#038;p=5613"},"modified":"2026-04-01T21:52:35","modified_gmt":"2026-04-01T18:52:35","slug":"high-density-3d-screen-print-lanyards-tactile-braille-ready","status":"publish","type":"product","link":"https:\/\/displayproducts.eu\/fi\/p\/high-density-3d-screen-print-lanyards-tactile-braille-ready\/","title":{"rendered":"Pistekirjoitus kaulanauhat \u2013 Kaiverrettu 3D-painatus"},"content":{"rendered":"<p data-path-to-node=\"11\">Paranna br\u00e4ndisi vaikuttavuutta ja osallistavuutta meid\u00e4n avullamme <b>Korkean tiheyden 3D-silkkipainonauhat<\/b>. Toisin kuin ilman painatusta litte\u00e4painatus, t\u00e4m\u00e4 edistynyt \u201cpuffprint\u201d-tekniikka luo paksun, kumimaisen pinnan, joka kohoaa merkitt\u00e4v\u00e4sti kankaan pinnan yl\u00e4puolelle tehden logostasi ja viestist\u00e4si fyysisesti konkreettisen.<\/p>\n<p data-path-to-node=\"12\"><b>Valinta osallistaviin ja turvallisuuskriittisiin ymp\u00e4rist\u00f6ihin<\/b> T\u00e4m\u00e4 teknologia soveltuu ainutlaatuisen hyvin <b>esteett\u00f6myyssovellukset<\/b>. Kuten turvallisuuskampanjoissa (esim. \u201cOperation Lifesaver\u201d) on n\u00e4hty, tarkka, korotettu profiili mahdollistaa mm. <b>taktiiliset pistekirjoitukset<\/b> vakiotekstin rinnalla. T\u00e4m\u00e4 tekee n\u00e4ist\u00e4 kaulanauhoista t\u00e4ydellisen valinnan:<\/p>\n<ul data-path-to-node=\"13\">\n<li>\n<p data-path-to-node=\"13,0,0\"><b>Inklusiiviset tapahtumat ja konferenssit:<\/b> N\u00e4k\u00f6vammaisten osallistujien huomioiminen.<\/p>\n<\/li>\n<li>\n<p data-path-to-node=\"13,1,0\"><b>Julkinen liikenne ja turvallisuus:<\/b> Hyvin tuntuvat varoitukset henkil\u00f6kunnalle (esim. \u201cJuna l\u00e4hestyy\u201d, \u201cVaro v\u00e4li\u00e4\u201d).<\/p>\n<\/li>\n<li>\n<p data-path-to-node=\"13,2,0\"><b>Terveydenhuolto ja hallinto:<\/b> Yritysten yhteiskuntavastuun (CSR) ja esteett\u00f6myysstandardien t\u00e4ytt\u00e4minen.<\/p>\n<\/li>\n<\/ul>\n<p data-path-to-node=\"14\"><b>Ensiluokkainen rakenne ja kest\u00e4vyys<\/b> Kaiverrettu muste on kest\u00e4v\u00e4\u00e4, joustavaa ja halkeilematonta. Se luo ensiluokkaisen &quot;3D-efektin&quot;, joka lis\u00e4\u00e4 arvoa jopa yksinkertaisiin logoihin. Kaulanauhat on valmistettu kest\u00e4v\u00e4st\u00e4 polyesterist\u00e4, ja niit\u00e4 on saatavana putkimaisina tai littein\u00e4 kudoksina, ja niihin voidaan asentaa turvalukot ja irrotettavat soljet lis\u00e4toimintoja varten.<\/p>\n<p data-path-to-node=\"15\"><b>T\u00e4rkeimm\u00e4t ominaisuudet:<\/b><\/p>\n<ul data-path-to-node=\"16\">\n<li>\n<p data-path-to-node=\"16,0,0\"><b>Korkean tiheyden omaava puuterikuvio:<\/b> Eritt\u00e4in paksut mustekerrokset luovat erottuvan 3D-tuntuman.<\/p>\n<\/li>\n<li>\n<p data-path-to-node=\"16,1,0\"><b>Pistekirjoitusyhteensopiva:<\/b> Tuntolukua varten t\u00e4ytet\u00e4\u00e4n erityiset korkeusvaatimukset.<\/p>\n<\/li>\n<li>\n<p data-path-to-node=\"16,2,0\"><b>Kest\u00e4v\u00e4 materiaali:<\/b> Kest\u00e4v\u00e4\u00e4 polyesteri\u00e4, joka on suunniteltu pitk\u00e4aikaiseen k\u00e4ytt\u00f6\u00f6n.<\/p>\n<\/li>\n<li>\n<p data-path-to-node=\"16,3,0\"><b>Mukautetut liitteet:<\/b> Yhteensopiva metallikoukkujen, muovisolkien ja turvalukkojen kanssa.<\/p>\n<\/li>\n<\/ul>","protected":false},"excerpt":{"rendered":"<ul>\n<li>\n<p data-path-to-node=\"9,0,0\"><b>Taktiilinen br\u00e4nd\u00e4ys:<\/b> Edistyksellinen \u201cpuff\u201d-seripainatustekniikka luo paksun, kohokuvioidun 3D-tekstuurin, jonka voit tuntea.<\/p>\n<\/li>\n<li>\n<p data-path-to-node=\"9,1,0\"><b>Esteett\u00f6myysvalmius:<\/b> Korkea profiili mahdollistaa luettavat pistekirjoitusmerkit, mik\u00e4 tekee tapahtumista my\u00f6s n\u00e4k\u00f6vammaisille sopivia.<\/p>\n<\/li>\n<li>\n<p data-path-to-node=\"9,2,0\"><b>Hyv\u00e4 n\u00e4kyvyys:<\/b> Kaiverrettu muste on kankaan p\u00e4\u00e4ll\u00e4 maksimaalisen kontrastin ja luettavuuden takaamiseksi, mik\u00e4 sopii erinomaisesti turvallisuusviesteihin, kuten &quot;PYSY POIS RAITEILTA&quot;.<\/p>\n<\/li>\n<li>\n<p data-path-to-node=\"9,3,0\"><b>Kest\u00e4v\u00e4 ja turvallinen:<\/b> Saatavilla irrotettavilla turvasoljilla ja irrotettavilla klipsuilla kovaan p\u00e4ivitt\u00e4iseen k\u00e4ytt\u00f6\u00f6n.<\/p>\n<\/li>\n<\/ul>","protected":false},"featured_media":5617,"comment_status":"closed","ping_status":"closed","template":"","meta":[],"product_brand":[],"product_cat":[104],"product_tag":[],"class_list":{"0":"post-5613","1":"product","2":"type-product","3":"status-publish","4":"has-post-thumbnail","6":"product_cat-custom-printed-lanyards","8":"first","9":"instock","10":"shipping-taxable","11":"product-type-simple"},"_links":{"self":[{"href":"https:\/\/displayproducts.eu\/fi\/wp-json\/wp\/v2\/product\/5613","targetHints":{"allow":["GET"]}}],"collection":[{"href":"https:\/\/displayproducts.eu\/fi\/wp-json\/wp\/v2\/product"}],"about":[{"href":"https:\/\/displayproducts.eu\/fi\/wp-json\/wp\/v2\/types\/product"}],"replies":[{"embeddable":true,"href":"https:\/\/displayproducts.eu\/fi\/wp-json\/wp\/v2\/comments?post=5613"}],"wp:featuredmedia":[{"embeddable":true,"href":"https:\/\/displayproducts.eu\/fi\/wp-json\/wp\/v2\/media\/5617"}],"wp:attachment":[{"href":"https:\/\/displayproducts.eu\/fi\/wp-json\/wp\/v2\/media?parent=5613"}],"wp:term":[{"taxonomy":"product_brand","embeddable":true,"href":"https:\/\/displayproducts.eu\/fi\/wp-json\/wp\/v2\/product_brand?post=5613"},{"taxonomy":"product_cat","embeddable":true,"href":"https:\/\/displayproducts.eu\/fi\/wp-json\/wp\/v2\/product_cat?post=5613"},{"taxonomy":"product_tag","embeddable":true,"href":"https:\/\/displayproducts.eu\/fi\/wp-json\/wp\/v2\/product_tag?post=5613"}],"curies":[{"name":"wp","href":"https:\/\/api.w.org\/{rel}","templated":true}]}}