{"id":5559,"date":"2025-11-17T00:22:15","date_gmt":"2025-11-16T21:22:15","guid":{"rendered":"https:\/\/wristbandfactory.eu\/?post_type=product&#038;p=5559"},"modified":"2026-04-01T21:52:35","modified_gmt":"2026-04-01T18:52:35","slug":"rechargeable-dmx-led-wristbands-type-c","status":"publish","type":"product","link":"https:\/\/displayproducts.eu\/fi\/p\/rechargeable-dmx-led-wristbands-type-c\/","title":{"rendered":"Ladattavat LED-rannekkeet"},"content":{"rendered":"<p data-path-to-node=\"10\">Muunna tapahtumasi maailmanluokan valotuotannoksi edistyneimm\u00e4ll\u00e4 LED-rannekkeellamme. Ladattava DMX-malli on suunniteltu erityisesti korkealuokkaisiin kierroksiin, suuriin yritystapahtumiin ja kaikille B2B-asiakkaille, jotka tarvitsevat t\u00e4ydellist\u00e4 tarkkaa hallintaa. Kertak\u00e4ytt\u00f6paristojen lis\u00e4ksi t\u00e4ss\u00e4 mallissa on kest\u00e4v\u00e4 Type-C-latausj\u00e4rjestelm\u00e4, mik\u00e4 tekee siit\u00e4 kustannustehokkaimman ja ymp\u00e4rist\u00f6yst\u00e4v\u00e4llisimm\u00e4n ratkaisun usean p\u00e4iv\u00e4n konferensseihin. 256 saatavilla olevan v\u00e4rin paletin ja t\u00e4yden DMX-ohjelmistointegraation ansiosta se on ensisijainen valinta ammattimaisille tapahtumatuottajille maailmanlaajuisesti.<\/p>\n<h2 data-path-to-node=\"11\">T\u00e4rkeimm\u00e4t ominaisuudet<\/h2>\n<ul data-path-to-node=\"12\">\n<li>\n<p data-path-to-node=\"12,0,0\"><b data-path-to-node=\"12,0,0\" data-index-in-node=\"0\">C-tyypin USB-ladattava:<\/b> Moderni virtaj\u00e4rjestelm\u00e4, joka tukee useiden p\u00e4ivien intensiivist\u00e4 k\u00e4ytt\u00f6\u00e4 ilman akun vaihtoa.<\/p>\n<\/li>\n<li>\n<p data-path-to-node=\"12,1,0\"><b data-path-to-node=\"12,1,0\" data-index-in-node=\"0\">T\u00e4ysi DMX- ja ohjelmisto-ohjaus:<\/b> Mahdollistaa ammattimaisten ja monimutkaisten valaistussarjojen hallinnan keskitettyjen valaistusp\u00f6ytien tai erikoisohjelmistojen avulla.<\/p>\n<\/li>\n<li>\n<p data-path-to-node=\"12,2,0\"><b data-path-to-node=\"12,2,0\" data-index-in-node=\"0\">256-v\u00e4rinen RGB-spektri:<\/b> Tarjoaa t\u00e4ydellisen v\u00e4rivalikoiman, joka ylitt\u00e4\u00e4 huomattavasti 15-v\u00e4riset vakiomallit, mahdollistaen tarkan br\u00e4ndiyhteensovituksen ja taiteelliset siirtym\u00e4t.<\/p>\n<\/li>\n<li>\n<p data-path-to-node=\"12,3,0\"><b data-path-to-node=\"12,3,0\" data-index-in-node=\"0\">2 vuoden ammattilaistakuu:<\/b> Omistettu B2B-laatutakuu, joka varmistaa sijoituksesi suojan pitk\u00e4aikaista k\u00e4ytt\u00f6\u00e4 varten.<\/p>\n<\/li>\n<li>\n<p data-path-to-node=\"12,4,0\"><b data-path-to-node=\"12,4,0\" data-index-in-node=\"0\">Sertifioitu turvallisuus:<\/b> T\u00e4ytt\u00e4\u00e4 kaikki eurooppalaiset CE- ja RoHS-standardit materiaalien ja turvallisuuden osalta ammattiymp\u00e4rist\u00f6iss\u00e4.<\/p>\n<\/li>\n<\/ul>\n<h2 data-path-to-node=\"13\">Tekniset tiedot<\/h2>\n<ul data-path-to-node=\"14\">\n<li>\n<p data-path-to-node=\"14,0,0\"><b data-path-to-node=\"14,0,0\" data-index-in-node=\"0\">Materiaali:<\/b> Iskunkest\u00e4v\u00e4 ABS-kotelo ja kest\u00e4v\u00e4 PVC-hihna<\/p>\n<\/li>\n<li>\n<p data-path-to-node=\"14,1,0\"><b data-path-to-node=\"14,1,0\" data-index-in-node=\"0\">Yksik\u00f6n koko:<\/b> 6,77 x 8,5 x 3,3 cm<\/p>\n<\/li>\n<li>\n<p data-path-to-node=\"14,2,0\"><b data-path-to-node=\"14,2,0\" data-index-in-node=\"0\">Logon painatusalue:<\/b> 2 x 4 cm<\/p>\n<\/li>\n<li>\n<p data-path-to-node=\"14,3,0\"><b data-path-to-node=\"14,3,0\" data-index-in-node=\"0\">Viestint\u00e4:<\/b> RF 433MHz \/ DMX512 \/ Ohjelmistoohjaus \/ Manuaalinen painike<\/p>\n<\/li>\n<li>\n<p data-path-to-node=\"14,4,0\"><b data-path-to-node=\"14,4,0\" data-index-in-node=\"0\">Teho:<\/b> USB-ladattava (Type-C 5V-1A)<\/p>\n<\/li>\n<li>\n<p data-path-to-node=\"14,5,0\"><b data-path-to-node=\"14,5,0\" data-index-in-node=\"0\">Takuu:<\/b> 2 vuotta<\/p>\n<\/li>\n<li>\n<p data-path-to-node=\"14,6,0\"><b data-path-to-node=\"14,6,0\" data-index-in-node=\"0\">Todistukset:<\/b> CE, RoHS<\/p>\n<\/li>\n<li>\n<p data-path-to-node=\"14,7,0\"><b data-path-to-node=\"14,7,0\" data-index-in-node=\"0\">LED-v\u00e4rit:<\/b> 256-v\u00e4rinen RGB-paletti<\/p>\n<\/li>\n<\/ul>\n<h2 data-path-to-node=\"15\">K\u00e4ytt\u00f6tapaukset<\/h2>\n<ul data-path-to-node=\"16\">\n<li>\n<p data-path-to-node=\"16,0,0\"><b data-path-to-node=\"16,0,0\" data-index-in-node=\"0\">Monip\u00e4iv\u00e4iset musiikkifestivaalit:<\/b> V\u00e4hent\u00e4\u00e4 akun kulutusta ja antaa j\u00e4rjest\u00e4jille mahdollisuuden ladata tuhansia yksik\u00f6it\u00e4 y\u00f6n aikana.<\/p>\n<\/li>\n<li>\n<p data-path-to-node=\"16,1,0\"><b data-path-to-node=\"16,1,0\" data-index-in-node=\"0\">Huippuluokan yritysgaalat:<\/b> Tarjoaa tarvittavan rakeisen valons\u00e4\u00e4d\u00f6n monimutkaisten br\u00e4ndiv\u00e4rivalikoiden yhteensovittamiseksi ja synkronoimiseksi avajaispuheenvuorojen paljastusten kanssa.<\/p>\n<\/li>\n<li>\n<p data-path-to-node=\"16,2,0\"><b data-path-to-node=\"16,2,0\" data-index-in-node=\"0\">Ammattimaiset stadionkierrokset:<\/b> Kest\u00e4v\u00e4 ja luotettava kest\u00e4m\u00e4\u00e4n toistuvaa k\u00e4ytt\u00f6\u00e4 ja p\u00e4ivitt\u00e4ist\u00e4 lataamista useiden kiertuep\u00e4ivien aikana.<\/p>\n<\/li>\n<li>\n<p data-path-to-node=\"16,3,0\"><b data-path-to-node=\"16,3,0\" data-index-in-node=\"0\">VIP-vieraanvaraisuus:<\/b> Huipputeknologinen, ensiluokkainen matkamuisto, joka heijastaa sitoutumista innovaatioon ja kest\u00e4v\u00e4\u00e4n kehitykseen.<\/p>\n<\/li>\n<\/ul>\n<p data-path-to-node=\"17\">","protected":false},"excerpt":{"rendered":"<ul>\n<li>\n<p data-path-to-node=\"9,0,0\"><b data-path-to-node=\"9,0,0\" data-index-in-node=\"0\">Ymp\u00e4rist\u00f6yst\u00e4v\u00e4llinen lataus:<\/b> Siin\u00e4 on moderni Type-C-portti nopeaa USB-latausta varten, mik\u00e4 v\u00e4hent\u00e4\u00e4 akun kulutusta ja tekee siit\u00e4 ihanteellisen monip\u00e4iv\u00e4isiin tapahtumiin.<\/p>\n<\/li>\n<li>\n<p data-path-to-node=\"9,1,0\"><b data-path-to-node=\"9,1,0\" data-index-in-node=\"0\">Ammattimainen ohjelmistonhallinta:<\/b> T\u00e4ysin yhteensopiva DMX512:n ja erikoisohjelmistojen kanssa rakeiseen, stadionmittakaavan valaistuksen ohjaukseen.<\/p>\n<\/li>\n<li>\n<p data-path-to-node=\"9,2,0\"><b data-path-to-node=\"9,2,0\" data-index-in-node=\"0\">256 RGB-v\u00e4ripaletti:<\/b> Massiivinen p\u00e4ivitys vakiomalleihin verrattuna, joka tarjoaa t\u00e4yden v\u00e4rispektrin monimutkaisiin ja t\u00e4ydellisesti synkronoituihin valoesityksiin.<\/p>\n<\/li>\n<li>\n<p data-path-to-node=\"9,3,0\"><b data-path-to-node=\"9,3,0\" data-index-in-node=\"0\">Sertifioitu luotettavuus:<\/b> Kahden vuoden B2B-takuu ja t\u00e4ysi CE\/RoHS-sertifiointi vaativiin ammattimaisiin tapahtumiin.<\/p>\n<\/li>\n<\/ul>","protected":false},"featured_media":5558,"comment_status":"closed","ping_status":"closed","template":"","meta":[],"product_brand":[],"product_cat":[80],"product_tag":[],"class_list":{"0":"post-5559","1":"product","2":"type-product","3":"status-publish","4":"has-post-thumbnail","6":"product_cat-led-wristbands","8":"first","9":"instock","10":"shipping-taxable","11":"purchasable","12":"product-type-simple"},"_links":{"self":[{"href":"https:\/\/displayproducts.eu\/fi\/wp-json\/wp\/v2\/product\/5559","targetHints":{"allow":["GET"]}}],"collection":[{"href":"https:\/\/displayproducts.eu\/fi\/wp-json\/wp\/v2\/product"}],"about":[{"href":"https:\/\/displayproducts.eu\/fi\/wp-json\/wp\/v2\/types\/product"}],"replies":[{"embeddable":true,"href":"https:\/\/displayproducts.eu\/fi\/wp-json\/wp\/v2\/comments?post=5559"}],"wp:featuredmedia":[{"embeddable":true,"href":"https:\/\/displayproducts.eu\/fi\/wp-json\/wp\/v2\/media\/5558"}],"wp:attachment":[{"href":"https:\/\/displayproducts.eu\/fi\/wp-json\/wp\/v2\/media?parent=5559"}],"wp:term":[{"taxonomy":"product_brand","embeddable":true,"href":"https:\/\/displayproducts.eu\/fi\/wp-json\/wp\/v2\/product_brand?post=5559"},{"taxonomy":"product_cat","embeddable":true,"href":"https:\/\/displayproducts.eu\/fi\/wp-json\/wp\/v2\/product_cat?post=5559"},{"taxonomy":"product_tag","embeddable":true,"href":"https:\/\/displayproducts.eu\/fi\/wp-json\/wp\/v2\/product_tag?post=5559"}],"curies":[{"name":"wp","href":"https:\/\/api.w.org\/{rel}","templated":true}]}}