{"id":5497,"date":"2025-11-15T16:43:25","date_gmt":"2025-11-15T13:43:25","guid":{"rendered":"https:\/\/wristbandfactory.eu\/?post_type=product&#038;p=5497"},"modified":"2026-04-01T21:52:35","modified_gmt":"2026-04-01T18:52:35","slug":"custom-printed-tyvek-wristbands","status":"publish","type":"product","link":"https:\/\/displayproducts.eu\/fi\/p\/custom-printed-tyvek-wristbands\/","title":{"rendered":"Mukautetut painetut Tyvek-rannekkeet (yksiv\u00e4rinen painatus)"},"content":{"rendered":"<p data-path-to-node=\"12\">Turvaa tapahtumasi ja tehosta sis\u00e4\u00e4np\u00e4\u00e4syjen hallintaa meid\u00e4n avullamme <b data-path-to-node=\"12\" data-index-in-node=\"84\">Mukautetut painetut Tyvek-rannekkeet (1-v\u00e4riset)<\/b>. Tehokkuutta ja kohtuuhintaisuutta ajatellen suunnitellut n\u00e4m\u00e4 taajuusalueet ovat alan standardi festivaaleilla, konserteissa, klubeilla ja yritystapahtumissa, jotka vaativat luotettavaa kulunvalvontaa.<\/p>\n<p data-path-to-node=\"13\">Toisin kuin yleisiss\u00e4 vaihtoehdoissa, r\u00e4\u00e4t\u00e4l\u00f6idyss\u00e4 painatuspalvelussamme voit lis\u00e4t\u00e4 logosi, tapahtumasi nimen tai mukautetun tekstin ter\u00e4v\u00e4ll\u00e4 <b data-path-to-node=\"13\" data-index-in-node=\"117\">Musta tai valkoinen muste<\/b>. T\u00e4m\u00e4 yksiv\u00e4ripainatusmenetelm\u00e4 tarjoaa t\u00e4ydellisen tasapainon alhaisten kustannusten ja hyv\u00e4n n\u00e4kyvyyden v\u00e4lill\u00e4, joten se on ihanteellinen valinta osallistujien luokitteluun (esim. VIP, henkil\u00f6kunta, yleiset sis\u00e4\u00e4np\u00e4\u00e4syt) ilman, ett\u00e4 budjettia ylitet\u00e4\u00e4n.<\/p>\n<h2 data-path-to-node=\"14\">T\u00e4rkeimm\u00e4t ominaisuudet<\/h2>\n<ul data-path-to-node=\"15\">\n<li>\n<p data-path-to-node=\"15,0,0\"><b data-path-to-node=\"15,0,0\" data-index-in-node=\"0\">Taloudellinen painatusratkaisu:<\/b> Nopea yksiv\u00e4risen silkkipainon (mustavalkoinen) ansiosta yksikk\u00f6kustannukset ovat alhaiset, joten se sopii t\u00e4ydellisesti suuriin tapahtumiin.<\/p>\n<\/li>\n<li>\n<p data-path-to-node=\"15,1,0\"><b data-path-to-node=\"15,1,0\" data-index-in-node=\"0\">V\u00e4\u00e4rink\u00e4yt\u00f6lt\u00e4 suojattu suojaus:<\/b> Jokaisessa rannekkeessa on muotoiltu itsekiinnittyv\u00e4 suljin, joka repeytyy, jos sit\u00e4 yritet\u00e4\u00e4n irrottaa, est\u00e4en siirron ja tulonmenetykset.<\/p>\n<\/li>\n<li>\n<p data-path-to-node=\"15,2,0\"><b data-path-to-node=\"15,2,0\" data-index-in-node=\"0\">Juokseva numerointi:<\/b> Kaikissa b\u00e4ndeiss\u00e4 on valmiiksi painetut yksil\u00f6lliset sarjanumerot, jotka auttavat sinua seuraamaan l\u00e4sn\u00e4oloa ja tarkastamaan lippujen myynti\u00e4.<\/p>\n<\/li>\n<li>\n<p data-path-to-node=\"15,3,1\"><span data-path-to-node=\"15,3,1,0\"><b data-path-to-node=\"15,3,1,0\" data-index-in-node=\"0\"><span class=\"citation-19\">Aito DuPont\u2122 Tyvek\u00ae:<\/span><\/b><span class=\"citation-19\"> K\u00e4yt\u00e4mme vain aitoa materiaalia, joka on kevytt\u00e4, t\u00e4ysin vedenpit\u00e4v\u00e4\u00e4 ja repe\u00e4m\u00e4t\u00f6nt\u00e4 jopa viiden p\u00e4iv\u00e4n ajan. <\/span><\/span><\/p>\n<\/li>\n<li>\n<p data-path-to-node=\"15,4,0\"><b data-path-to-node=\"15,4,0\" data-index-in-node=\"0\">Laaja v\u00e4rivalikoima:<\/b> Musta painatus erottuu rohkeasti laajasta neon-, metalli- ja yksiv\u00e4risten pohjarannekkeidemme v\u00e4rivalikoimasta.<\/p>\n<\/li>\n<\/ul>\n<h2 data-path-to-node=\"16\">Tekniset tiedot<\/h2>\n<ul data-path-to-node=\"17\">\n<li>\n<p data-path-to-node=\"17,0,1\"><span data-path-to-node=\"17,0,1,0\"><b data-path-to-node=\"17,0,1,0\" data-index-in-node=\"0\"><span class=\"citation-18\">Materiaali:<\/span><\/b><span class=\"citation-18\"> DuPont\u2122 Tyvek\u00ae (kierr\u00e4tett\u00e4v\u00e4 tihe\u00e4 polyeteeni). <\/span><\/span><\/p>\n<\/li>\n<li>\n<p data-path-to-node=\"17,1,0\"><b data-path-to-node=\"17,1,0\" data-index-in-node=\"0\">Painatustyyppi:<\/b> 1-v\u00e4rinen serigrafia (vakio: musta muste).<\/p>\n<\/li>\n<li>\n<p data-path-to-node=\"17,2,0\"><b data-path-to-node=\"17,2,0\" data-index-in-node=\"0\">Koko:<\/b> Vakioleveys 19 mm tai 25 mm (s\u00e4\u00e4dett\u00e4v\u00e4 pituus).<\/p>\n<\/li>\n<li>\n<p data-path-to-node=\"17,3,0\"><b data-path-to-node=\"17,3,0\" data-index-in-node=\"0\">P\u00e4\u00e4tt\u00e4minen:<\/b> Kertak\u00e4ytt\u00f6inen avaamattomuuden osoittava liima.<\/p>\n<\/li>\n<li>\n<p data-path-to-node=\"17,4,0\"><b data-path-to-node=\"17,4,0\" data-index-in-node=\"0\">Kest\u00e4vyys:<\/b> Vedenkest\u00e4v\u00e4, repe\u00e4m\u00e4t\u00f6n, sopii 1\u20135 p\u00e4iv\u00e4ksi.<\/p>\n<\/li>\n<\/ul>\n<h2 data-path-to-node=\"18\">K\u00e4ytt\u00f6tapaukset<\/h2>\n<ul data-path-to-node=\"19\">\n<li>\n<p data-path-to-node=\"19,0,0\"><b data-path-to-node=\"19,0,0\" data-index-in-node=\"0\">Portin ohjaus:<\/b> Maksavien asiakkaiden nopea visuaalinen tunnistus y\u00f6kerhoissa ja baareissa.<\/p>\n<\/li>\n<li>\n<p data-path-to-node=\"19,1,0\"><b data-path-to-node=\"19,1,0\" data-index-in-node=\"0\">V\u00e4kijoukonhallinta:<\/b> Rajoitetuille alueille tarkoitettu erottuva teksti (esim. \u201cHENKIL\u00d6KUNTA\u201d, \u201cTAITEILIJA\u201d).<\/p>\n<\/li>\n<li>\n<p data-path-to-node=\"19,2,0\"><b data-path-to-node=\"19,2,0\" data-index-in-node=\"0\">Suuret festivaalit:<\/b> Edullisin tapa varmistaa tuhansien osallistujien m\u00e4\u00e4r\u00e4.<\/p>\n<\/li>\n<li>\n<p data-path-to-node=\"19,3,0\"><b data-path-to-node=\"19,3,0\" data-index-in-node=\"0\">Vaatteiden tarkastus ja lipunmyynti:<\/b> K\u00e4ytet\u00e4\u00e4n per\u00e4kk\u00e4isi\u00e4 numeroita kapasiteetin varmentamiseen.<\/p>\n<\/li>\n<\/ul>","protected":false},"excerpt":{"rendered":"<ul>\n<li>\n<p data-path-to-node=\"11,0,1\"><span data-path-to-node=\"11,0,1,0\"><b data-path-to-node=\"11,0,1,0\" data-index-in-node=\"0\"><span class=\"citation-22\">Kustannustehokas br\u00e4nd\u00e4ys:<\/span><\/b><span class=\"citation-22\"> Ter\u00e4v\u00e4 yksiv\u00e4ripainatus (musta tai valkoinen) sopii erinomaisesti logoille ja tekstille<\/span><\/span><\/p>\n<\/li>\n<li>\n<p data-path-to-node=\"11,1,1\"><span data-path-to-node=\"11,1,1,0\"><b data-path-to-node=\"11,1,1,0\" data-index-in-node=\"0\"><span class=\"citation-21\">Korkea turvallisuus:<\/span><\/b><span class=\"citation-21\"> Esinumeroitu per\u00e4kk\u00e4isill\u00e4 sarjanumeroilla ja suojattu sinettiliimalla. <\/span><\/span><\/p>\n<\/li>\n<li>\n<p data-path-to-node=\"11,2,1\"><span data-path-to-node=\"11,2,1,0\"><b data-path-to-node=\"11,2,1,0\" data-index-in-node=\"0\"><span class=\"citation-20\">Kest\u00e4v\u00e4 materiaali:<\/span><\/b><span class=\"citation-20\"> Valmistettu aidosta DuPont\u2122 Tyvek\u00ae -materiaalista \u2013 vedenpit\u00e4v\u00e4 ja repe\u00e4m\u00e4t\u00f6n. <\/span><\/span><\/p>\n<\/li>\n<li>\n<p data-path-to-node=\"11,3,0\"><b data-path-to-node=\"11,3,0\" data-index-in-node=\"0\">Nopea tuotanto:<\/b> Nopein omalla painatuksella ratkaisu tiukkoihin aikatauluihin.<\/p>\n<\/li>\n<\/ul>","protected":false},"featured_media":6108,"comment_status":"closed","ping_status":"closed","template":"","meta":[],"product_brand":[],"product_cat":[41],"product_tag":[],"class_list":{"0":"post-5497","1":"product","2":"type-product","3":"status-publish","4":"has-post-thumbnail","6":"product_cat-tyvek","8":"first","9":"instock","10":"shipping-taxable","11":"purchasable","12":"product-type-simple"},"_links":{"self":[{"href":"https:\/\/displayproducts.eu\/fi\/wp-json\/wp\/v2\/product\/5497","targetHints":{"allow":["GET"]}}],"collection":[{"href":"https:\/\/displayproducts.eu\/fi\/wp-json\/wp\/v2\/product"}],"about":[{"href":"https:\/\/displayproducts.eu\/fi\/wp-json\/wp\/v2\/types\/product"}],"replies":[{"embeddable":true,"href":"https:\/\/displayproducts.eu\/fi\/wp-json\/wp\/v2\/comments?post=5497"}],"wp:featuredmedia":[{"embeddable":true,"href":"https:\/\/displayproducts.eu\/fi\/wp-json\/wp\/v2\/media\/6108"}],"wp:attachment":[{"href":"https:\/\/displayproducts.eu\/fi\/wp-json\/wp\/v2\/media?parent=5497"}],"wp:term":[{"taxonomy":"product_brand","embeddable":true,"href":"https:\/\/displayproducts.eu\/fi\/wp-json\/wp\/v2\/product_brand?post=5497"},{"taxonomy":"product_cat","embeddable":true,"href":"https:\/\/displayproducts.eu\/fi\/wp-json\/wp\/v2\/product_cat?post=5497"},{"taxonomy":"product_tag","embeddable":true,"href":"https:\/\/displayproducts.eu\/fi\/wp-json\/wp\/v2\/product_tag?post=5497"}],"curies":[{"name":"wp","href":"https:\/\/api.w.org\/{rel}","templated":true}]}}