{"id":5416,"date":"2025-11-13T17:37:51","date_gmt":"2025-11-13T14:37:51","guid":{"rendered":"https:\/\/wristbandfactory.eu\/?post_type=product&#038;p=5416"},"modified":"2026-04-01T21:52:03","modified_gmt":"2026-04-01T18:52:03","slug":"usb-wristbands-custom-silicone","status":"publish","type":"product","link":"https:\/\/displayproducts.eu\/fi\/p\/usb-wristbands-custom-silicone\/","title":{"rendered":"USB-rannekkeet (mukautettu silikoni)"},"content":{"rendered":"<p>Tee pysyv\u00e4 vaikutus seuraavassa yritystapahtumassasi tai messuillamme r\u00e4\u00e4t\u00e4l\u00f6idyill\u00e4 silikonisista USB-rannekkeillamme. T\u00e4m\u00e4 innovatiivinen mainostuote yhdist\u00e4\u00e4 kannettavan rannekkeen k\u00e4tevyyden ja USB-muistitikun k\u00e4yt\u00e4nn\u00f6llisyyden varmistaen, ett\u00e4 br\u00e4ndisi pysyy mieless\u00e4 pitk\u00e4\u00e4n tapahtuman j\u00e4lkeen.<\/p>\n<p>N\u00e4m\u00e4 USB-rannekkeet ovat t\u00e4ydellinen ty\u00f6kalu digitaalisten luetteloiden, esittelymateriaalien tai markkinointivideoiden jakamiseen asiakkaille ja kumppaneille. Ne on valmistettu kest\u00e4v\u00e4st\u00e4 ja mukavasta silikonista, ja ne voidaan r\u00e4\u00e4t\u00e4l\u00f6id\u00e4 t\u00e4ysin br\u00e4ndisi identiteetin mukaan. Valitse haluamasi v\u00e4ri ja lis\u00e4\u00e4 logosi parhaan n\u00e4kyvyyden saavuttamiseksi.<\/p>\n<p>Tarjoamme monipuolisen valikoiman tallennuskapasiteetteja kaikkiin yritystarpeisiin, 8 Gt:sta 128 Gt:iin. Minimitilausm\u00e4\u00e4r\u00e4ll\u00e4 100 kappaletta n\u00e4m\u00e4 muistitikkurannekkeet ovat skaalautuva ja tehokas ratkaisu markkinointikampanjoihin, sis\u00e4iseen koulutukseen tai tapahtumien arvontoihin.<\/p>\n<p><b>T\u00e4rkeimm\u00e4t ominaisuudet:<\/b><\/p>\n<ul>\n<li><b>Kaksitoiminen suunnittelu:<\/b> Toimii sek\u00e4 kannettavana silikonirannekkeena ett\u00e4 k\u00e4yt\u00e4nn\u00f6llisen\u00e4 USB-muistitikkuna.<\/li>\n<li><b>T\u00e4ysi mukautus:<\/b> Saatavilla miss\u00e4 tahansa mukautetussa v\u00e4riss\u00e4, joka vastaa t\u00e4ydellisesti br\u00e4ndisi ohjeita.<\/li>\n<li><b>Monipuolinen s\u00e4ilytys:<\/b> Valitse laajasta valikoimasta kapasiteettia (8 Gt, 16 Gt, 32 Gt, 64 Gt, 128 Gt) tiedoillesi.<\/li>\n<li><b>Irtotilaus valmis:<\/b> Ihanteellinen suuriin tapahtumiin ja promootioihin, kun tilausm\u00e4\u00e4r\u00e4 on v\u00e4hint\u00e4\u00e4n 100 yksikk\u00f6\u00e4.<\/li>\n<li><b>Kest\u00e4v\u00e4 materiaali:<\/b> Valmistettu joustavasta ja mukavasta silikonista (20,5 x 1,7 cm) pitk\u00e4aikaiseen k\u00e4ytt\u00f6\u00f6n.<\/li>\n<\/ul>","protected":false},"excerpt":{"rendered":"<ul>\n<li>K\u00e4yt\u00e4nn\u00f6llinen 2-in-1-mainostuote: mukava silikoniranneke ja USB-muistitikku.<\/li>\n<li>T\u00e4ysin muokattavissa br\u00e4ndisi logolla ja yrityksen omilla v\u00e4reill\u00e4.<\/li>\n<li>Saatavilla laajalla kapasiteetilla (8 Gt - 128 Gt) datatarpeidesi mukaan.<\/li>\n<li>Ihanteellinen yritystapahtumiin, messuille ja konferensseihin. Minimitilaus: 100 kpl.<\/li>\n<\/ul>","protected":false},"featured_media":6253,"comment_status":"closed","ping_status":"closed","template":"","meta":[],"product_brand":[],"product_cat":[128,88],"product_tag":[],"class_list":{"0":"post-5416","1":"product","2":"type-product","3":"status-publish","4":"has-post-thumbnail","6":"product_cat-mobile-tech-accessories","7":"product_cat-smart-wristbands","9":"first","10":"instock","11":"shipping-taxable","12":"product-type-simple"},"_links":{"self":[{"href":"https:\/\/displayproducts.eu\/fi\/wp-json\/wp\/v2\/product\/5416","targetHints":{"allow":["GET"]}}],"collection":[{"href":"https:\/\/displayproducts.eu\/fi\/wp-json\/wp\/v2\/product"}],"about":[{"href":"https:\/\/displayproducts.eu\/fi\/wp-json\/wp\/v2\/types\/product"}],"replies":[{"embeddable":true,"href":"https:\/\/displayproducts.eu\/fi\/wp-json\/wp\/v2\/comments?post=5416"}],"wp:featuredmedia":[{"embeddable":true,"href":"https:\/\/displayproducts.eu\/fi\/wp-json\/wp\/v2\/media\/6253"}],"wp:attachment":[{"href":"https:\/\/displayproducts.eu\/fi\/wp-json\/wp\/v2\/media?parent=5416"}],"wp:term":[{"taxonomy":"product_brand","embeddable":true,"href":"https:\/\/displayproducts.eu\/fi\/wp-json\/wp\/v2\/product_brand?post=5416"},{"taxonomy":"product_cat","embeddable":true,"href":"https:\/\/displayproducts.eu\/fi\/wp-json\/wp\/v2\/product_cat?post=5416"},{"taxonomy":"product_tag","embeddable":true,"href":"https:\/\/displayproducts.eu\/fi\/wp-json\/wp\/v2\/product_tag?post=5416"}],"curies":[{"name":"wp","href":"https:\/\/api.w.org\/{rel}","templated":true}]}}