{"id":5409,"date":"2025-11-13T17:32:46","date_gmt":"2025-11-13T14:32:46","guid":{"rendered":"https:\/\/wristbandfactory.eu\/?post_type=product&#038;p=5409"},"modified":"2026-04-01T21:52:03","modified_gmt":"2026-04-01T18:52:03","slug":"charging-cable-with-rpet-phone-strap-60w-usb-c","status":"publish","type":"product","link":"https:\/\/displayproducts.eu\/fi\/p\/charging-cable-with-rpet-phone-strap-60w-usb-c\/","title":{"rendered":"Latauskaapeli rPET-puhelinhihnalla (60 W USB-C)"},"content":{"rendered":"<p><span style=\"font-family: -apple-system, BlinkMacSystemFont, 'Segoe UI', Roboto, 'Helvetica Neue', Arial, 'Noto Sans', sans-serif, 'Apple Color Emoji', 'Segoe UI Emoji', 'Segoe UI Symbol', 'Noto Color Emoji';\">Tarjoa aidosti k\u00e4yt\u00e4nn\u00f6llinen ja kest\u00e4v\u00e4 teknologiatuote seuraavilla messuillasi tai yritystapahtumassasi. T\u00e4m\u00e4 innovatiivinen 2-in-1-latauskaapeli on enemm\u00e4n kuin pelkk\u00e4 virtal\u00e4hde; se on kest\u00e4v\u00e4 puhelinhihna, joka varmistaa, ett\u00e4 br\u00e4ndisi pysyy yhteydess\u00e4 ja n\u00e4kyviss\u00e4.<\/span><\/p>\n<p>T\u00e4m\u00e4n tuotteen ydin on tehokas 60 W:n USB Type-C - Type-C -kaapeli, joka tukee sek\u00e4 nopeaa latausta ett\u00e4 nopeaa tiedonsiirtoa. Punottu kaapeli on valmistettu kierr\u00e4tetyst\u00e4 PET-muovista (rPET), mik\u00e4 vetoaa ymp\u00e4rist\u00f6tietoisiin asiakkaisiin ja kumppaneihin. Sen toissijainen toiminto on kest\u00e4v\u00e4 puhelinhihna, joka on yhteensopiva useimpien puhelinkuorien kanssa. Ranneke on kevyt, s\u00e4\u00e4dett\u00e4v\u00e4 ja eritt\u00e4in kest\u00e4v\u00e4, testatusti jopa 8 kg:n painolle.<\/p>\n<p>T\u00e4m\u00e4 monitoiminen latauskaapeli on erinomainen mainosv\u00e4line teknologiayrityksille, yrityskonferensseille ja markkinointitoimistoille. Br\u00e4nd\u00e4\u00e4m\u00e4ll\u00e4 kest\u00e4v\u00e4n alumiinikotelon annat osallistujille hy\u00f6dyllisen esineen, jota he voivat k\u00e4ytt\u00e4\u00e4 pitk\u00e4\u00e4n tapahtuman j\u00e4lkeen, mik\u00e4 maksimoi br\u00e4ndin n\u00e4kyvyyden.<\/p>\n<p><b>T\u00e4rkeimm\u00e4t ominaisuudet:<\/b><\/p>\n<ul>\n<li><b>60 W:n pikalataus:<\/b> Nopea USB-C\u2013USB-C-kaapeli antaa laitteille virran nopeasti ja tukee tiedonsiirtoa.<\/li>\n<li><b>Kest\u00e4v\u00e4 puhelimen hihna:<\/b> Toimii handsfree-rannekkeena, testattu ja kest\u00e4\u00e4 jopa 8 kg:n painon.<\/li>\n<li><b>Ymp\u00e4rist\u00f6yst\u00e4v\u00e4llinen materiaali:<\/b> Kierr\u00e4tetyist\u00e4 rPET-pulloista punottu kaapeli, joka sopii erinomaisesti kest\u00e4v\u00e4\u00e4n kehitykseen keskittyv\u00e4\u00e4n br\u00e4nd\u00e4ykseen.<\/li>\n<li><b>Yleinen yhteensopivuus:<\/b> Suunniteltu toimimaan useimpien puhelinkuorien kanssa, kiinnittyy helposti v\u00e4lit\u00f6nt\u00e4 k\u00e4ytt\u00f6\u00e4 varten.<\/li>\n<li><b>Premium-koontiversio:<\/b> Kest\u00e4v\u00e4t alumiiniset liitinkotelot sopivat t\u00e4ydellisesti logon laserkaiverrukseen.<\/li>\n<\/ul>","protected":false},"excerpt":{"rendered":"<ul>\n<li>3-in-1-ratkaisu: puhelimen rannehihna, 60 W:n pikalatauskaapeli ja tiedonsiirtokaapeli.<\/li>\n<li>Valmistettu kest\u00e4v\u00e4st\u00e4 rPET-nailonpunoksesta.<\/li>\n<li>Sis\u00e4lt\u00e4\u00e4 Type-C - Type-C -liittimet nykyaikaisille laitteille.<\/li>\n<li>Eritt\u00e4in hy\u00f6dyllinen mainostuote teknologiakonferensseihin ja yritystapahtumiin.<\/li>\n<\/ul>","protected":false},"featured_media":6681,"comment_status":"closed","ping_status":"closed","template":"","meta":[],"product_brand":[],"product_cat":[128],"product_tag":[],"class_list":{"0":"post-5409","1":"product","2":"type-product","3":"status-publish","4":"has-post-thumbnail","6":"product_cat-mobile-tech-accessories","8":"first","9":"instock","10":"shipping-taxable","11":"purchasable","12":"product-type-simple"},"_links":{"self":[{"href":"https:\/\/displayproducts.eu\/fi\/wp-json\/wp\/v2\/product\/5409","targetHints":{"allow":["GET"]}}],"collection":[{"href":"https:\/\/displayproducts.eu\/fi\/wp-json\/wp\/v2\/product"}],"about":[{"href":"https:\/\/displayproducts.eu\/fi\/wp-json\/wp\/v2\/types\/product"}],"replies":[{"embeddable":true,"href":"https:\/\/displayproducts.eu\/fi\/wp-json\/wp\/v2\/comments?post=5409"}],"wp:featuredmedia":[{"embeddable":true,"href":"https:\/\/displayproducts.eu\/fi\/wp-json\/wp\/v2\/media\/6681"}],"wp:attachment":[{"href":"https:\/\/displayproducts.eu\/fi\/wp-json\/wp\/v2\/media?parent=5409"}],"wp:term":[{"taxonomy":"product_brand","embeddable":true,"href":"https:\/\/displayproducts.eu\/fi\/wp-json\/wp\/v2\/product_brand?post=5409"},{"taxonomy":"product_cat","embeddable":true,"href":"https:\/\/displayproducts.eu\/fi\/wp-json\/wp\/v2\/product_cat?post=5409"},{"taxonomy":"product_tag","embeddable":true,"href":"https:\/\/displayproducts.eu\/fi\/wp-json\/wp\/v2\/product_tag?post=5409"}],"curies":[{"name":"wp","href":"https:\/\/api.w.org\/{rel}","templated":true}]}}