{"id":5406,"date":"2025-11-13T17:14:36","date_gmt":"2025-11-13T14:14:36","guid":{"rendered":"https:\/\/wristbandfactory.eu\/?post_type=product&#038;p=5406"},"modified":"2026-04-01T21:52:03","modified_gmt":"2026-04-01T18:52:03","slug":"microfiber-wristbands-with-zipper","status":"publish","type":"product","link":"https:\/\/displayproducts.eu\/fi\/p\/microfiber-wristbands-with-zipper\/","title":{"rendered":"Mikrokuituliinarannekkeet vetoketjulla"},"content":{"rendered":"<p>Tarjoa tapahtumasi osallistujille tai tiimille k\u00e4yt\u00e4nn\u00f6llinen ja hyvin n\u00e4kyv\u00e4 mainostuote. <span class=\"citation-205 citation-end-205\">Mikrokuituliinarannekkeissamme on integroitu vetoketjutasku, joka tarjoaa turvallisen tavan kantaa avaimia, k\u00e4teist\u00e4 tai pieni\u00e4 arvoesineit\u00e4 urheilun, festivaalien ja muiden vapaa-ajan aktiviteettien aikana.<\/span>.<\/p>\n<p><span class=\"citation-204 citation-end-204\">Valmistettu kest\u00e4v\u00e4st\u00e4 mutta pehme\u00e4st\u00e4 mikrokuitumateriaalista, t\u00e4m\u00e4 ranneke tarjoaa mukavan ja napakan istuvuuden koko p\u00e4iv\u00e4ksi.<\/span>. <span class=\"citation-203 citation-end-203\">V\u00e4riin sopiva vetoketjullinen tasku on suunniteltu kustomoitavaksi ja tarjoaa 5,5 x 4 cm:n painatusalueen yrityksesi logolle tai tapahtumasi br\u00e4nd\u00e4ykselle silkkipainatuksella tai kest\u00e4v\u00e4ll\u00e4 siirtokuvalla.<\/span><\/p>\n<p>Ihanteellinen yritysten hyvinvointiohjelmiin, kuntosalien sponsorointiin, messujen lahjoihin tai k\u00e4yt\u00e4nn\u00f6lliseksi lahjaksi festivaalivieraille. T\u00e4m\u00e4 rannelompakko varmistaa, ett\u00e4 br\u00e4ndisi pysyy n\u00e4kyviss\u00e4 liikkeell\u00e4 ollessasi.<\/p>\n<p><b>T\u00e4rkeimm\u00e4t ominaisuudet:<\/b><\/p>\n<ul>\n<li><b><span class=\"citation-202\">Turvallinen vetoketjullinen tasku:<\/span><\/b><span class=\"citation-202 citation-end-202\"> Sis\u00e4lt\u00e4\u00e4 integroidun taskun, jossa on v\u00e4riin sopiva vetoketju turvallista s\u00e4ilytyst\u00e4 varten<\/span>.<\/li>\n<li><b><span class=\"citation-201\">Pehme\u00e4 mikrokuitumateriaali:<\/span><\/b><span class=\"citation-201 citation-end-201\"> Valmistettu kest\u00e4v\u00e4st\u00e4 ja pehme\u00e4st\u00e4 mikrokuidusta, suunniteltu urheiluun ja vapaa-aikaan<\/span>.<\/li>\n<li><b><span class=\"citation-200\">Mukava ja tukeva istuvuus:<\/span><\/b><span class=\"citation-200 citation-end-200\"> Mitat 10 x 9 cm, mik\u00e4 takaa napakan ja mukavan istuvuuden aktiiviseen k\u00e4ytt\u00f6\u00f6n<\/span>.<\/li>\n<li><b><span class=\"citation-199\">Mukautettu br\u00e4nd\u00e4ysalue:<\/span><\/b><span class=\"citation-199 citation-end-199\"> Tarjoaa taskussa 5,5 x 4 cm painatusalueen logollesi<\/span>.<\/li>\n<li><b><span class=\"citation-198\">El\u00e4v\u00e4t v\u00e4rit:<\/span><\/b><span class=\"citation-198 citation-end-198\"> Saatavilla useissa kirkkaissa s\u00e4vyiss\u00e4, jotka sopivat br\u00e4ndisi identiteettiin<\/span>.<\/li>\n<\/ul>","protected":false},"excerpt":{"rendered":"<ul>\n<li><span class=\"citation-209 citation-end-209\">Sis\u00e4lt\u00e4\u00e4 turvallisen vetoketjullisen taskun avaimille, k\u00e4teiselle tai pienille tavaroille<\/span>.<\/li>\n<li><span class=\"citation-208 citation-end-208\">Valmistettu pehme\u00e4st\u00e4 ja kest\u00e4v\u00e4st\u00e4 mikrokuidusta, ihanteellinen urheiluun ja aktiivisiin tapahtumiin<\/span>.<\/li>\n<li><span class=\"citation-207 citation-end-207\">Taskussa suuri 5,5 x 4 cm painatusalue logolle<\/span>.\n<div class=\"source-inline-chip-container ng-star-inserted\"><\/div>\n<\/li>\n<li><span class=\"citation-206 citation-end-206\">Saatavilla useissa kirkkaissa v\u00e4reiss\u00e4, jotka sopivat br\u00e4ndiisi<\/span><\/li>\n<\/ul>","protected":false},"featured_media":6414,"comment_status":"closed","ping_status":"closed","template":"","meta":[],"product_brand":[],"product_cat":[66,118,122],"product_tag":[],"class_list":{"0":"post-5406","1":"product","2":"type-product","3":"status-publish","4":"has-post-thumbnail","6":"product_cat-wristbands","7":"product_cat-sports-fitness","8":"product_cat-promotional-accessories","10":"first","11":"instock","12":"shipping-taxable","13":"purchasable","14":"product-type-simple"},"_links":{"self":[{"href":"https:\/\/displayproducts.eu\/fi\/wp-json\/wp\/v2\/product\/5406","targetHints":{"allow":["GET"]}}],"collection":[{"href":"https:\/\/displayproducts.eu\/fi\/wp-json\/wp\/v2\/product"}],"about":[{"href":"https:\/\/displayproducts.eu\/fi\/wp-json\/wp\/v2\/types\/product"}],"replies":[{"embeddable":true,"href":"https:\/\/displayproducts.eu\/fi\/wp-json\/wp\/v2\/comments?post=5406"}],"wp:featuredmedia":[{"embeddable":true,"href":"https:\/\/displayproducts.eu\/fi\/wp-json\/wp\/v2\/media\/6414"}],"wp:attachment":[{"href":"https:\/\/displayproducts.eu\/fi\/wp-json\/wp\/v2\/media?parent=5406"}],"wp:term":[{"taxonomy":"product_brand","embeddable":true,"href":"https:\/\/displayproducts.eu\/fi\/wp-json\/wp\/v2\/product_brand?post=5406"},{"taxonomy":"product_cat","embeddable":true,"href":"https:\/\/displayproducts.eu\/fi\/wp-json\/wp\/v2\/product_cat?post=5406"},{"taxonomy":"product_tag","embeddable":true,"href":"https:\/\/displayproducts.eu\/fi\/wp-json\/wp\/v2\/product_tag?post=5406"}],"curies":[{"name":"wp","href":"https:\/\/api.w.org\/{rel}","templated":true}]}}