{"id":5404,"date":"2025-11-13T17:06:02","date_gmt":"2025-11-13T14:06:02","guid":{"rendered":"https:\/\/wristbandfactory.eu\/?post_type=product&#038;p=5404"},"modified":"2026-04-01T21:52:03","modified_gmt":"2026-04-01T18:52:03","slug":"rpet-phone-strap-with-60w-data-cable","status":"publish","type":"product","link":"https:\/\/displayproducts.eu\/fi\/p\/rpet-phone-strap-with-60w-data-cable\/","title":{"rendered":"RPET-puhelinhihna 60 W:n datakaapelilla"},"content":{"rendered":"<p>Tarjoa seuraavassa teknologiakonferenssissasi tai yritystapahtumassasi eritt\u00e4in hy\u00f6dyllinen ja kest\u00e4v\u00e4 mainostuote. VRIST on monitoimiranneke, joka on suunniteltu nykyaikaisille ammattilaisille ja yhdist\u00e4\u00e4 handsfree-mukavuuden v\u00e4ltt\u00e4m\u00e4tt\u00f6miin latausominaisuuksiin.<\/p>\n<p>45 cm:n hihna on valmistettu ymp\u00e4rist\u00f6yst\u00e4v\u00e4llisest\u00e4 RPET-materiaalista (kierr\u00e4tetty PET), mik\u00e4 korostaa br\u00e4ndisi sitoutumista kest\u00e4v\u00e4\u00e4n kehitykseen. Se toimii turvallisena puhelinpidikkeen\u00e4, jonka avulla osallistujat voivat pit\u00e4\u00e4 laitteensa saatavilla.<\/p>\n<p>Rannekkeen ydintoiminto on tehokas <b>60 W:n Type-C - Type-C -kaapeli<\/b>, joka tukee sek\u00e4 nopeaa latausta ett\u00e4 <b>tiedonsiirto<\/b>. T\u00e4m\u00e4 tekee siit\u00e4 uskomattoman k\u00e4yt\u00e4nn\u00f6llisen lahjan tekniikkaa taitavalle yleis\u00f6lle. Avaimenper\u00e4 lis\u00e4\u00e4 toiminnallisuutta. T\u00e4m\u00e4 tuote on valmistettu amfori BSCI -auditoidussa tehtaassa, mik\u00e4 varmistaa vastuullisen toimitusketjun.<\/p>\n<p><b>T\u00e4rkeimm\u00e4t ominaisuudet:<\/b><\/p>\n<ul>\n<li><b>Monitoiminen suunnittelu:<\/b> Toimii puhelimen pidikkeen\u00e4 rannekkeena, nopeana datakaapelina ja avaimenper\u00e4n\u00e4.<\/li>\n<li><b>Ymp\u00e4rist\u00f6yst\u00e4v\u00e4llinen materiaali:<\/b> Hihna on valmistettu kierr\u00e4tetyst\u00e4 PET-muovista (RPET), mik\u00e4 osoittaa yrityksen kest\u00e4v\u00e4n kehityksen mukaisuutta.<\/li>\n<li><b>60 W:n teho ja data:<\/b> Nopea 60 W:n Type-C - Type-C -kaapeli tukee sek\u00e4 nopeaa latausta ett\u00e4 tiedonsiirtoa.<\/li>\n<li><b>Handsfree-tapahtuman k\u00e4ytt\u00f6:<\/b> Antaa osallistujille mahdollisuuden pit\u00e4\u00e4 puhelimet ja avaimet turvassa ja helposti saatavilla.<\/li>\n<li><b>Vastuullinen hankinta:<\/b> Valmistettu amfori BSCI -auditoidussa tehtaassa.<\/li>\n<\/ul>","protected":false},"excerpt":{"rendered":"<ul>\n<li>Ymp\u00e4rist\u00f6yst\u00e4v\u00e4llinen hihna, joka on valmistettu kierr\u00e4tetyst\u00e4 PET (RPET) -materiaalista.<\/li>\n<li>Nopea 60 W:n Type-C - Type-C -kaapeli lataamiseen ja tiedonsiirtoon.<\/li>\n<li>Toimii puhelinpidikerannekkeena handsfree-k\u00e4yt\u00f6ss\u00e4 tapahtumissa.<\/li>\n<li>Sis\u00e4lt\u00e4\u00e4 avainpidikkeen lis\u00e4\u00e4m\u00e4\u00e4n k\u00e4ytett\u00e4vyytt\u00e4.<\/li>\n<\/ul>","protected":false},"featured_media":6666,"comment_status":"closed","ping_status":"closed","template":"","meta":[],"product_brand":[],"product_cat":[128],"product_tag":[],"class_list":{"0":"post-5404","1":"product","2":"type-product","3":"status-publish","4":"has-post-thumbnail","6":"product_cat-mobile-tech-accessories","8":"first","9":"instock","10":"shipping-taxable","11":"purchasable","12":"product-type-simple"},"_links":{"self":[{"href":"https:\/\/displayproducts.eu\/fi\/wp-json\/wp\/v2\/product\/5404","targetHints":{"allow":["GET"]}}],"collection":[{"href":"https:\/\/displayproducts.eu\/fi\/wp-json\/wp\/v2\/product"}],"about":[{"href":"https:\/\/displayproducts.eu\/fi\/wp-json\/wp\/v2\/types\/product"}],"replies":[{"embeddable":true,"href":"https:\/\/displayproducts.eu\/fi\/wp-json\/wp\/v2\/comments?post=5404"}],"wp:featuredmedia":[{"embeddable":true,"href":"https:\/\/displayproducts.eu\/fi\/wp-json\/wp\/v2\/media\/6666"}],"wp:attachment":[{"href":"https:\/\/displayproducts.eu\/fi\/wp-json\/wp\/v2\/media?parent=5404"}],"wp:term":[{"taxonomy":"product_brand","embeddable":true,"href":"https:\/\/displayproducts.eu\/fi\/wp-json\/wp\/v2\/product_brand?post=5404"},{"taxonomy":"product_cat","embeddable":true,"href":"https:\/\/displayproducts.eu\/fi\/wp-json\/wp\/v2\/product_cat?post=5404"},{"taxonomy":"product_tag","embeddable":true,"href":"https:\/\/displayproducts.eu\/fi\/wp-json\/wp\/v2\/product_tag?post=5404"}],"curies":[{"name":"wp","href":"https:\/\/api.w.org\/{rel}","templated":true}]}}