{"id":5402,"date":"2025-11-13T16:55:11","date_gmt":"2025-11-13T13:55:11","guid":{"rendered":"https:\/\/wristbandfactory.eu\/?post_type=product&#038;p=5402"},"modified":"2026-04-01T21:52:03","modified_gmt":"2026-04-01T18:52:03","slug":"floating-foam-wristband-keychains","status":"publish","type":"product","link":"https:\/\/displayproducts.eu\/fi\/p\/floating-foam-wristband-keychains\/","title":{"rendered":"Kelluvat vaahtomuoviset rannekkeet avaimenper\u00e4t"},"content":{"rendered":"<p>Varmista asiakkaidesi avainten s\u00e4ilyminen turvassa yritysten vesitapahtumissa, venesatamissa tai veneilyretkill\u00e4 kelluvien vaahtomuovisten rannekkeiden avulla. T\u00e4m\u00e4 k\u00e4yt\u00e4nn\u00f6llinen mainostuote on v\u00e4ltt\u00e4m\u00e4t\u00f6n kaikille vesi-, majoitus- tai veneilyalan yrityksille.<\/p>\n<p>T\u00e4m\u00e4 avaimenper\u00e4 on suunniteltu mukavasti ranteessa pidett\u00e4v\u00e4ksi, ja se on valmistettu kest\u00e4v\u00e4st\u00e4 PET-polyesterimateriaalista, joka on t\u00e4ytetty vaahtomuovilla. T\u00e4m\u00e4 rakenne varmistaa, ett\u00e4 se pysyy kelluvana est\u00e4en tavallisten avainten uppoamisen, jos ne putoavat veteen. Sen kirkas PANTONE 298C -v\u00e4ri tarjoaa hyv\u00e4n n\u00e4kyvyyden, joten se on helppo havaita.<\/p>\n<p>Ihanteellinen jaettavaksi venen\u00e4yttelyiss\u00e4, vakiotuotteeksi venesataman j\u00e4senille tai toimivaksi lahjaksi matkailu- ja majoitusalan br\u00e4ndeille. T\u00e4m\u00e4 kelluva avaimenper\u00e4 varmistaa, ett\u00e4 br\u00e4ndisi yhdistet\u00e4\u00e4n turvallisuuteen ja k\u00e4yt\u00e4nn\u00f6llisyyteen.<\/p>\n<p><b>T\u00e4rkeimm\u00e4t ominaisuudet:<\/b><\/p>\n<ul>\n<li><b>Kelluva vaahtomuovit\u00e4ytteinen muotoilu:<\/b> Kelluu luotettavasti est\u00e4en avaimet uppoamasta veteen.<\/li>\n<li><b>Kest\u00e4v\u00e4 PET-materiaali:<\/b> Valmistettu kest\u00e4v\u00e4st\u00e4 polyesterist\u00e4 pitk\u00e4aikaiseen k\u00e4ytt\u00f6\u00f6n meriymp\u00e4rist\u00f6iss\u00e4.<\/li>\n<li><b>Hyvin n\u00e4kyv\u00e4 v\u00e4ri:<\/b> Saatavana kirkkaana PANTONE 298C -v\u00e4riss\u00e4, jotta se erottuu helposti vedess\u00e4.<\/li>\n<li><b>Handsfree-k\u00e4ytt\u00f6:<\/b> Toimii sek\u00e4 rannekkeena ett\u00e4 avaimenper\u00e4n\u00e4 k\u00e4yt\u00e4nn\u00f6n k\u00e4tevyyden vuoksi.<\/li>\n<li><b>Sertifioitu tuotanto:<\/b> Valmistettu amfori BSCI -auditoidussa tehtaassa, mik\u00e4 varmistaa vastuullisen hankinnan.<\/li>\n<\/ul>","protected":false},"excerpt":{"rendered":"<ul>\n<li>Est\u00e4\u00e4 avaimia uppoamasta, ihanteellinen veneilyyn, venesatamiin ja rantatapahtumiin.<\/li>\n<li>Valmistettu kest\u00e4v\u00e4st\u00e4 vaahtot\u00e4ytteisest\u00e4 PET-polyesterimateriaalista luotettavan kelluvuuden takaamiseksi.<\/li>\n<li>Tarjoaa n\u00e4kyv\u00e4n mainostuotteen vesialan br\u00e4ndeille.<\/li>\n<li>Saatavilla helposti havaittavana eloisana PANTONE 298C -sinisen\u00e4.<\/li>\n<\/ul>","protected":false},"featured_media":6411,"comment_status":"closed","ping_status":"closed","template":"","meta":[],"product_brand":[],"product_cat":[66,94],"product_tag":[],"class_list":{"0":"post-5402","1":"product","2":"type-product","3":"status-publish","4":"has-post-thumbnail","6":"product_cat-wristbands","7":"product_cat-keychains","9":"first","10":"instock","11":"shipping-taxable","12":"purchasable","13":"product-type-simple"},"_links":{"self":[{"href":"https:\/\/displayproducts.eu\/fi\/wp-json\/wp\/v2\/product\/5402","targetHints":{"allow":["GET"]}}],"collection":[{"href":"https:\/\/displayproducts.eu\/fi\/wp-json\/wp\/v2\/product"}],"about":[{"href":"https:\/\/displayproducts.eu\/fi\/wp-json\/wp\/v2\/types\/product"}],"replies":[{"embeddable":true,"href":"https:\/\/displayproducts.eu\/fi\/wp-json\/wp\/v2\/comments?post=5402"}],"wp:featuredmedia":[{"embeddable":true,"href":"https:\/\/displayproducts.eu\/fi\/wp-json\/wp\/v2\/media\/6411"}],"wp:attachment":[{"href":"https:\/\/displayproducts.eu\/fi\/wp-json\/wp\/v2\/media?parent=5402"}],"wp:term":[{"taxonomy":"product_brand","embeddable":true,"href":"https:\/\/displayproducts.eu\/fi\/wp-json\/wp\/v2\/product_brand?post=5402"},{"taxonomy":"product_cat","embeddable":true,"href":"https:\/\/displayproducts.eu\/fi\/wp-json\/wp\/v2\/product_cat?post=5402"},{"taxonomy":"product_tag","embeddable":true,"href":"https:\/\/displayproducts.eu\/fi\/wp-json\/wp\/v2\/product_tag?post=5402"}],"curies":[{"name":"wp","href":"https:\/\/api.w.org\/{rel}","templated":true}]}}