{"id":5393,"date":"2025-11-13T16:47:58","date_gmt":"2025-11-13T13:47:58","guid":{"rendered":"https:\/\/wristbandfactory.eu\/?post_type=product&#038;p=5393"},"modified":"2026-04-01T21:52:03","modified_gmt":"2026-04-01T18:52:03","slug":"silicone-wristbands-with-aluminium-plate","status":"publish","type":"product","link":"https:\/\/displayproducts.eu\/fi\/p\/silicone-wristbands-with-aluminium-plate\/","title":{"rendered":"Silikonirannekkeet alumiinilevyll\u00e4"},"content":{"rendered":"<p><span class=\"citation-125 citation-end-125\">Nosta mainostuotteesi tasoa silikonirannekkeillamme, joissa on n\u00e4kyv\u00e4 alumiinilevy. <\/span><span class=\"citation-124 citation-end-124\">T\u00e4m\u00e4 malli yhdist\u00e4\u00e4 silikonin mukavuuden ja kest\u00e4vyyden ensiluokkaiseen metallilevyyn, luoden t\u00e4ydellisen pohjan yrityksesi logolle. <\/span><\/p>\n<p><span class=\"citation-123 citation-end-123\">Toisin kuin tavalliset painetut tai kohokuvioidut nauhat, hopeinen alumiinilevy <\/span> on suunniteltu laserkaiverrukseen ja tarjoaa ter\u00e4v\u00e4n, pysyv\u00e4n ja korkealaatuisen pinnan, joka ei kulu pois. T\u00e4m\u00e4 tekee siit\u00e4 erinomaisen valinnan yritystapahtumiin, VIP-vierailuihin tai kest\u00e4v\u00e4ksi mainostuotteeksi, jota asiakkaat ja henkil\u00f6kunta arvostavat.<\/p>\n<p><span class=\"citation-122 citation-end-122\">Ranneke on valmistettu korkealaatuisesta ja kest\u00e4v\u00e4st\u00e4 silikonista, mik\u00e4 takaa mukavan istuvuuden koko p\u00e4iv\u00e4n ajan konferensseissa tai messuilla. <\/span> Koko 202 x 12 x 3 mm sopii useimmille aikuisille. T\u00e4m\u00e4 sekoituksesta valmistettu muotoilu tarjoaa hienostuneen ja modernin ilmeen seuraavaan markkinointikampanjaasi.<\/p>\n<p><b>T\u00e4rkeimm\u00e4t ominaisuudet:<\/b><\/p>\n<ul>\n<li><b><span class=\"citation-121\">Ensiluokkainen metallilevy:<\/span><\/b><span class=\"citation-121 citation-end-121\"> Kirkkaan hopeinen alumiinilevy, joka sopii erinomaisesti laserkaiverrukseen. <\/span><\/li>\n<li><b><span class=\"citation-120\">Kest\u00e4v\u00e4 silikoniranneke:<\/span><\/b><span class=\"citation-120 citation-end-120\"> Valmistettu korkealaatuisesta 100%-silikonista mukavuuden ja pitk\u00e4n k\u00e4ytt\u00f6i\u00e4n takaamiseksi. <\/span><\/li>\n<li><b>Huippuluokan br\u00e4nd\u00e4ys:<\/b> Tarjoaa hienostuneemman ja kest\u00e4v\u00e4mm\u00e4n br\u00e4nd\u00e4ysvaihtoehdon kuin tavalliset kokonaan silikonista valmistetut rannekkeet.<\/li>\n<li><b>Aikuisille tarkoitettu vakiokoko:<\/b> Mitat 202 x 12 x 3 mm sopivat useimmille osallistujille.<\/li>\n<li><b>Kevyt:<\/b> Painaa vain 8 g, joten sit\u00e4 on mukava k\u00e4ytt\u00e4\u00e4 koko p\u00e4iv\u00e4n.<\/li>\n<\/ul>","protected":false},"excerpt":{"rendered":"<ul>\n<li><span class=\"citation-127 citation-end-127\">Ensiluokkainen hopeinen alumiinilevy kest\u00e4v\u00e4\u00e4, kaiverrettua logoa varten. <\/span><\/li>\n<li><span class=\"citation-126 citation-end-126\">Kest\u00e4v\u00e4 100%-silikoniranneke on mukava k\u00e4ytt\u00e4\u00e4 koko p\u00e4iv\u00e4n tapahtumissa. <\/span><\/li>\n<li>Ihanteellinen yritystapahtumiin, varainkeruutilaisuuksiin ja ensiluokkaiseksi mainostuotteeksi.<\/li>\n<li>Vakiokoko 202 x 12 x 3 mm sopii useimpiin aikuisten ranteisiin.<\/li>\n<\/ul>","protected":false},"featured_media":5946,"comment_status":"closed","ping_status":"closed","template":"","meta":[],"product_brand":[],"product_cat":[49],"product_tag":[],"class_list":{"0":"post-5393","1":"product","2":"type-product","3":"status-publish","4":"has-post-thumbnail","6":"product_cat-silicone","8":"first","9":"instock","10":"shipping-taxable","11":"purchasable","12":"product-type-simple"},"_links":{"self":[{"href":"https:\/\/displayproducts.eu\/fi\/wp-json\/wp\/v2\/product\/5393","targetHints":{"allow":["GET"]}}],"collection":[{"href":"https:\/\/displayproducts.eu\/fi\/wp-json\/wp\/v2\/product"}],"about":[{"href":"https:\/\/displayproducts.eu\/fi\/wp-json\/wp\/v2\/types\/product"}],"replies":[{"embeddable":true,"href":"https:\/\/displayproducts.eu\/fi\/wp-json\/wp\/v2\/comments?post=5393"}],"wp:featuredmedia":[{"embeddable":true,"href":"https:\/\/displayproducts.eu\/fi\/wp-json\/wp\/v2\/media\/5946"}],"wp:attachment":[{"href":"https:\/\/displayproducts.eu\/fi\/wp-json\/wp\/v2\/media?parent=5393"}],"wp:term":[{"taxonomy":"product_brand","embeddable":true,"href":"https:\/\/displayproducts.eu\/fi\/wp-json\/wp\/v2\/product_brand?post=5393"},{"taxonomy":"product_cat","embeddable":true,"href":"https:\/\/displayproducts.eu\/fi\/wp-json\/wp\/v2\/product_cat?post=5393"},{"taxonomy":"product_tag","embeddable":true,"href":"https:\/\/displayproducts.eu\/fi\/wp-json\/wp\/v2\/product_tag?post=5393"}],"curies":[{"name":"wp","href":"https:\/\/api.w.org\/{rel}","templated":true}]}}