{"id":5312,"date":"2025-10-24T14:27:43","date_gmt":"2025-10-24T11:27:43","guid":{"rendered":"https:\/\/wristbandfactory.eu\/?post_type=product&#038;p=5312"},"modified":"2026-04-01T21:52:35","modified_gmt":"2026-04-01T18:52:35","slug":"eco-friendly-cardboard-lanyards-20mm","status":"publish","type":"product","link":"https:\/\/displayproducts.eu\/fi\/p\/eco-friendly-cardboard-lanyards-20mm\/","title":{"rendered":"Kierr\u00e4tetyst\u00e4 kartongista valmistetut kaulanauhat"},"content":{"rendered":"<p data-path-to-node=\"11\">Tee rohkea ja n\u00e4kyv\u00e4 lausunto organisaatiosi ymp\u00e4rist\u00f6arvoista meid\u00e4n avullamme. <b>Ymp\u00e4rist\u00f6yst\u00e4v\u00e4lliset pahvista valmistetut kaulanauhat<\/b>. \u00c4\u00e4rimm\u00e4isen\u00e4 &quot;muovinvastaisena&quot; ratkaisuna n\u00e4m\u00e4 kaulanauhat on suunniteltu nollaj\u00e4tett\u00e4 tuottaviin tapahtumiin, vihreisiin konferensseihin ja br\u00e4ndeille, jotka haluavat toimia kest\u00e4v\u00e4n kehityksen mukaisesti.<\/p>\n<p data-path-to-node=\"12\">Valmistettu <b>kest\u00e4v\u00e4 kierr\u00e4tetty pahvi<\/b> (vahvistetusta paperimateriaalista) valmistetut kaulanauhat tarjoavat kest\u00e4v\u00e4n vaihtoehdon polyesterille ja nailonille. Vaikka ne tuntuvat luonnollisilta ja kevyilt\u00e4 paperin tavoin, ne on suunniteltu kest\u00e4m\u00e4\u00e4n tyypillisten messujen tai yritystapahtumien kulumista. Niiden omaleimainen &quot;voimapaperinen&quot; ulkon\u00e4k\u00f6 viestii v\u00e4litt\u00f6m\u00e4sti jokaiselle osallistujalle ymp\u00e4rist\u00f6yst\u00e4v\u00e4llisyyden t\u00e4rkeydest\u00e4.<\/p>\n<p data-path-to-node=\"13\">Jokaisessa kaulanauhassa on vakioleveys 20 mm mukavan istuvuuden takaamiseksi ja se on varustettu korkealaatuisella <b>metallinen k\u00e4\u00e4ntyv\u00e4 sulkurengas<\/b>. T\u00e4m\u00e4 varmistaa, ett\u00e4 jopa kiinnitysmekanismisi on kest\u00e4v\u00e4 ja luotettava. Valitsemalla t\u00e4m\u00e4n \u201cNature Line\u201d -tuotteen poistat kertak\u00e4ytt\u00f6muovit kokonaan tapahtumasi toimitusketjusta.<\/p>\n<p data-path-to-node=\"14\"><b>T\u00e4rkeimm\u00e4t ominaisuudet:<\/b><\/p>\n<ul data-path-to-node=\"15\">\n<li>\n<p data-path-to-node=\"15,0,0\"><b>Materiaali:<\/b> 100% Kest\u00e4v\u00e4 kierr\u00e4tyspahvi (paperipohjainen).<\/p>\n<\/li>\n<li>\n<p data-path-to-node=\"15,1,0\"><b>Kest\u00e4v\u00e4 kehitys:<\/b> T\u00e4ysin muoviton vaihtoehto ymp\u00e4rist\u00f6yst\u00e4v\u00e4lliseen br\u00e4nd\u00e4ykseen.<\/p>\n<\/li>\n<li>\n<p data-path-to-node=\"15,2,0\"><b>Kest\u00e4vyys:<\/b> Suunniteltu pit\u00e4m\u00e4\u00e4n henkil\u00f6llisyystodistukset turvallisesti paikallaan tavallisten tapahtumien ajan.<\/p>\n<\/li>\n<li>\n<p data-path-to-node=\"15,3,0\"><b>Laitteisto:<\/b> Mukana tukeva metallinen k\u00e4\u00e4ntyv\u00e4 karabiinihaka helppoa kiinnityst\u00e4 varten.<\/p>\n<\/li>\n<li>\n<p data-path-to-node=\"15,4,0\"><b>Estetiikka:<\/b> Luonnollinen, mattapinta, joka korostaa ymp\u00e4rist\u00f6yst\u00e4v\u00e4llist\u00e4 alkuper\u00e4\u00e4.<\/p>\n<\/li>\n<\/ul>","protected":false},"excerpt":{"rendered":"<ul>\n<li>\n<p data-path-to-node=\"9,0,0\"><b>Muoviton ratkaisu:<\/b> T\u00e4ysin muoviton kaulanauhavaihtoehto, joka on valmistettu kest\u00e4v\u00e4st\u00e4, kierr\u00e4tetyst\u00e4 paperipohjaisesta materiaalista.<\/p>\n<\/li>\n<li>\n<p data-path-to-node=\"9,1,0\"><b>Luontolinja:<\/b> Osa ainutlaatuista ekovalikoimaamme, joka tarjoaa erottuvan, luonnollisen estetiikan (voimapaperin ulkon\u00e4k\u00f6).<\/p>\n<\/li>\n<li>\n<p data-path-to-node=\"9,2,0\"><b>Yll\u00e4tt\u00e4v\u00e4n kest\u00e4v\u00e4:<\/b> Suunniteltu riitt\u00e4v\u00e4n kest\u00e4v\u00e4ksi yhden p\u00e4iv\u00e4n tapahtumiin, konferensseihin ja kokouksiin.<\/p>\n<\/li>\n<li>\n<p data-path-to-node=\"9,3,0\"><b>Normaali istuvuus:<\/b> 20 mm leveys varmistaa n\u00e4kyvyyden ja mukavuuden, varustettu tukevalla metallisella k\u00e4\u00e4ntyv\u00e4ll\u00e4 sulkurenkaalla.<\/p>\n<\/li>\n<\/ul>","protected":false},"featured_media":6697,"comment_status":"closed","ping_status":"closed","template":"","meta":[],"product_brand":[],"product_cat":[107,113],"product_tag":[],"class_list":{"0":"post-5312","1":"product","2":"type-product","3":"status-publish","4":"has-post-thumbnail","6":"product_cat-eco-friendly-lanyards","7":"product_cat-plain-lanyards","9":"first","10":"instock","11":"shipping-taxable","12":"purchasable","13":"product-type-simple"},"_links":{"self":[{"href":"https:\/\/displayproducts.eu\/fi\/wp-json\/wp\/v2\/product\/5312","targetHints":{"allow":["GET"]}}],"collection":[{"href":"https:\/\/displayproducts.eu\/fi\/wp-json\/wp\/v2\/product"}],"about":[{"href":"https:\/\/displayproducts.eu\/fi\/wp-json\/wp\/v2\/types\/product"}],"replies":[{"embeddable":true,"href":"https:\/\/displayproducts.eu\/fi\/wp-json\/wp\/v2\/comments?post=5312"}],"wp:featuredmedia":[{"embeddable":true,"href":"https:\/\/displayproducts.eu\/fi\/wp-json\/wp\/v2\/media\/6697"}],"wp:attachment":[{"href":"https:\/\/displayproducts.eu\/fi\/wp-json\/wp\/v2\/media?parent=5312"}],"wp:term":[{"taxonomy":"product_brand","embeddable":true,"href":"https:\/\/displayproducts.eu\/fi\/wp-json\/wp\/v2\/product_brand?post=5312"},{"taxonomy":"product_cat","embeddable":true,"href":"https:\/\/displayproducts.eu\/fi\/wp-json\/wp\/v2\/product_cat?post=5312"},{"taxonomy":"product_tag","embeddable":true,"href":"https:\/\/displayproducts.eu\/fi\/wp-json\/wp\/v2\/product_tag?post=5312"}],"curies":[{"name":"wp","href":"https:\/\/api.w.org\/{rel}","templated":true}]}}