{"id":5307,"date":"2025-10-24T14:13:39","date_gmt":"2025-10-24T11:13:39","guid":{"rendered":"https:\/\/wristbandfactory.eu\/?post_type=product&#038;p=5307"},"modified":"2026-04-01T21:52:35","modified_gmt":"2026-04-01T18:52:35","slug":"plantable-seed-paper-id-badges","status":"publish","type":"product","link":"https:\/\/displayproducts.eu\/fi\/p\/plantable-seed-paper-id-badges\/","title":{"rendered":"Istutettavissa olevat siemenpaperista valmistetut henkil\u00f6kortit"},"content":{"rendered":"<p>Ilman painatusta tapahtumien tunnistemateriaali lis\u00e4\u00e4 usein kaatopaikkaj\u00e4tteen m\u00e4\u00e4r\u00e4\u00e4. Istutuskelpoiset siemenpaperitunnisteemme muuttavat t\u00e4m\u00e4n ongelman tehokkaaksi ja kest\u00e4v\u00e4ksi markkinointiviestiksi. T\u00e4m\u00e4 ymp\u00e4rist\u00f6yst\u00e4v\u00e4llinen tunniste ei ainoastaan palvele tarkoitustaan tapahtumasi aikana, vaan tarjoaa my\u00f6s mieleenpainuvan ja j\u00e4tteett\u00f6m\u00e4n annoksen.<\/p>\n<p>Jokainen kierr\u00e4tetyst\u00e4 pahvista valmistettu merkki sis\u00e4lt\u00e4\u00e4 erityisen kortin, johon on upotettu luonnonkukkien siemeni\u00e4. Konferenssin tai messujen j\u00e4lkeen osallistujat voivat istuttaa koko merkin ja muuttaa sen erilaisten luonnonkukkien pelloksi. T\u00e4m\u00e4 ainutlaatuinen ominaisuus vahvistaa br\u00e4ndisi sitoutumista kest\u00e4v\u00e4\u00e4n kehitykseen pitk\u00e4\u00e4n tapahtuman p\u00e4\u00e4ttymisen j\u00e4lkeen.<\/p>\n<p>Jokainen merkki sis\u00e4lt\u00e4\u00e4 selke\u00e4t istutusohjeet ja siin\u00e4 on &quot;Made in Europe&quot; -tunnus, joka takaa laadun ja pienemm\u00e4n hiilijalanj\u00e4ljen. Ne ovat ihanteellinen valinta ymp\u00e4rist\u00f6painotteisiin yritystapahtumiin, ymp\u00e4rist\u00f6tietoisiin messuille ja kaikille organisaatioille, jotka haluavat tehd\u00e4 konkreettisen ymp\u00e4rist\u00f6lausunnon.<\/p>\n<p><b>T\u00e4rkeimm\u00e4t ominaisuudet:<\/b><\/p>\n<ul>\n<li><b>Ymp\u00e4rist\u00f6yst\u00e4v\u00e4llinen materiaali:<\/b> P\u00e4\u00e4teline on valmistettu kierr\u00e4tetyst\u00e4 pahvista.<\/li>\n<li><b>Istutettava siemenpaperi:<\/b> Mukana kortti, johon on upotettu villikukan siemeni\u00e4, jotka kasvavat istutettaessa.<\/li>\n<li><b>Nollaj\u00e4teratkaisu:<\/b> Koko kyltti voidaan istuttaa, eik\u00e4 j\u00e4tett\u00e4 j\u00e4\u00e4 j\u00e4lkeen.<\/li>\n<li><b>Valmistettu Euroopassa:<\/b> Siin\u00e4 on \u201cMade in Europe\u201d -tunnus, joka symboloi laatua ja pienemp\u00e4\u00e4 hiilijalanj\u00e4lke\u00e4.<\/li>\n<li><b>Sis\u00e4lt\u00e4\u00e4 ohjeet:<\/b> Selke\u00e4t istutusohjeet on painettu sis\u00e4puolelle.<\/li>\n<li><b>Mitat:<\/b> 11,3 x 9,3 cm.<\/li>\n<\/ul>","protected":false},"excerpt":{"rendered":"<ul>\n<li>Osoita sitoutumisesi kest\u00e4v\u00e4\u00e4n kehitykseen tapahtumissa.<\/li>\n<li>Valmistettu kierr\u00e4tetyst\u00e4 pahvista, mukana tulee luonnonkukan siemenpaperista valmistettu kartonki.<\/li>\n<li>Koko rintamerkki voidaan istuttaa tapahtuman j\u00e4lkeen.<\/li>\n<li>\u201cMade in Europe\u201d takaa laadun ja pienemm\u00e4n hiilijalanj\u00e4ljen.<\/li>\n<\/ul>","protected":false},"featured_media":5308,"comment_status":"closed","ping_status":"closed","template":"","meta":[],"product_brand":[],"product_cat":[91],"product_tag":[],"class_list":{"0":"post-5307","1":"product","2":"type-product","3":"status-publish","4":"has-post-thumbnail","6":"product_cat-badge-holders","8":"first","9":"instock","10":"shipping-taxable","11":"purchasable","12":"product-type-simple"},"_links":{"self":[{"href":"https:\/\/displayproducts.eu\/fi\/wp-json\/wp\/v2\/product\/5307","targetHints":{"allow":["GET"]}}],"collection":[{"href":"https:\/\/displayproducts.eu\/fi\/wp-json\/wp\/v2\/product"}],"about":[{"href":"https:\/\/displayproducts.eu\/fi\/wp-json\/wp\/v2\/types\/product"}],"replies":[{"embeddable":true,"href":"https:\/\/displayproducts.eu\/fi\/wp-json\/wp\/v2\/comments?post=5307"}],"wp:featuredmedia":[{"embeddable":true,"href":"https:\/\/displayproducts.eu\/fi\/wp-json\/wp\/v2\/media\/5308"}],"wp:attachment":[{"href":"https:\/\/displayproducts.eu\/fi\/wp-json\/wp\/v2\/media?parent=5307"}],"wp:term":[{"taxonomy":"product_brand","embeddable":true,"href":"https:\/\/displayproducts.eu\/fi\/wp-json\/wp\/v2\/product_brand?post=5307"},{"taxonomy":"product_cat","embeddable":true,"href":"https:\/\/displayproducts.eu\/fi\/wp-json\/wp\/v2\/product_cat?post=5307"},{"taxonomy":"product_tag","embeddable":true,"href":"https:\/\/displayproducts.eu\/fi\/wp-json\/wp\/v2\/product_tag?post=5307"}],"curies":[{"name":"wp","href":"https:\/\/api.w.org\/{rel}","templated":true}]}}