{"id":5304,"date":"2025-10-24T13:51:56","date_gmt":"2025-10-24T10:51:56","guid":{"rendered":"https:\/\/wristbandfactory.eu\/?post_type=product&#038;p=5304"},"modified":"2026-04-01T21:52:35","modified_gmt":"2026-04-01T18:52:35","slug":"reusable-event-cups-extra-large-1-2l","status":"publish","type":"product","link":"https:\/\/displayproducts.eu\/fi\/p\/reusable-event-cups-extra-large-1-2l\/","title":{"rendered":"Uudelleenk\u00e4ytett\u00e4v\u00e4t tapahtumamukit (eritt\u00e4in suuri 1,2 l)"},"content":{"rendered":"<p data-path-to-node=\"7\">V\u00e4henn\u00e4 jonoja ja maksimoi osallistujien tyytyv\u00e4isyys suurtapahtumassasi 1,2 litran eritt\u00e4in suurilla uudelleenk\u00e4ytett\u00e4vill\u00e4 PP-mukeillamme. T\u00e4m\u00e4 suuren kapasiteetin muki on t\u00e4ydellinen ratkaisu stadioneille, suurille festivaaleille ja konsertteihin, sill\u00e4 sen avulla voit tarjoilla suurempia annoksia ja v\u00e4hent\u00e4\u00e4 merkitt\u00e4v\u00e4sti t\u00e4ytt\u00f6tarvetta.<\/p>\n<p data-path-to-node=\"8\">Kest\u00e4v\u00e4st\u00e4 mutta joustavasta PP:st\u00e4 (polypropeenista) valmistetut kupit ovat iskuttomia ja suunniteltu toistuvaan k\u00e4ytt\u00f6\u00f6n. Ne tarjoavat kest\u00e4v\u00e4n ja ymp\u00e4rist\u00f6yst\u00e4v\u00e4llisen vaihtoehdon kertak\u00e4ytt\u00f6isille muovipakkauksille.<\/p>\n<p data-path-to-node=\"9\">L\u00e4pikuultava pinta tarjoaa eritt\u00e4in n\u00e4kyv\u00e4n pohjan yrityksesi logolle tai tapahtumasi br\u00e4nd\u00e4ykselle. T\u00e4m\u00e4n kupin ainutlaatuinen ominaisuus on sen erityisesti muotoiltu pohja, joka on suunniteltu tarjoamaan lis\u00e4vakautta lasinaluselle asetettaessa.<\/p>\n<p data-path-to-node=\"10\"><b>T\u00e4rkeimm\u00e4t ominaisuudet:<\/b><\/p>\n<ul data-path-to-node=\"11\">\n<li>\n<p data-path-to-node=\"11,0,0\"><b>Eritt\u00e4in suuri 1,2 litran tilavuus:<\/b> Minimoi t\u00e4ytt\u00f6tarpeet vilkkaasti liikenn\u00f6idyill\u00e4 festivaaleilla, stadioneilla ja konserteissa.<\/p>\n<\/li>\n<li>\n<p data-path-to-node=\"11,1,0\"><b>Kest\u00e4v\u00e4 PP-materiaali:<\/b> Joustava, iskunkest\u00e4v\u00e4 ja t\u00e4ysin uudelleenk\u00e4ytett\u00e4v\u00e4 useisiin tapahtumiin.<\/p>\n<\/li>\n<li>\n<p data-path-to-node=\"11,2,0\"><b>L\u00e4pikuultava viimeistely:<\/b> Tarjoaa ihanteellisen ja eritt\u00e4in n\u00e4kyv\u00e4n pinnan r\u00e4\u00e4t\u00e4l\u00f6idylle br\u00e4nd\u00e4ykselle.<\/p>\n<\/li>\n<li>\n<p data-path-to-node=\"11,3,0\"><b>Vakaa pohjarakenne:<\/b> Pohjasta erityisesti muotoiltu turvalliseen asetteluun lasinalusten p\u00e4\u00e4ll\u00e4.<\/p>\n<\/li>\n<li>\n<p data-path-to-node=\"11,4,0\"><b>Suuret mitat:<\/b> Korkeus 19 cm ja halkaisija 10,7 cm.<\/p>\n<\/li>\n<\/ul>","protected":false},"excerpt":{"rendered":"<ul>\n<li>\n<p data-path-to-node=\"6,0,0\">Eritt\u00e4in suuri 1,2 litran tilavuus minimoi t\u00e4ytt\u00f6tarpeen suurissa tapahtumissa.<\/p>\n<\/li>\n<li>\n<p data-path-to-node=\"6,1,0\">Valmistettu kest\u00e4v\u00e4st\u00e4, joustavasta ja iskunkest\u00e4v\u00e4st\u00e4 PP-materiaalista.<\/p>\n<\/li>\n<li>\n<p data-path-to-node=\"6,2,0\">L\u00e4pikuultava viimeistely tarjoaa n\u00e4kyv\u00e4n pohjan br\u00e4nd\u00e4ykselle.<\/p>\n<\/li>\n<li>\n<p data-path-to-node=\"6,3,0\">Ainutlaatuinen ja vakaa pohjarakenne sopii k\u00e4ytett\u00e4v\u00e4ksi lasinalusten kanssa.<\/p>\n<\/li>\n<li><\/li>\n<\/ul>","protected":false},"featured_media":6622,"comment_status":"closed","ping_status":"closed","template":"","meta":[],"product_brand":[],"product_cat":[111],"product_tag":[],"class_list":{"0":"post-5304","1":"product","2":"type-product","3":"status-publish","4":"has-post-thumbnail","6":"product_cat-reusable-event-cups","8":"first","9":"instock","10":"shipping-taxable","11":"product-type-simple"},"_links":{"self":[{"href":"https:\/\/displayproducts.eu\/fi\/wp-json\/wp\/v2\/product\/5304","targetHints":{"allow":["GET"]}}],"collection":[{"href":"https:\/\/displayproducts.eu\/fi\/wp-json\/wp\/v2\/product"}],"about":[{"href":"https:\/\/displayproducts.eu\/fi\/wp-json\/wp\/v2\/types\/product"}],"replies":[{"embeddable":true,"href":"https:\/\/displayproducts.eu\/fi\/wp-json\/wp\/v2\/comments?post=5304"}],"wp:featuredmedia":[{"embeddable":true,"href":"https:\/\/displayproducts.eu\/fi\/wp-json\/wp\/v2\/media\/6622"}],"wp:attachment":[{"href":"https:\/\/displayproducts.eu\/fi\/wp-json\/wp\/v2\/media?parent=5304"}],"wp:term":[{"taxonomy":"product_brand","embeddable":true,"href":"https:\/\/displayproducts.eu\/fi\/wp-json\/wp\/v2\/product_brand?post=5304"},{"taxonomy":"product_cat","embeddable":true,"href":"https:\/\/displayproducts.eu\/fi\/wp-json\/wp\/v2\/product_cat?post=5304"},{"taxonomy":"product_tag","embeddable":true,"href":"https:\/\/displayproducts.eu\/fi\/wp-json\/wp\/v2\/product_tag?post=5304"}],"curies":[{"name":"wp","href":"https:\/\/api.w.org\/{rel}","templated":true}]}}