{"id":5300,"date":"2025-10-24T12:52:28","date_gmt":"2025-10-24T09:52:28","guid":{"rendered":"https:\/\/wristbandfactory.eu\/?post_type=product&#038;p=5300"},"modified":"2026-04-01T21:52:35","modified_gmt":"2026-04-01T18:52:35","slug":"laser-engravable-rectangular-glass-trophies","status":"publish","type":"product","link":"https:\/\/displayproducts.eu\/fi\/p\/laser-engravable-rectangular-glass-trophies\/","title":{"rendered":"Laserkaiverrettavat suorakulmaiset lasipalkinnot"},"content":{"rendered":"<p>Tee merkitt\u00e4v\u00e4 vaikutus seuraavassa palkintojenjakotilaisuudessasi tai yritysgaalassasi. Suuri suorakaiteen muotoinen lasinen palkintopokaalimme on ensiluokkainen ja n\u00e4ytt\u00e4v\u00e4 palkinto, joka sopii t\u00e4ydellisesti huippusuorittajien, avainasiakkaiden tai kilpailujen voittajien tunnustamiseen.<\/p>\n<p>T\u00e4m\u00e4 palkinto on 19 cm korkea ja valmistettu paksusta, korkealaatuisesta lasista. Se painaa 690 grammaa, mik\u00e4 antaa sille huomattavan ylellisen tuntuman. Puhdas, suorakaiteen muotoinen muotoilu tarjoaa suuren, tasaisen pinnan, joka on erityisesti suunniteltu tarkkaa laserpainatusta (kaiverrusta) varten. T\u00e4m\u00e4 varmistaa, ett\u00e4 yrityksesi logo, palkinnon nimi ja vastaanottajan tiedot on personoitu poikkeuksellisen selke\u00e4sti. Jokainen palkinto toimitetaan erillisess\u00e4 suojakotelossa, mik\u00e4 varmistaa sen turvallisuuden kuljetuksen aikana ja valmiin esittelyyn. Se sopii erinomaisesti myyntipalkintoihin, kuukauden ty\u00f6ntekij\u00e4 -ohjelmiin tai t\u00e4rkeiden kumppaneiden kiitt\u00e4miseen.<\/p>\n<p><b>T\u00e4rkeimm\u00e4t ominaisuudet:<\/b><\/p>\n<ul>\n<li><b>Suuri suorakaiteen muotoinen muotoilu:<\/b> Se on 19 cm korkea, joten siin\u00e4 on runsaasti tilaa kaiverrukselle.<\/li>\n<li><b>Ensiluokkainen raskas lasi:<\/b> 690 gramman painollaan t\u00e4m\u00e4 palkinto tuntuu tukevalta, mik\u00e4 lis\u00e4\u00e4 sen koettua arvoa.<\/li>\n<li><b>Optimoitu laserkaiverrukseen:<\/b> Erityisesti suunniteltu pinta mahdollistaa ter\u00e4v\u00e4n ja yksityiskohtaisen lasertulostuksen.<\/li>\n<li><b>Vakaa pohja:<\/b> Kest\u00e4v\u00e4, 4,5 cm syv\u00e4 lasijalusta takaa tukevan esillepanon mill\u00e4 tahansa p\u00f6yd\u00e4ll\u00e4 tai hyllyll\u00e4.<\/li>\n<li><b>Mukana suojakotelo:<\/b> Jokainen palkinto on pakattu yksitt\u00e4iseen koteloon turvallista kuljetusta ja lahjoittamista varten.<\/li>\n<\/ul>\n<p>&nbsp;<\/p>","protected":false},"excerpt":{"rendered":"<ul>\n<li>Ensiluokkainen 19 cm korkea suorakaiteen muotoinen lasinen palkinto.<\/li>\n<li>Merkitt\u00e4v\u00e4t 690 g:n paino takaavat laadukkaan tuntuman.<\/li>\n<li>Optimoitu pinta logosi tarkkaan laserkaiverrukseen.<\/li>\n<li>Mukana yksil\u00f6llinen suojakotelo turvallista esillepanoa varten.<\/li>\n<\/ul>","protected":false},"featured_media":6540,"comment_status":"closed","ping_status":"closed","template":"","meta":[],"product_brand":[],"product_cat":[79],"product_tag":[],"class_list":{"0":"post-5300","1":"product","2":"type-product","3":"status-publish","4":"has-post-thumbnail","6":"product_cat-awards","8":"first","9":"instock","10":"shipping-taxable","11":"purchasable","12":"product-type-simple"},"_links":{"self":[{"href":"https:\/\/displayproducts.eu\/fi\/wp-json\/wp\/v2\/product\/5300","targetHints":{"allow":["GET"]}}],"collection":[{"href":"https:\/\/displayproducts.eu\/fi\/wp-json\/wp\/v2\/product"}],"about":[{"href":"https:\/\/displayproducts.eu\/fi\/wp-json\/wp\/v2\/types\/product"}],"replies":[{"embeddable":true,"href":"https:\/\/displayproducts.eu\/fi\/wp-json\/wp\/v2\/comments?post=5300"}],"wp:featuredmedia":[{"embeddable":true,"href":"https:\/\/displayproducts.eu\/fi\/wp-json\/wp\/v2\/media\/6540"}],"wp:attachment":[{"href":"https:\/\/displayproducts.eu\/fi\/wp-json\/wp\/v2\/media?parent=5300"}],"wp:term":[{"taxonomy":"product_brand","embeddable":true,"href":"https:\/\/displayproducts.eu\/fi\/wp-json\/wp\/v2\/product_brand?post=5300"},{"taxonomy":"product_cat","embeddable":true,"href":"https:\/\/displayproducts.eu\/fi\/wp-json\/wp\/v2\/product_cat?post=5300"},{"taxonomy":"product_tag","embeddable":true,"href":"https:\/\/displayproducts.eu\/fi\/wp-json\/wp\/v2\/product_tag?post=5300"}],"curies":[{"name":"wp","href":"https:\/\/api.w.org\/{rel}","templated":true}]}}