{"id":5296,"date":"2025-10-24T12:46:54","date_gmt":"2025-10-24T09:46:54","guid":{"rendered":"https:\/\/wristbandfactory.eu\/?post_type=product&#038;p=5296"},"modified":"2026-04-01T21:52:35","modified_gmt":"2026-04-01T18:52:35","slug":"laser-engravable-circular-glass-trophies","status":"publish","type":"product","link":"https:\/\/displayproducts.eu\/fi\/p\/laser-engravable-circular-glass-trophies\/","title":{"rendered":"Laserkaiverrettavat py\u00f6re\u00e4t lasipalkinnot"},"content":{"rendered":"<p>Tunnusta erinomaista suoritusta ja virstanpylv\u00e4it\u00e4 premium-palkinnolla. Py\u00f6re\u00e4 lasinen palkintomme tarjoaa modernin ja elegantin ratkaisun yritysten tunnustukseksi, myynnin aloituksiksi ja tiimin saavutuksiksi.<\/p>\n<p>Paksusta ja korkealaatuisesta lasista valmistetussa palkinnossa on ajaton py\u00f6re\u00e4 laatta, joka on asetettu vakaalle neli\u00f6nmuotoiselle jalustalle. 400 gramman paino antaa sille tukevan ja arvokkaan tuntuman, joka sopii t\u00e4ydellisesti esillepanoon. Se on erityisesti suunniteltu laserpainatusta (kaiverrusta) varten, mik\u00e4 mahdollistaa logon, tekstin ja palkinnon tietojen ter\u00e4v\u00e4n ja tarkan personoinnin. Jokainen palkinto esitet\u00e4\u00e4n omassa yksitt\u00e4isess\u00e4 suojakotelossaan, mik\u00e4 varmistaa, ett\u00e4 se saapuu turvallisesti perille ja on valmis esitelt\u00e4v\u00e4ksi.<\/p>\n<p><b>T\u00e4rkeimm\u00e4t ominaisuudet:<\/b><\/p>\n<ul>\n<li><b>Ensiluokkainen lasirakenne:<\/b> Paksu, raskas lasi (400 g) tarjoaa korkean arvontuntuman.<\/li>\n<li><b>Optimoitu laserkaiverrukseen:<\/b> Erityisesti suunniteltu pinta ter\u00e4ville ja yksityiskohtaisille lasertulostetuille logoille ja tekstille.<\/li>\n<li><b>Elegantti py\u00f6re\u00e4 muotoilu:<\/b> Moderni py\u00f6re\u00e4 laatta (10 cm) kiinte\u00e4ll\u00e4 neli\u00f6nmuotoisella jalustalla (6 cm).<\/li>\n<li><b>Esitysvalmis:<\/b> Jokainen palkinto toimitetaan erillisess\u00e4 suojakotelossa turvallista k\u00e4sittely\u00e4 ja esillepanoa varten.<\/li>\n<\/ul>","protected":false},"excerpt":{"rendered":"<ul>\n<li>Ensiluokkainen py\u00f6re\u00e4 lasinen palkinto tukevalla neli\u00f6nmuotoisella jalustalla.<\/li>\n<li>Erityisesti suunniteltu tarkkaan laserkaiverrukseen.<\/li>\n<li>Ihanteellinen yritysten tunnustuksiin, myyntipalkintoihin ja tapahtumiin.<\/li>\n<li>Toimitetaan yksitt\u00e4ispakkauksessa turvallisen kuljetuksen takaamiseksi.<\/li>\n<\/ul>","protected":false},"featured_media":6535,"comment_status":"closed","ping_status":"closed","template":"","meta":[],"product_brand":[],"product_cat":[79],"product_tag":[],"class_list":{"0":"post-5296","1":"product","2":"type-product","3":"status-publish","4":"has-post-thumbnail","6":"product_cat-awards","8":"first","9":"instock","10":"shipping-taxable","11":"purchasable","12":"product-type-simple"},"_links":{"self":[{"href":"https:\/\/displayproducts.eu\/fi\/wp-json\/wp\/v2\/product\/5296","targetHints":{"allow":["GET"]}}],"collection":[{"href":"https:\/\/displayproducts.eu\/fi\/wp-json\/wp\/v2\/product"}],"about":[{"href":"https:\/\/displayproducts.eu\/fi\/wp-json\/wp\/v2\/types\/product"}],"replies":[{"embeddable":true,"href":"https:\/\/displayproducts.eu\/fi\/wp-json\/wp\/v2\/comments?post=5296"}],"wp:featuredmedia":[{"embeddable":true,"href":"https:\/\/displayproducts.eu\/fi\/wp-json\/wp\/v2\/media\/6535"}],"wp:attachment":[{"href":"https:\/\/displayproducts.eu\/fi\/wp-json\/wp\/v2\/media?parent=5296"}],"wp:term":[{"taxonomy":"product_brand","embeddable":true,"href":"https:\/\/displayproducts.eu\/fi\/wp-json\/wp\/v2\/product_brand?post=5296"},{"taxonomy":"product_cat","embeddable":true,"href":"https:\/\/displayproducts.eu\/fi\/wp-json\/wp\/v2\/product_cat?post=5296"},{"taxonomy":"product_tag","embeddable":true,"href":"https:\/\/displayproducts.eu\/fi\/wp-json\/wp\/v2\/product_tag?post=5296"}],"curies":[{"name":"wp","href":"https:\/\/api.w.org\/{rel}","templated":true}]}}