{"id":5292,"date":"2025-10-24T12:42:32","date_gmt":"2025-10-24T09:42:32","guid":{"rendered":"https:\/\/wristbandfactory.eu\/?post_type=product&#038;p=5292"},"modified":"2026-04-01T21:52:35","modified_gmt":"2026-04-01T18:52:35","slug":"window-name-badges-with-clip-and-pin","status":"publish","type":"product","link":"https:\/\/displayproducts.eu\/fi\/p\/window-name-badges-with-clip-and-pin\/","title":{"rendered":"Ikkunaan kiinnitett\u00e4v\u00e4t nimikyltit klipsill\u00e4 ja neulalla"},"content":{"rendered":"<p>Tarjoa selke\u00e4 ja ammattimainen tunniste tiimillesi, konferenssivieraillesi tai tapahtumahenkil\u00f6kunnalle n\u00e4ill\u00e4 uudelleenk\u00e4ytett\u00e4vill\u00e4 ikkunanimikylteill\u00e4. N\u00e4iss\u00e4 kylteiss\u00e4 on puhdas, moderni muotoilu ja kiilt\u00e4v\u00e4 viimeistely, jotka antavat tyylikk\u00e4\u00e4n ilmeen mihin tahansa yritysymp\u00e4rist\u00f6\u00f6n.<\/p>\n<p>Etuikkunan rako mahdollistaa painettujen k\u00e4yntikorttien nopean vaihdon, mik\u00e4 tekee niist\u00e4 kustannustehokkaan ja joustavan ratkaisun vierailijoiden hallintaan, tilap\u00e4iseen henkil\u00f6st\u00f6\u00f6n tai toistuviin tapahtumiin. Nimikortin takaosassa on tukeva kaksoiskiinnitysj\u00e4rjestelm\u00e4. T\u00e4m\u00e4 kaksoiskiinnitys, jossa on sek\u00e4 metalliklipsi ett\u00e4 hakaneula, varmistaa turvallisen ja vakaan kiinnityksen kaikenlaisiin vaatteisiin, puvun takeista univormuihin.<\/p>\n<p><b>T\u00e4rkeimm\u00e4t ominaisuudet:<\/b><\/p>\n<ul>\n<li><b>Uudelleenk\u00e4ytett\u00e4v\u00e4n ikkunan suunnittelu:<\/b> Mahdollistaa nimilis\u00e4kkeiden nopean ja helpon vaihdon.<\/li>\n<li><b>Kaksinkertainen kiinnitysj\u00e4rjestelm\u00e4:<\/b> Varustettu sek\u00e4 metalliklipsill\u00e4 ett\u00e4 hakaneulalla turvalliseen ja monipuoliseen kiinnitykseen.<\/li>\n<li><b>Ammattimainen kiilt\u00e4v\u00e4 viimeistely:<\/b> Tarjoaa modernin, tyylikk\u00e4\u00e4n ilmeen, joka sopii yritysymp\u00e4rist\u00f6ihin.<\/li>\n<li><b>Kompaktit mitat:<\/b> Mitat 6,8 x 3,4 cm takaavat selke\u00e4n n\u00e4kyvyyden olematta kuitenkaan k\u00f6mpel\u00f6.<\/li>\n<\/ul>","protected":false},"excerpt":{"rendered":"<ul>\n<li>Ammattimainen kiilt\u00e4v\u00e4 viimeistely moderniin yritysilmeeseen.<\/li>\n<li>Monipuolinen kaksoiskiinnitys: sis\u00e4lt\u00e4\u00e4 sek\u00e4 metalliklipsin ett\u00e4 hakaneulan.<\/li>\n<li>Uudelleenk\u00e4ytett\u00e4v\u00e4 ikkunamuotoilu helppoon nimikorttien lis\u00e4\u00e4miseen.<\/li>\n<li>Ihanteellinen irtotavarana ostettavaksi tapahtumiin, henkil\u00f6st\u00f6lle ja messuille.<\/li>\n<\/ul>","protected":false},"featured_media":5293,"comment_status":"closed","ping_status":"closed","template":"","meta":[],"product_brand":[],"product_cat":[91],"product_tag":[],"class_list":{"0":"post-5292","1":"product","2":"type-product","3":"status-publish","4":"has-post-thumbnail","6":"product_cat-badge-holders","8":"first","9":"instock","10":"shipping-taxable","11":"purchasable","12":"product-type-simple"},"_links":{"self":[{"href":"https:\/\/displayproducts.eu\/fi\/wp-json\/wp\/v2\/product\/5292","targetHints":{"allow":["GET"]}}],"collection":[{"href":"https:\/\/displayproducts.eu\/fi\/wp-json\/wp\/v2\/product"}],"about":[{"href":"https:\/\/displayproducts.eu\/fi\/wp-json\/wp\/v2\/types\/product"}],"replies":[{"embeddable":true,"href":"https:\/\/displayproducts.eu\/fi\/wp-json\/wp\/v2\/comments?post=5292"}],"wp:featuredmedia":[{"embeddable":true,"href":"https:\/\/displayproducts.eu\/fi\/wp-json\/wp\/v2\/media\/5293"}],"wp:attachment":[{"href":"https:\/\/displayproducts.eu\/fi\/wp-json\/wp\/v2\/media?parent=5292"}],"wp:term":[{"taxonomy":"product_brand","embeddable":true,"href":"https:\/\/displayproducts.eu\/fi\/wp-json\/wp\/v2\/product_brand?post=5292"},{"taxonomy":"product_cat","embeddable":true,"href":"https:\/\/displayproducts.eu\/fi\/wp-json\/wp\/v2\/product_cat?post=5292"},{"taxonomy":"product_tag","embeddable":true,"href":"https:\/\/displayproducts.eu\/fi\/wp-json\/wp\/v2\/product_tag?post=5292"}],"curies":[{"name":"wp","href":"https:\/\/api.w.org\/{rel}","templated":true}]}}