{"id":5288,"date":"2025-10-24T12:36:41","date_gmt":"2025-10-24T09:36:41","guid":{"rendered":"https:\/\/wristbandfactory.eu\/?post_type=product&#038;p=5288"},"modified":"2026-04-01T21:52:35","modified_gmt":"2026-04-01T18:52:35","slug":"aluminium-name-badges-with-clip-and-pin","status":"publish","type":"product","link":"https:\/\/displayproducts.eu\/fi\/p\/aluminium-name-badges-with-clip-and-pin\/","title":{"rendered":"Alumiiniset nimikyltit klipsill\u00e4 ja tapilla"},"content":{"rendered":"<p>Varmista ammattimainen ja yhten\u00e4inen henkil\u00f6st\u00f6n tunnistaminen yritystapahtumissa, messuilla ja toimistossa n\u00e4ill\u00e4 uudelleenk\u00e4ytett\u00e4vill\u00e4 alumiinisilla nimikylteill\u00e4. Tyylik\u00e4s, anodisoitu alumiinikehys tarjoaa kest\u00e4v\u00e4n ja ensiluokkaisen viimeistelyn, joka parantaa yrityksesi imagoa.<\/p>\n<p>Joustaviksi suunnitellut nimikyltit mahdollistavat paperisten liitteiden nopean ja helpon vaihtamisen, mik\u00e4 tekee niist\u00e4 t\u00e4ydellisi\u00e4 tilap\u00e4iselle henkil\u00f6st\u00f6lle, konferenssivieraille tai yrityksille, joilla on suuri henkil\u00f6st\u00f6n vaihtuvuus. Takaosassa on tukeva, kaksik\u00e4ytt\u00f6inen kiinnike, jossa on sek\u00e4 klipsi ett\u00e4 neula, joten k\u00e4ytt\u00e4j\u00e4t voivat valita, miten nimikyltti kiinnitet\u00e4\u00e4n turvallisesti mihin tahansa vaatteeseen. T\u00e4m\u00e4 monipuolinen ja kustannustehokas ratkaisu on saatavilla irtotavarana kaikkiin tunnistamistarpeisiisi.<\/p>\n<p><b>T\u00e4rkeimm\u00e4t ominaisuudet:<\/b><\/p>\n<ul>\n<li><b>Kest\u00e4v\u00e4 alumiinirunko:<\/b> Korkealaatuinen anodisoitu pinta antaa ammattimaisen ja pitk\u00e4ik\u00e4isen ulkon\u00e4\u00f6n.<\/li>\n<li><b>Kaksoiskiinnitysj\u00e4rjestelm\u00e4:<\/b> Mukana sek\u00e4 klipsi ett\u00e4 tappi takana monipuoliseen ja tukevaan kiinnitykseen mihin tahansa vaatteeseen.<\/li>\n<li><b>Uudelleenk\u00e4ytett\u00e4v\u00e4 ja kustannustehokas:<\/b> Suunniteltu tavallisten paperiliitteiden (eiv\u00e4t sis\u00e4lly toimitukseen) s\u00e4ilytt\u00e4miseen, mik\u00e4 helpottaa uusien ty\u00f6ntekij\u00f6iden tai tapahtumien p\u00e4ivityksi\u00e4.<\/li>\n<li><b>Tyylikk\u00e4\u00e4t mitat:<\/b> Mitat 70 x 25 mm, joten nimi n\u00e4kyy selke\u00e4sti ja n\u00e4kyv\u00e4sti olematta kuitenkaan h\u00e4iritsev\u00e4.<\/li>\n<\/ul>","protected":false},"excerpt":{"rendered":"<ul>\n<li>Ammattimainen anodisoitu alumiinirunko ensiluokkaiseen ulkon\u00e4k\u00f6\u00f6n.<\/li>\n<li>Monipuolinen kaksoisklipsi- ja tappikiinnitys turvalliseen kiinnitykseen.<\/li>\n<li>Uudelleenk\u00e4ytett\u00e4v\u00e4 muotoilu: tulosta ja aseta uudet k\u00e4yntikortit.<\/li>\n<li>Ihanteellinen irtotilauksiin yrityshenkil\u00f6st\u00f6lle, tapahtumiin ja messuille.<\/li>\n<\/ul>","protected":false},"featured_media":5289,"comment_status":"closed","ping_status":"closed","template":"","meta":[],"product_brand":[],"product_cat":[91],"product_tag":[],"class_list":{"0":"post-5288","1":"product","2":"type-product","3":"status-publish","4":"has-post-thumbnail","6":"product_cat-badge-holders","8":"first","9":"instock","10":"shipping-taxable","11":"purchasable","12":"product-type-simple"},"_links":{"self":[{"href":"https:\/\/displayproducts.eu\/fi\/wp-json\/wp\/v2\/product\/5288","targetHints":{"allow":["GET"]}}],"collection":[{"href":"https:\/\/displayproducts.eu\/fi\/wp-json\/wp\/v2\/product"}],"about":[{"href":"https:\/\/displayproducts.eu\/fi\/wp-json\/wp\/v2\/types\/product"}],"replies":[{"embeddable":true,"href":"https:\/\/displayproducts.eu\/fi\/wp-json\/wp\/v2\/comments?post=5288"}],"wp:featuredmedia":[{"embeddable":true,"href":"https:\/\/displayproducts.eu\/fi\/wp-json\/wp\/v2\/media\/5289"}],"wp:attachment":[{"href":"https:\/\/displayproducts.eu\/fi\/wp-json\/wp\/v2\/media?parent=5288"}],"wp:term":[{"taxonomy":"product_brand","embeddable":true,"href":"https:\/\/displayproducts.eu\/fi\/wp-json\/wp\/v2\/product_brand?post=5288"},{"taxonomy":"product_cat","embeddable":true,"href":"https:\/\/displayproducts.eu\/fi\/wp-json\/wp\/v2\/product_cat?post=5288"},{"taxonomy":"product_tag","embeddable":true,"href":"https:\/\/displayproducts.eu\/fi\/wp-json\/wp\/v2\/product_tag?post=5288"}],"curies":[{"name":"wp","href":"https:\/\/api.w.org\/{rel}","templated":true}]}}