{"id":5279,"date":"2025-10-23T23:25:16","date_gmt":"2025-10-23T20:25:16","guid":{"rendered":"https:\/\/wristbandfactory.eu\/?post_type=product&#038;p=5279"},"modified":"2026-04-01T21:52:35","modified_gmt":"2026-04-01T18:52:35","slug":"extendable-id-holder-with-carabiner","status":"publish","type":"product","link":"https:\/\/displayproducts.eu\/fi\/p\/extendable-id-holder-with-carabiner\/","title":{"rendered":"Jatkettava henkil\u00f6llisyystodistuksen pidike karabiinihaalla"},"content":{"rendered":"<p>Virtaviivaista kulunvalvontaa ja paranna turvallisuutta ty\u00f6paikallasi, konferenssissasi tai messuillasi. Laajennettava henkil\u00f6llisyystodistuskotelomme varmistaa, ett\u00e4 tunnistetiedot ovat aina k\u00e4sill\u00e4 ilman, ett\u00e4 ne h\u00e4iritsev\u00e4t, tarjoten ammattimaisen ratkaisun henkil\u00f6kunnalle ja osallistujille.<\/p>\n<p>T\u00e4ss\u00e4 pidikkeess\u00e4 on selke\u00e4 ja toimiva muotoilu sek\u00e4 vahva metallinen sulkurengas, joka kiinnittyy tukevasti vy\u00f6lenkkeihin, kaulanauhoihin tai laukkuun. 75 cm:n pidennysmekanismi mahdollistaa sujuvan sis\u00e4\u00e4nvet\u00e4misen, mik\u00e4 helpottaa henkil\u00f6korttien skannaamista p\u00e4\u00e4sypisteiss\u00e4.<\/p>\n<p>Henkil\u00f6kortti- tai nimikorttikotelon voi kiinnitt\u00e4\u00e4 nappikiinnikkeell\u00e4. Reilun 20 x 20 mm:n painatusalueen ansiosta t\u00e4m\u00e4 henkil\u00f6korttikotelo sopii t\u00e4ydellisesti yrityksesi logon personointiin tampopainatuksella (jopa nelj\u00e4ll\u00e4 v\u00e4rill\u00e4) ja vahvistaa br\u00e4ndi-identiteetti\u00e4 kaikissa yritystapahtumissa.<\/p>\n<p><b>T\u00e4rkeimm\u00e4t ominaisuudet:<\/b><\/p>\n<ul>\n<li>Jatkettava mekanismi jopa 75 cm asti<\/li>\n<li>Kest\u00e4v\u00e4 metallinen karabiiniklipsi<\/li>\n<li>Turvallinen nappikiinnitys henkil\u00f6llisyystodistuksen kiinnitt\u00e4mist\u00e4 varten<\/li>\n<li>Leve\u00e4 painatusalue (20 x 20 mm)<\/li>\n<li>Ihanteellinen tampopainatukseen (jopa 4 v\u00e4ri\u00e4)<\/li>\n<\/ul>","protected":false},"excerpt":{"rendered":"<ul>\n<li>Pit\u00e4\u00e4 henkil\u00f6kunnan henkil\u00f6kortit turvassa ja helposti saatavilla.<\/li>\n<li>Kest\u00e4v\u00e4 metallinen karbiinihaka helpottaa kiinnitt\u00e4mist\u00e4 vy\u00f6h\u00f6n tai laukkuun.<\/li>\n<li>75 cm pitk\u00e4 pidennett\u00e4v\u00e4 johtomekanismi korttien nopeaan skannaukseen.<\/li>\n<li>Leve\u00e4 20 \u00d7 20 mm:n alue logon tamponpainatusta varten.<\/li>\n<\/ul>","protected":false},"featured_media":5280,"comment_status":"closed","ping_status":"closed","template":"","meta":[],"product_brand":[],"product_cat":[91],"product_tag":[],"class_list":{"0":"post-5279","1":"product","2":"type-product","3":"status-publish","4":"has-post-thumbnail","6":"product_cat-badge-holders","8":"first","9":"instock","10":"shipping-taxable","11":"purchasable","12":"product-type-simple"},"_links":{"self":[{"href":"https:\/\/displayproducts.eu\/fi\/wp-json\/wp\/v2\/product\/5279","targetHints":{"allow":["GET"]}}],"collection":[{"href":"https:\/\/displayproducts.eu\/fi\/wp-json\/wp\/v2\/product"}],"about":[{"href":"https:\/\/displayproducts.eu\/fi\/wp-json\/wp\/v2\/types\/product"}],"replies":[{"embeddable":true,"href":"https:\/\/displayproducts.eu\/fi\/wp-json\/wp\/v2\/comments?post=5279"}],"wp:featuredmedia":[{"embeddable":true,"href":"https:\/\/displayproducts.eu\/fi\/wp-json\/wp\/v2\/media\/5280"}],"wp:attachment":[{"href":"https:\/\/displayproducts.eu\/fi\/wp-json\/wp\/v2\/media?parent=5279"}],"wp:term":[{"taxonomy":"product_brand","embeddable":true,"href":"https:\/\/displayproducts.eu\/fi\/wp-json\/wp\/v2\/product_brand?post=5279"},{"taxonomy":"product_cat","embeddable":true,"href":"https:\/\/displayproducts.eu\/fi\/wp-json\/wp\/v2\/product_cat?post=5279"},{"taxonomy":"product_tag","embeddable":true,"href":"https:\/\/displayproducts.eu\/fi\/wp-json\/wp\/v2\/product_tag?post=5279"}],"curies":[{"name":"wp","href":"https:\/\/api.w.org\/{rel}","templated":true}]}}