{"id":5272,"date":"2025-10-23T23:21:35","date_gmt":"2025-10-23T20:21:35","guid":{"rendered":"https:\/\/wristbandfactory.eu\/?post_type=product&#038;p=5272"},"modified":"2026-04-01T21:52:03","modified_gmt":"2026-04-01T18:52:03","slug":"promotional-hand-clappers","status":"publish","type":"product","link":"https:\/\/displayproducts.eu\/fi\/p\/promotional-hand-clappers\/","title":{"rendered":"Mainostavat k\u00e4sien taputtimet"},"content":{"rendered":"<p>Varmista, ett\u00e4 br\u00e4ndisi erottuu joukosta mill\u00e4 tahansa stadionilla tai yritystapahtumassa mainosk\u00e4sipaukutuksillamme. T\u00e4m\u00e4 &quot;Maracana&quot;-muotoilu on suunniteltu luomaan sek\u00e4 kuuluvaa ett\u00e4 visuaalista sitoutumista ja ratkaisemaan passiivisten tapahtumien ilmaisjakelujen ongelman.<\/p>\n<p>T\u00e4m\u00e4 k\u00e4denmuotoinen taputin on hauska ja interaktiivinen tapa osallistujille osoittaa tukea ja pit\u00e4\u00e4 meteli\u00e4. Saatavilla useissa kirkkaissa s\u00e4vyiss\u00e4, se on kevyt (20 g) ja t\u00e4ydellisen kokoinen (8,5 x 18,5 x 2 cm), jotta suurillakin v\u00e4kijoukoilla on helppo k\u00e4sitell\u00e4. Ne ovat erinomainen ja edullinen valinta irtotavarana jakeluun festivaaleilla, messuilla tai urheilukilpailuissa br\u00e4ndin vaikuttavuuden maksimoimiseksi.<\/p>\n<p><b>T\u00e4rkeimm\u00e4t ominaisuudet:<\/b><\/p>\n<ul>\n<li>K\u00e4denmuotoinen taputin kuuluvaan yleis\u00f6n sitouttamiseen<\/li>\n<li>\u201cMaracana\u201d-suunnittelu urheilu- ja tapahtumateemoihin<\/li>\n<li>Saatavilla useissa kirkkaissa, hyvin n\u00e4kyviss\u00e4 s\u00e4vyiss\u00e4<\/li>\n<li>Kevyt ja kompakti: 8,5 x 18,5 x 2 cm, 20 g<\/li>\n<li>Ihanteellinen suuriin mainoslahjoihin<\/li>\n<\/ul>","protected":false},"excerpt":{"rendered":"<ul>\n<li>Luo yleis\u00f6n melua ja br\u00e4ndin\u00e4kyvyytt\u00e4 urheilutapahtumissa tai ralleissa.<\/li>\n<li>Hauska, kirkass\u00e4vyinen \u201cMaracan\u00e1\u201d-k\u00e4denj\u00e4lki.<\/li>\n<li>Kevyt (20 g) ja kompakti (18,5 cm) helpottavat massan jakelua.<\/li>\n<li>Ihanteellinen edullinen ja vaikuttava mainostuote irtotilauksiin.<\/li>\n<\/ul>","protected":false},"featured_media":6584,"comment_status":"closed","ping_status":"closed","template":"","meta":[],"product_brand":[],"product_cat":[123],"product_tag":[],"class_list":{"0":"post-5272","1":"product","2":"type-product","3":"status-publish","4":"has-post-thumbnail","6":"product_cat-fan-cheering-items","8":"first","9":"instock","10":"shipping-taxable","11":"purchasable","12":"product-type-simple"},"_links":{"self":[{"href":"https:\/\/displayproducts.eu\/fi\/wp-json\/wp\/v2\/product\/5272","targetHints":{"allow":["GET"]}}],"collection":[{"href":"https:\/\/displayproducts.eu\/fi\/wp-json\/wp\/v2\/product"}],"about":[{"href":"https:\/\/displayproducts.eu\/fi\/wp-json\/wp\/v2\/types\/product"}],"replies":[{"embeddable":true,"href":"https:\/\/displayproducts.eu\/fi\/wp-json\/wp\/v2\/comments?post=5272"}],"wp:featuredmedia":[{"embeddable":true,"href":"https:\/\/displayproducts.eu\/fi\/wp-json\/wp\/v2\/media\/6584"}],"wp:attachment":[{"href":"https:\/\/displayproducts.eu\/fi\/wp-json\/wp\/v2\/media?parent=5272"}],"wp:term":[{"taxonomy":"product_brand","embeddable":true,"href":"https:\/\/displayproducts.eu\/fi\/wp-json\/wp\/v2\/product_brand?post=5272"},{"taxonomy":"product_cat","embeddable":true,"href":"https:\/\/displayproducts.eu\/fi\/wp-json\/wp\/v2\/product_cat?post=5272"},{"taxonomy":"product_tag","embeddable":true,"href":"https:\/\/displayproducts.eu\/fi\/wp-json\/wp\/v2\/product_tag?post=5272"}],"curies":[{"name":"wp","href":"https:\/\/api.w.org\/{rel}","templated":true}]}}