{"id":5265,"date":"2025-10-23T23:14:21","date_gmt":"2025-10-23T20:14:21","guid":{"rendered":"https:\/\/wristbandfactory.eu\/?post_type=product&#038;p=5265"},"modified":"2026-04-01T21:52:04","modified_gmt":"2026-04-01T18:52:04","slug":"inflatable-victory-hand-reusable","status":"publish","type":"product","link":"https:\/\/displayproducts.eu\/fi\/p\/inflatable-victory-hand-reusable\/","title":{"rendered":"Puhallettava voittok\u00e4si (uudelleenk\u00e4ytett\u00e4v\u00e4)"},"content":{"rendered":"<p>Tuo br\u00e4ndisi n\u00e4kyviin ja viestisi kuuluviin puhallettavan voittok\u00e4temme avulla. T\u00e4m\u00e4 mukaansatempaava mainosv\u00e4line sopii t\u00e4ydellisesti yleis\u00f6n pirist\u00e4miseen urheilutapahtumissa, yritysten tiiminrakennustilaisuuksissa tai suurissa messuissa. Varmista, ett\u00e4 br\u00e4ndisi on juhlan keskipisteess\u00e4.<\/p>\n<p>Kest\u00e4v\u00e4st\u00e4 ja v\u00e4rikk\u00e4\u00e4st\u00e4 LDPE-materiaalista valmistettu kannustusk\u00e4si on tehty kest\u00e4m\u00e4\u00e4n kaikki tapahtumat. Toisin kuin kertak\u00e4ytt\u00f6tuotteet, se on t\u00e4ysin uudelleenk\u00e4ytett\u00e4v\u00e4 ja siin\u00e4 on k\u00e4tev\u00e4 t\u00e4ytt\u00f6venttiili, joka tarjoaa pitk\u00e4kestoista br\u00e4ndin\u00e4kyvyytt\u00e4. Se on kevyt ja n\u00e4kyv\u00e4 tuote, joka sopii t\u00e4ydellisesti irtotavarajakeluun yleis\u00f6n sitouttamisen maksimoimiseksi.<\/p>\n<p><b>T\u00e4rkeimm\u00e4t ominaisuudet:<\/b><\/p>\n<ul>\n<li>Kest\u00e4v\u00e4, v\u00e4rik\u00e4s LDPE-materiaali<\/li>\n<li>Ikoninen \u201cVictory\u201d-k\u00e4den muoto<\/li>\n<li>T\u00e4ysin uudelleenk\u00e4ytett\u00e4v\u00e4 pitk\u00e4aikaiseen markkinointiin<\/li>\n<li>Sis\u00e4lt\u00e4\u00e4 k\u00e4tev\u00e4n t\u00e4ytt\u00f6venttiilin<\/li>\n<\/ul>","protected":false},"excerpt":{"rendered":"<ul>\n<li>Vahvista br\u00e4ndi\u00e4si urheilutapahtumissa, messuilla ja ralleissa.<\/li>\n<li>Valmistettu kest\u00e4v\u00e4st\u00e4 ja uudelleenk\u00e4ytett\u00e4v\u00e4st\u00e4 LDPE-materiaalista.<\/li>\n<li>Varustettu helppok\u00e4ytt\u00f6isell\u00e4 t\u00e4ytt\u00f6venttiilill\u00e4.<\/li>\n<li>Ihanteellinen irtotilauksille yleis\u00f6n osallistumisen ja br\u00e4ndin n\u00e4kyvyyden maksimoimiseksi.<\/li>\n<\/ul>\n<p>&nbsp;<\/p>","protected":false},"featured_media":6529,"comment_status":"closed","ping_status":"closed","template":"","meta":[],"product_brand":[],"product_cat":[123],"product_tag":[],"class_list":{"0":"post-5265","1":"product","2":"type-product","3":"status-publish","4":"has-post-thumbnail","6":"product_cat-fan-cheering-items","8":"first","9":"instock","10":"shipping-taxable","11":"purchasable","12":"product-type-simple"},"_links":{"self":[{"href":"https:\/\/displayproducts.eu\/fi\/wp-json\/wp\/v2\/product\/5265","targetHints":{"allow":["GET"]}}],"collection":[{"href":"https:\/\/displayproducts.eu\/fi\/wp-json\/wp\/v2\/product"}],"about":[{"href":"https:\/\/displayproducts.eu\/fi\/wp-json\/wp\/v2\/types\/product"}],"replies":[{"embeddable":true,"href":"https:\/\/displayproducts.eu\/fi\/wp-json\/wp\/v2\/comments?post=5265"}],"wp:featuredmedia":[{"embeddable":true,"href":"https:\/\/displayproducts.eu\/fi\/wp-json\/wp\/v2\/media\/6529"}],"wp:attachment":[{"href":"https:\/\/displayproducts.eu\/fi\/wp-json\/wp\/v2\/media?parent=5265"}],"wp:term":[{"taxonomy":"product_brand","embeddable":true,"href":"https:\/\/displayproducts.eu\/fi\/wp-json\/wp\/v2\/product_brand?post=5265"},{"taxonomy":"product_cat","embeddable":true,"href":"https:\/\/displayproducts.eu\/fi\/wp-json\/wp\/v2\/product_cat?post=5265"},{"taxonomy":"product_tag","embeddable":true,"href":"https:\/\/displayproducts.eu\/fi\/wp-json\/wp\/v2\/product_tag?post=5265"}],"curies":[{"name":"wp","href":"https:\/\/api.w.org\/{rel}","templated":true}]}}