{"id":5260,"date":"2025-10-23T23:07:40","date_gmt":"2025-10-23T20:07:40","guid":{"rendered":"https:\/\/wristbandfactory.eu\/?post_type=product&#038;p=5260"},"modified":"2026-04-01T21:52:04","modified_gmt":"2026-04-01T18:52:04","slug":"promotional-hawaiian-necklaces-polyester","status":"publish","type":"product","link":"https:\/\/displayproducts.eu\/fi\/p\/promotional-hawaiian-necklaces-polyester\/","title":{"rendered":"Mainoshavaijilaiset kaulakorut (polyesteri)"},"content":{"rendered":"<p>Ylit\u00e4 tavallisten tapahtumatarvikkeiden rajat mainoshavaijilaisilla kaulakoruillamme. N\u00e4m\u00e4 polyesterist\u00e4 valmistetut lei-riivit ovat t\u00e4ydellinen ja edullinen ratkaisu eloisan, teemallisen br\u00e4nd\u00e4yksen lis\u00e4\u00e4miseen kes\u00e4kampanjoihin, festivaaleille tai trooppisiin yritystilaisuuksiin varmistaen, ett\u00e4 tapahtumastasi tulee ikimuistoinen.<\/p>\n<p>Jokainen mukava ja n\u00e4kyv\u00e4 lei on valmistettu pehme\u00e4st\u00e4 ja kevyest\u00e4 polyesterimateriaalista. Kest\u00e4v\u00e4, moniv\u00e4rinen sateenkaarikuvio antaa juhlavan ilmeen, joka ei paina vieraita alas. Ne ovat ihanteellinen valinta tapahtumaj\u00e4rjest\u00e4jille, jotka tarvitsevat suuria m\u00e4\u00e4ri\u00e4 teemallisia asusteita rantajuhliin, messuille tai suuriin juhliin.<\/p>\n<p><b>T\u00e4rkeimm\u00e4t ominaisuudet:<\/b><\/p>\n<ul>\n<li>Valmistettu pehme\u00e4st\u00e4 ja kevyest\u00e4 polyesterimateriaalista<\/li>\n<li>Eloisa, moniv\u00e4rinen sateenkaaren kukkakuvio<\/li>\n<li>Mukava k\u00e4ytt\u00e4\u00e4 koko p\u00e4iv\u00e4n tapahtumissa<\/li>\n<li>Ihanteellinen teemajuhliin, festivaaleille ja promootioihin<\/li>\n<li>Toimitetaan irtotavarana suuria tilauksia varten<\/li>\n<\/ul>\n<p>&nbsp;<\/p>","protected":false},"excerpt":{"rendered":"<ul>\n<li>Pirist\u00e4 yritysjuhlia, messuja tai festivaaleja v\u00e4litt\u00f6m\u00e4sti.<\/li>\n<li>Eloisa, moniv\u00e4rinen sateenkaaren v\u00e4rinen polyesterikukkakuvio.<\/li>\n<li>Kevyt ja mukava k\u00e4ytt\u00e4\u00e4 osallistujille koko p\u00e4iv\u00e4n.<\/li>\n<li>Saatavilla suuria m\u00e4\u00e4ri\u00e4 suuriin tapahtumiin.<\/li>\n<li style=\"list-style-type: none;\"><\/li>\n<\/ul>","protected":false},"featured_media":6663,"comment_status":"closed","ping_status":"closed","template":"","meta":[],"product_brand":[],"product_cat":[129,120],"product_tag":[],"class_list":{"0":"post-5260","1":"product","2":"type-product","3":"status-publish","4":"has-post-thumbnail","6":"product_cat-leisure-lifestyle","7":"product_cat-themed-necklaces","9":"first","10":"instock","11":"shipping-taxable","12":"purchasable","13":"product-type-simple"},"_links":{"self":[{"href":"https:\/\/displayproducts.eu\/fi\/wp-json\/wp\/v2\/product\/5260","targetHints":{"allow":["GET"]}}],"collection":[{"href":"https:\/\/displayproducts.eu\/fi\/wp-json\/wp\/v2\/product"}],"about":[{"href":"https:\/\/displayproducts.eu\/fi\/wp-json\/wp\/v2\/types\/product"}],"replies":[{"embeddable":true,"href":"https:\/\/displayproducts.eu\/fi\/wp-json\/wp\/v2\/comments?post=5260"}],"wp:featuredmedia":[{"embeddable":true,"href":"https:\/\/displayproducts.eu\/fi\/wp-json\/wp\/v2\/media\/6663"}],"wp:attachment":[{"href":"https:\/\/displayproducts.eu\/fi\/wp-json\/wp\/v2\/media?parent=5260"}],"wp:term":[{"taxonomy":"product_brand","embeddable":true,"href":"https:\/\/displayproducts.eu\/fi\/wp-json\/wp\/v2\/product_brand?post=5260"},{"taxonomy":"product_cat","embeddable":true,"href":"https:\/\/displayproducts.eu\/fi\/wp-json\/wp\/v2\/product_cat?post=5260"},{"taxonomy":"product_tag","embeddable":true,"href":"https:\/\/displayproducts.eu\/fi\/wp-json\/wp\/v2\/product_tag?post=5260"}],"curies":[{"name":"wp","href":"https:\/\/api.w.org\/{rel}","templated":true}]}}