{"id":5256,"date":"2025-10-23T16:41:54","date_gmt":"2025-10-23T13:41:54","guid":{"rendered":"https:\/\/wristbandfactory.eu\/?post_type=product&#038;p=5256"},"modified":"2026-04-01T21:52:04","modified_gmt":"2026-04-01T18:52:04","slug":"led-promotional-coasters-3-mode","status":"publish","type":"product","link":"https:\/\/displayproducts.eu\/fi\/p\/led-promotional-coasters-3-mode\/","title":{"rendered":"LED-mainoslasinaluset (3-tilaiset)"},"content":{"rendered":"<p>Tavalliset lasinaluset j\u00e4\u00e4v\u00e4t helposti huomiotta. Mainostarkoitukseen tarkoitetut LED-juoma-alustamme muuttavat jokaisen p\u00f6yd\u00e4n valaistuksi mainokseksi, joka her\u00e4tt\u00e4\u00e4 huomiota yritysgaaloissa, messuilla ja sponsoroitujen y\u00f6el\u00e4m\u00e4n tapahtumissa.<\/p>\n<p>N\u00e4m\u00e4 kest\u00e4v\u00e4st\u00e4 akryylist\u00e4 valmistetut lasinaluset on varustettu kuudella kirkkaalla moniv\u00e4risell\u00e4 LED-valolla. Pohjassa olevalla yksinkertaisella painikkeella voi vaihtaa kolmen eri valaistusasennon v\u00e4lill\u00e4: kiinte\u00e4 hehku, hidas vilkku ja nopea vilkku, mik\u00e4 varmistaa, ett\u00e4 oma br\u00e4ndisi pysyy n\u00e4kyviss\u00e4.<\/p>\n<p>Jokaisessa lasinalusessa on itseliimautuva tausta, jonka avulla se voidaan kiinnitt\u00e4\u00e4 tukevasti mink\u00e4 tahansa lasin tai pullon pohjaan. Ne toimitetaan valmiina k\u00e4ytett\u00e4v\u00e4ksi tapahtumassasi, ja niiss\u00e4 on mukana kaksi nappiparistoa. N\u00e4m\u00e4 valaisevat lasinaluset sopivat ihanteellisesti irtotavarajakeluun parantamaan br\u00e4ndin n\u00e4kyvyytt\u00e4.<\/p>\n<p><b>T\u00e4rkeimm\u00e4t ominaisuudet:<\/b><\/p>\n<ul>\n<li>6 moniv\u00e4rist\u00e4 LEDi\u00e4 kirkkaaseen valaistukseen<\/li>\n<li>3 valotilaa: kiinte\u00e4, hidas salama ja nopea salama<\/li>\n<li>Itseliimautuva tausta helpottaa kiinnitt\u00e4mist\u00e4 juomalaseihin<\/li>\n<li>Kest\u00e4v\u00e4 akryylirakenne<\/li>\n<li>K\u00e4ytt\u00f6 yksinkertaisella pohjapainikkeella<\/li>\n<li>Sis\u00e4lt\u00e4\u00e4 2 x nappiparistoa<\/li>\n<\/ul>","protected":false},"excerpt":{"rendered":"<ul>\n<li>Valaise br\u00e4ndi\u00e4si tuotelanseerauksissa, messuilla tai festivaaleilla.<\/li>\n<li>Kolme moniv\u00e4rist\u00e4 valotilaa: kiinte\u00e4, nopea vilkku ja hidas vilkku.<\/li>\n<li>Itseliimautuva tausta tarttuu suoraan lasien tai pullojen pohjaan.<\/li>\n<li>Toimitetaan k\u00e4ytt\u00f6valmiina, mukana kaksi nappiparistoa.<\/li>\n<\/ul>","protected":false},"featured_media":6543,"comment_status":"closed","ping_status":"closed","template":"","meta":[],"product_brand":[],"product_cat":[119],"product_tag":[],"class_list":{"0":"post-5256","1":"product","2":"type-product","3":"status-publish","4":"has-post-thumbnail","6":"product_cat-drinkware-accessories","8":"first","9":"instock","10":"shipping-taxable","11":"purchasable","12":"product-type-simple"},"_links":{"self":[{"href":"https:\/\/displayproducts.eu\/fi\/wp-json\/wp\/v2\/product\/5256","targetHints":{"allow":["GET"]}}],"collection":[{"href":"https:\/\/displayproducts.eu\/fi\/wp-json\/wp\/v2\/product"}],"about":[{"href":"https:\/\/displayproducts.eu\/fi\/wp-json\/wp\/v2\/types\/product"}],"replies":[{"embeddable":true,"href":"https:\/\/displayproducts.eu\/fi\/wp-json\/wp\/v2\/comments?post=5256"}],"wp:featuredmedia":[{"embeddable":true,"href":"https:\/\/displayproducts.eu\/fi\/wp-json\/wp\/v2\/media\/6543"}],"wp:attachment":[{"href":"https:\/\/displayproducts.eu\/fi\/wp-json\/wp\/v2\/media?parent=5256"}],"wp:term":[{"taxonomy":"product_brand","embeddable":true,"href":"https:\/\/displayproducts.eu\/fi\/wp-json\/wp\/v2\/product_brand?post=5256"},{"taxonomy":"product_cat","embeddable":true,"href":"https:\/\/displayproducts.eu\/fi\/wp-json\/wp\/v2\/product_cat?post=5256"},{"taxonomy":"product_tag","embeddable":true,"href":"https:\/\/displayproducts.eu\/fi\/wp-json\/wp\/v2\/product_tag?post=5256"}],"curies":[{"name":"wp","href":"https:\/\/api.w.org\/{rel}","templated":true}]}}