{"id":5254,"date":"2025-10-23T16:34:48","date_gmt":"2025-10-23T13:34:48","guid":{"rendered":"https:\/\/wristbandfactory.eu\/?post_type=product&#038;p=5254"},"modified":"2026-04-01T21:52:04","modified_gmt":"2026-04-01T18:52:04","slug":"promotional-led-event-cups-340ml","status":"publish","type":"product","link":"https:\/\/displayproducts.eu\/fi\/p\/promotional-led-event-cups-340ml\/","title":{"rendered":"Mainosmateriaalina LED-tapahtumamukit (340ml)"},"content":{"rendered":"<p>Nosta seuraava yritystapahtumasi, festivaalisi tai tuotelanseerauksesi tavallisesta unohtumattomaksi. LED-tapahtumakuppimme ovat dynaaminen br\u00e4nd\u00e4ysty\u00f6kalu, joka on suunniteltu her\u00e4tt\u00e4m\u00e4\u00e4n huomiota ja valaisemaan logosi varmistaen, ett\u00e4 br\u00e4ndisi on juhlan keskipisteen\u00e4.<\/p>\n<p>N\u00e4m\u00e4 340 ml:n kest\u00e4v\u00e4st\u00e4 PS-materiaalista valmistetut kupit on varustettu sis\u00e4\u00e4nrakennetuilla moniv\u00e4risill\u00e4 LED-valoilla, jotka aktivoidaan pohjassa olevalla yksinkertaisella painikkeella. Voit valita kiinte\u00e4n valon tai vilkkuvan tilan tapahtumasi tunnelman mukaan. Ne ovat t\u00e4ydellinen ja vaikuttava mainostuote konsertteihin, y\u00f6kerhoihin, messuille ja yksityistilaisuuksiin, sill\u00e4 ne tarjoavat ainutlaatuisen tavan tarjoilla juomia ja esitell\u00e4 br\u00e4ndi\u00e4si. Jokainen kuppi toimitetaan paristoineen ja pakataan erikseen kraft-laatikkoon jakelua varten.<\/p>\n<p><b>T\u00e4rkeimm\u00e4t ominaisuudet:<\/b><\/p>\n<ul>\n<li>Tilavuus: 340 ml<\/li>\n<li>Materiaali: PS-muovi<\/li>\n<li>Valaistus: Moniv\u00e4riset LEDit, joissa on kaksi tilaa (kiinte\u00e4 ja vilkkuva)<\/li>\n<li>Aktivointi: Painike pohjassa<\/li>\n<li>Virta: Nappiparistot sis\u00e4ltyv\u00e4t<\/li>\n<li>Pakkaus: Yksitt\u00e4in pakattu kraft-muotoiltuun laatikkoon<\/li>\n<\/ul>\n<p>&nbsp;<\/p>","protected":false},"excerpt":{"rendered":"<ul>\n<li>Valaista br\u00e4ndi\u00e4si yritystapahtumissa ja festivaaleilla.<\/li>\n<li>Sis\u00e4lt\u00e4\u00e4 kiinte\u00e4t ja vilkkuvat moniv\u00e4riset LED-tilat.<\/li>\n<li>Kest\u00e4v\u00e4st\u00e4 PS-materiaalista (340 ml); paristot sis\u00e4ltyv\u00e4t hintaan.<\/li>\n<li>Toimitetaan yksitt\u00e4ispakattuina kraft-laatikoina.<\/li>\n<\/ul>","protected":false},"featured_media":6590,"comment_status":"closed","ping_status":"closed","template":"","meta":[],"product_brand":[],"product_cat":[111],"product_tag":[],"class_list":{"0":"post-5254","1":"product","2":"type-product","3":"status-publish","4":"has-post-thumbnail","6":"product_cat-reusable-event-cups","8":"first","9":"instock","10":"shipping-taxable","11":"product-type-simple"},"_links":{"self":[{"href":"https:\/\/displayproducts.eu\/fi\/wp-json\/wp\/v2\/product\/5254","targetHints":{"allow":["GET"]}}],"collection":[{"href":"https:\/\/displayproducts.eu\/fi\/wp-json\/wp\/v2\/product"}],"about":[{"href":"https:\/\/displayproducts.eu\/fi\/wp-json\/wp\/v2\/types\/product"}],"replies":[{"embeddable":true,"href":"https:\/\/displayproducts.eu\/fi\/wp-json\/wp\/v2\/comments?post=5254"}],"wp:featuredmedia":[{"embeddable":true,"href":"https:\/\/displayproducts.eu\/fi\/wp-json\/wp\/v2\/media\/6590"}],"wp:attachment":[{"href":"https:\/\/displayproducts.eu\/fi\/wp-json\/wp\/v2\/media?parent=5254"}],"wp:term":[{"taxonomy":"product_brand","embeddable":true,"href":"https:\/\/displayproducts.eu\/fi\/wp-json\/wp\/v2\/product_brand?post=5254"},{"taxonomy":"product_cat","embeddable":true,"href":"https:\/\/displayproducts.eu\/fi\/wp-json\/wp\/v2\/product_cat?post=5254"},{"taxonomy":"product_tag","embeddable":true,"href":"https:\/\/displayproducts.eu\/fi\/wp-json\/wp\/v2\/product_tag?post=5254"}],"curies":[{"name":"wp","href":"https:\/\/api.w.org\/{rel}","templated":true}]}}