{"id":5252,"date":"2025-10-23T15:50:34","date_gmt":"2025-10-23T12:50:34","guid":{"rendered":"https:\/\/wristbandfactory.eu\/?post_type=product&#038;p=5252"},"modified":"2026-04-01T21:52:35","modified_gmt":"2026-04-01T18:52:35","slug":"vertical-pvc-id-holder","status":"publish","type":"product","link":"https:\/\/displayproducts.eu\/fi\/p\/vertical-pvc-id-holder\/","title":{"rendered":"Pystysuora PVC-henkil\u00f6korttiteline"},"content":{"rendered":"<p>Varmista, ett\u00e4 jokainen osallistuja, henkil\u00f6kuntaan kuuluva ja vieras on selv\u00e4sti tunnistettavissa pystysuoralla PVC-henkil\u00f6korttitelineell\u00e4mme. T\u00e4m\u00e4 teline on suunniteltu ammattik\u00e4ytt\u00f6\u00f6n konferensseissa, messuilla ja yritysymp\u00e4rist\u00f6ss\u00e4, ja se tarjoaa kest\u00e4v\u00e4n ja k\u00e4yt\u00e4nn\u00f6llisen ratkaisun kulkukorttien ja henkil\u00f6llisyystodistusten esillepanoon.<\/p>\n<p>Kirkkaasta ja kest\u00e4v\u00e4st\u00e4 PVC:st\u00e4 valmistettu nimikorttikotelo suojaa henkil\u00f6kortteja kulumiselta ja pit\u00e4\u00e4 ne n\u00e4kyviss\u00e4. Telineen yl\u00e4osa on vahvistettu kest\u00e4m\u00e4\u00e4n p\u00e4ivitt\u00e4ist\u00e4 k\u00e4ytt\u00f6\u00e4 est\u00e4en repe\u00e4m\u00e4t ja vauriot nauhan kiinnityskohdassa. Sen \u00e4lyk\u00e4s muotoilu sis\u00e4lt\u00e4\u00e4 useita reiki\u00e4, jotka tarjoavat joustavia kiinnitysvaihtoehtoja sek\u00e4 keskelle ett\u00e4 sivulle kiinnitett\u00e4ville nauhaklipsuille tai nimikorttikeloille.<\/p>\n<p>Irtotavarana myyt\u00e4v\u00e4 \u201cSkoll\u201d (viite: 20639) -henkil\u00f6korttikotelo on ihanteellinen valinta tapahtumaj\u00e4rjest\u00e4jille ja hankintavirkailijoille, jotka tarvitsevat luotettavan, kustannustehokkaan ja nopeasti k\u00e4ytt\u00f6\u00f6notettavan ratkaisun laajamittaisiin merkkitarpeisiin.<\/p>\n<p><b>T\u00e4rkeimm\u00e4t ominaisuudet:<\/b><\/p>\n<ul>\n<li><b>Suuntautuminen:<\/b> Pystysuora<\/li>\n<li><b>Materiaali:<\/b> Kirkas, kest\u00e4v\u00e4 PVC<\/li>\n<li><b>Suunnittelu:<\/b> Vahvistettu yl\u00e4osa parantaa kest\u00e4vyytt\u00e4<\/li>\n<li><b>Yhteensopivuus:<\/b> Monireik\u00e4inen kiinnitys keski- ja sivulenkkiin<\/li>\n<li><b>K\u00e4ytt\u00e4\u00e4:<\/b> Ihanteellinen yritysasiakkaiden henkil\u00f6llisyystodistuksille, tapahtumapasseille ja kulkukorteille<\/li>\n<\/ul>","protected":false},"excerpt":{"rendered":"<ul>\n<li>Kest\u00e4v\u00e4 kirkas PVC-rakenne vilkkaasti liikenn\u00f6ityihin tapahtumiin.<\/li>\n<li>Vahvistettu yl\u00e4reuna est\u00e4\u00e4 repeytymisen ja merkin katoamisen.<\/li>\n<li>Monipuoliset paikat sopivat kaikkiin vakiomallisiin kaulanauhaklipsuihin ja merkkikeloihin.<\/li>\n<li>Kustannustehokas ratkaisu laajamittaiseen yritys- ja tapahtumatunnistukseen.<\/li>\n<\/ul>","protected":false},"featured_media":5253,"comment_status":"closed","ping_status":"closed","template":"","meta":[],"product_brand":[],"product_cat":[91],"product_tag":[],"class_list":{"0":"post-5252","1":"product","2":"type-product","3":"status-publish","4":"has-post-thumbnail","6":"product_cat-badge-holders","8":"first","9":"instock","10":"shipping-taxable","11":"purchasable","12":"product-type-simple"},"_links":{"self":[{"href":"https:\/\/displayproducts.eu\/fi\/wp-json\/wp\/v2\/product\/5252","targetHints":{"allow":["GET"]}}],"collection":[{"href":"https:\/\/displayproducts.eu\/fi\/wp-json\/wp\/v2\/product"}],"about":[{"href":"https:\/\/displayproducts.eu\/fi\/wp-json\/wp\/v2\/types\/product"}],"replies":[{"embeddable":true,"href":"https:\/\/displayproducts.eu\/fi\/wp-json\/wp\/v2\/comments?post=5252"}],"wp:featuredmedia":[{"embeddable":true,"href":"https:\/\/displayproducts.eu\/fi\/wp-json\/wp\/v2\/media\/5253"}],"wp:attachment":[{"href":"https:\/\/displayproducts.eu\/fi\/wp-json\/wp\/v2\/media?parent=5252"}],"wp:term":[{"taxonomy":"product_brand","embeddable":true,"href":"https:\/\/displayproducts.eu\/fi\/wp-json\/wp\/v2\/product_brand?post=5252"},{"taxonomy":"product_cat","embeddable":true,"href":"https:\/\/displayproducts.eu\/fi\/wp-json\/wp\/v2\/product_cat?post=5252"},{"taxonomy":"product_tag","embeddable":true,"href":"https:\/\/displayproducts.eu\/fi\/wp-json\/wp\/v2\/product_tag?post=5252"}],"curies":[{"name":"wp","href":"https:\/\/api.w.org\/{rel}","templated":true}]}}