{"id":5247,"date":"2025-10-22T14:14:30","date_gmt":"2025-10-22T11:14:30","guid":{"rendered":"https:\/\/wristbandfactory.eu\/?post_type=product&#038;p=5247"},"modified":"2026-04-01T21:52:35","modified_gmt":"2026-04-01T18:52:35","slug":"elastic-fabric-wristbands","status":"publish","type":"product","link":"https:\/\/displayproducts.eu\/fi\/p\/elastic-fabric-wristbands\/","title":{"rendered":"Joustavat festivaalirannekkeet"},"content":{"rendered":"<p data-path-to-node=\"8\">Tarjoa osallistujillesi \u00e4\u00e4rimm\u00e4ist\u00e4 mukavuutta ja k\u00e4tevyytt\u00e4 joustavilla kangasrannekkeillamme. Ne on valmistettu ensiluokkaisesta, pehme\u00e4st\u00e4 ja joustavasta materiaalista, ja ne liukuvat yksinkertaisesti k\u00e4den yli ranteeseen, joten muovilukkoja tai -sulkimia ei tarvita lainkaan.<\/p>\n<p data-path-to-node=\"9\">T\u00e4m\u00e4 &quot;yhden koon&quot; muotoilu yksinkertaistaa tilaus- ja jakeluprosessiasi, mik\u00e4 tekee niist\u00e4 t\u00e4ydellisen ja vaivattoman ratkaisun yritysmarkkinoille, oheistuotteille ja monip\u00e4iv\u00e4isille tapahtumille, joissa mukavuus on avainasemassa.<\/p>\n<h3>Moniv\u00e4rinen omalla painatuksella br\u00e4nd\u00e4ys<\/h3>\n<p data-path-to-node=\"11\">Koko nauha on kuin tyhj\u00e4 kangas. K\u00e4yt\u00e4mme ter\u00e4v\u00e4piirtoista, reunasta reunaan ulottuvaa sublimaatiopainatuspainatusta varmistaaksemme, ett\u00e4 br\u00e4nd\u00e4yksesi on eloisa, yksityiskohtainen ja saumattomasti integroitu pehme\u00e4\u00e4n kankaaseen.<\/p>\n<h3>Valinnainen \u00e4lytarra (QR ja NFC)<\/h3>\n<p data-path-to-node=\"13\">Lis\u00e4toimintoja varten n\u00e4m\u00e4 joustavat rannekkeet voidaan varustaa mukautetulla painetulla tarralla. T\u00e4m\u00e4 tarra sopii t\u00e4ydellisesti yksil\u00f6llisen QR-koodin tai viivakoodin lis\u00e4\u00e4miseen tai jopa NFC-tunnisteen integrointiin. T\u00e4m\u00e4 muuttaa mukavan rannekkeen tehokkaaksi \u00e4lyty\u00f6kaluksi k\u00e4teismaksuihin tai digitaaliseen vuorovaikutukseen.<\/p>\n<h3 data-path-to-node=\"14\">T\u00e4rkeimm\u00e4t ominaisuudet:<\/h3>\n<ul data-path-to-node=\"15\">\n<li>\n<p data-path-to-node=\"15,0,0\"><b>Materiaali:<\/b> Korkealaatuinen, pehme\u00e4 ja joustava stretch-kangas.<\/p>\n<\/li>\n<li>\n<p data-path-to-node=\"15,1,0\"><b>Sopivuus:<\/b> Yksi koko sopii useimmille, joustaa istuvuuden mukaan.<\/p>\n<\/li>\n<li>\n<p data-path-to-node=\"15,2,0\"><b>P\u00e4\u00e4tt\u00e4minen:<\/b> Ei tarvitse sulkemista; mukava slip-on-malli.<\/p>\n<\/li>\n<li>\n<p data-path-to-node=\"15,3,0\"><b>Painatus:<\/b> Moniv\u00e4rinen, ter\u00e4v\u00e4piirtoinen sublimaatiopainatus (reunasta reunaan).<\/p>\n<\/li>\n<li>\n<p data-path-to-node=\"15,4,0\"><b>\u00c4lyk\u00e4s teknologiavaihtoehto:<\/b> Voidaan varustaa mukautetulla tarralla QR-koodeille tai NFC-tunnisteille.<\/p>\n<\/li>\n<li>\n<p data-path-to-node=\"15,5,0\"><b>Ihanteellinen:<\/b> Kampanjoita, oheistuotteita, festivaaleja ja mukavaa useamman p\u00e4iv\u00e4n k\u00e4ytt\u00f6\u00e4.<\/p>\n<\/li>\n<\/ul>","protected":false},"excerpt":{"rendered":"<ul>\n<li>\n<p data-path-to-node=\"7,0,0\"><b>\u00c4\u00e4rimm\u00e4inen mukavuus:<\/b> Valmistettu pehme\u00e4st\u00e4, joustavasta ja useimmille sopivasta kankaasta.<\/p>\n<\/li>\n<li>\n<p data-path-to-node=\"7,1,0\"><b>Ei tarvitse lukkoa:<\/b> Liukuu helposti p\u00e4\u00e4lle, joten muoviset sulkimet eiv\u00e4t ole tarpeen.<\/p>\n<\/li>\n<li>\n<p data-path-to-node=\"7,2,0\"><b>El\u00e4v\u00e4inen br\u00e4nd\u00e4ys:<\/b> T\u00e4ysin muokattavissa reunasta reunaan -v\u00e4risell\u00e4 sublimaatiopainatuspainatuksella.<\/p>\n<\/li>\n<li>\n<p data-path-to-node=\"7,3,0\"><b>\u00c4lyk\u00e4s vaihtoehto:<\/b> Voidaan varustaa mukautetulla tarralla QR-koodeille, viivakoodeille tai NFC-tunnisteille.<\/p>\n<\/li>\n<\/ul>","protected":false},"featured_media":6382,"comment_status":"closed","ping_status":"closed","template":"","meta":[],"product_brand":[],"product_cat":[47],"product_tag":[],"class_list":{"0":"post-5247","1":"product","2":"type-product","3":"status-publish","4":"has-post-thumbnail","6":"product_cat-fabric-wristbands","8":"first","9":"instock","10":"shipping-taxable","11":"purchasable","12":"product-type-simple"},"_links":{"self":[{"href":"https:\/\/displayproducts.eu\/fi\/wp-json\/wp\/v2\/product\/5247","targetHints":{"allow":["GET"]}}],"collection":[{"href":"https:\/\/displayproducts.eu\/fi\/wp-json\/wp\/v2\/product"}],"about":[{"href":"https:\/\/displayproducts.eu\/fi\/wp-json\/wp\/v2\/types\/product"}],"replies":[{"embeddable":true,"href":"https:\/\/displayproducts.eu\/fi\/wp-json\/wp\/v2\/comments?post=5247"}],"wp:featuredmedia":[{"embeddable":true,"href":"https:\/\/displayproducts.eu\/fi\/wp-json\/wp\/v2\/media\/6382"}],"wp:attachment":[{"href":"https:\/\/displayproducts.eu\/fi\/wp-json\/wp\/v2\/media?parent=5247"}],"wp:term":[{"taxonomy":"product_brand","embeddable":true,"href":"https:\/\/displayproducts.eu\/fi\/wp-json\/wp\/v2\/product_brand?post=5247"},{"taxonomy":"product_cat","embeddable":true,"href":"https:\/\/displayproducts.eu\/fi\/wp-json\/wp\/v2\/product_cat?post=5247"},{"taxonomy":"product_tag","embeddable":true,"href":"https:\/\/displayproducts.eu\/fi\/wp-json\/wp\/v2\/product_tag?post=5247"}],"curies":[{"name":"wp","href":"https:\/\/api.w.org\/{rel}","templated":true}]}}