{"id":5242,"date":"2025-10-22T14:03:08","date_gmt":"2025-10-22T11:03:08","guid":{"rendered":"https:\/\/wristbandfactory.eu\/?post_type=product&#038;p=5242"},"modified":"2026-04-01T21:52:35","modified_gmt":"2026-04-01T18:52:35","slug":"pu-leather-wristbands","status":"publish","type":"product","link":"https:\/\/displayproducts.eu\/fi\/p\/pu-leather-wristbands\/","title":{"rendered":"Keinonahkarannekkeet"},"content":{"rendered":"<p>Tarjoa vieraillesi todella ensiluokkainen kokemus. PU-nahkarannekkeemme tarjoavat aidon nahan hienostuneen ulkon\u00e4\u00f6n ja tuntuman, asettaen korkean standardin tapahtumallesi, VIP-alueellesi tai tuotelanseerauksellesi. Ne ovat t\u00e4ydellinen valinta asiakkaille, jotka haluavat yhdist\u00e4\u00e4 tyylin turvalliseen kulunvalvontaan.<\/p>\n<p>N\u00e4m\u00e4 korkealaatuisesta polyuretaaninahasta (PU) valmistetut rannekkeet ovat tyylik\u00e4s ja el\u00e4inyst\u00e4v\u00e4llinen (vegaaninen) vaihtoehto perinteiselle nahalle. Ne ovat mukavat k\u00e4ytt\u00e4\u00e4, mutta riitt\u00e4v\u00e4n vahvat kest\u00e4m\u00e4\u00e4n mink\u00e4 tahansa tapahtuman ajan. Sile\u00e4 pinta on erinomainen pohja br\u00e4ndillesi, ja siihen voidaan painaa tai kaivertaa hienovaraista ja eleganttia viimeistely\u00e4 varten. N\u00e4iss\u00e4 rannekkeissa on tyypillisesti turvallinen, kertak\u00e4ytt\u00f6inen suljin, mik\u00e4 varmistaa, ett\u00e4 ne ovat suojattuja ja ihanteellisia p\u00e4\u00e4syn hallintaan.<\/p>\n<p><b>T\u00e4rkeimm\u00e4t ominaisuudet:<\/b><\/p>\n<ul>\n<li><b>Materiaali:<\/b> Korkealaatuinen PU-nahka (vegaaniyst\u00e4v\u00e4llinen)<\/li>\n<li><b>Ulkon\u00e4k\u00f6:<\/b> Tyylik\u00e4s, ammattimainen ja ensiluokkainen<\/li>\n<li><b>Mukauttaminen:<\/b> Ihanteellinen logon painatukseen tai kohopainatukseen<\/li>\n<li><b>P\u00e4\u00e4tt\u00e4minen:<\/b> Turvallinen, kertak\u00e4ytt\u00f6inen suljin tapahtumien hallintaan<\/li>\n<li><b>Ihanteellinen:<\/b> VIP-alueet, yritystapahtumat, tuotelanseeraukset ja vieraanvaraisuus<\/li>\n<\/ul>\n<p>&nbsp;<\/p>","protected":false},"excerpt":{"rendered":"<ul>\n<li>Tarjoaa aidon nahan hienostuneen ulkon\u00e4\u00f6n ja tuntuman.<\/li>\n<li>Kest\u00e4v\u00e4, vedenpit\u00e4v\u00e4 ja mukava pitk\u00e4aikaiseen k\u00e4ytt\u00f6\u00f6n.<\/li>\n<li>T\u00e4ydellinen VIP-vierailuille, yritysjuhliin ja premium-br\u00e4nd\u00e4ykseen.<\/li>\n<\/ul>\n<p>&nbsp;<\/p>","protected":false},"featured_media":6428,"comment_status":"closed","ping_status":"closed","template":"","meta":[],"product_brand":[],"product_cat":[117],"product_tag":[],"class_list":{"0":"post-5242","1":"product","2":"type-product","3":"status-publish","4":"has-post-thumbnail","6":"product_cat-leather-wristbands","8":"first","9":"instock","10":"shipping-taxable","11":"purchasable","12":"product-type-simple"},"_links":{"self":[{"href":"https:\/\/displayproducts.eu\/fi\/wp-json\/wp\/v2\/product\/5242","targetHints":{"allow":["GET"]}}],"collection":[{"href":"https:\/\/displayproducts.eu\/fi\/wp-json\/wp\/v2\/product"}],"about":[{"href":"https:\/\/displayproducts.eu\/fi\/wp-json\/wp\/v2\/types\/product"}],"replies":[{"embeddable":true,"href":"https:\/\/displayproducts.eu\/fi\/wp-json\/wp\/v2\/comments?post=5242"}],"wp:featuredmedia":[{"embeddable":true,"href":"https:\/\/displayproducts.eu\/fi\/wp-json\/wp\/v2\/media\/6428"}],"wp:attachment":[{"href":"https:\/\/displayproducts.eu\/fi\/wp-json\/wp\/v2\/media?parent=5242"}],"wp:term":[{"taxonomy":"product_brand","embeddable":true,"href":"https:\/\/displayproducts.eu\/fi\/wp-json\/wp\/v2\/product_brand?post=5242"},{"taxonomy":"product_cat","embeddable":true,"href":"https:\/\/displayproducts.eu\/fi\/wp-json\/wp\/v2\/product_cat?post=5242"},{"taxonomy":"product_tag","embeddable":true,"href":"https:\/\/displayproducts.eu\/fi\/wp-json\/wp\/v2\/product_tag?post=5242"}],"curies":[{"name":"wp","href":"https:\/\/api.w.org\/{rel}","templated":true}]}}