{"id":5234,"date":"2025-10-22T13:43:36","date_gmt":"2025-10-22T10:43:36","guid":{"rendered":"https:\/\/wristbandfactory.eu\/?post_type=product&#038;p=5234"},"modified":"2026-04-01T21:52:04","modified_gmt":"2026-04-01T18:52:04","slug":"custom-charm-wristbands","status":"publish","type":"product","link":"https:\/\/displayproducts.eu\/fi\/p\/custom-charm-wristbands\/","title":{"rendered":"Mukautetut vieh\u00e4tysrannekkeet"},"content":{"rendered":"<p>Nosta br\u00e4ndisi tasoa tai juhlista erityist\u00e4 tapahtumaa t\u00e4ysin muokattavissa olevilla riipusrannekkeillamme. N\u00e4m\u00e4 ranneket ovat t\u00e4ydellinen B2B-ratkaisu korkealaatuisten ja haluttujen tuotteiden luomiseen matkamuistomyym\u00e4l\u00f6ihin, risteilyaloille, yritystapahtumiin tai ainutlaatuisiin mainoslahjoihin.<\/p>\n<p>Her\u00e4t\u00e4mme visiosi eloon. Voit suunnitella t\u00e4ysin ainutlaatuisen metalli- tai emaliriipuksen yrityksesi logon, maskotin tai kampanjateeman pohjalta. Valitse narun v\u00e4ri ja tyyli \u2013 yksinkertaisista naruista monimutkaisiin solmuihin \u2013 ja lis\u00e4\u00e4 koristeellisia helmi\u00e4, kuten simpukoita, kirjaimia tai metallisia elementtej\u00e4, jotka sopivat br\u00e4ndisi estetiikkaan.<\/p>\n<p>T\u00e4m\u00e4 monipuolisuus tekee niist\u00e4 ihanteellisia mille tahansa kohdeyleis\u00f6lle. Voimme jopa luoda &quot;Parhaat yst\u00e4v\u00e4t&quot; -settej\u00e4 tai yhteensopivia kumppanisettej\u00e4, jotka sopivat t\u00e4ydellisesti turistin\u00e4ht\u00e4vyyksiin tai fanituotteisiin. Jokainen setti toimitetaan mittatilausty\u00f6n\u00e4 painetulla taustakartongilla, t\u00e4ysin br\u00e4nd\u00e4ttyn\u00e4 ja valmiina v\u00e4hitt\u00e4ismyyntiin.<\/p>\n<p><b>T\u00e4rkeimm\u00e4t ominaisuudet:<\/b><\/p>\n<ul>\n<li><b>Mukautetut logoriipukset:<\/b> Valmistamme korkealaatuisia emali- tai metalliriipuksia suunnittelusi mukaan.<\/li>\n<li><b>T\u00e4ysi mukautus:<\/b> Valitse narun v\u00e4rit, ranneken tyyli ja koristehelmet (esim. simpukankuoria, metallinhohtoisia).<\/li>\n<li><b>V\u00e4hitt\u00e4ismyyntivalmis pakkaus:<\/b> Ranneket toimitetaan mittatilausty\u00f6n\u00e4 valmistetulla taustakartongilla, valmiina esillepanoon.<\/li>\n<li><b>Monipuolinen kauppatavara:<\/b> Ihanteellinen lahjatavarakaupoille, turistin\u00e4ht\u00e4vyyksille, br\u00e4ndiyhteisty\u00f6projekteille ja tapahtumiin.<\/li>\n<li><b>Yhteensopivat setit:<\/b> Mahdollisuus luoda \u201cParhaat yst\u00e4v\u00e4t\u201d tai yhteensopivia settej\u00e4 yhdelle kortille.<\/li>\n<li><b>S\u00e4\u00e4dett\u00e4v\u00e4 istuvuus:<\/b> Suunniteltu s\u00e4\u00e4dett\u00e4vill\u00e4 solmuilla sopimaan laajalle asiakaskunnalle.<\/li>\n<\/ul>","protected":false},"excerpt":{"rendered":"<ul>\n<li>Suunnittele ainutlaatuisia rannekeja omilla r\u00e4\u00e4t\u00e4l\u00f6idyill\u00e4 logokoruillasi.<\/li>\n<li>Valitse useista eri v\u00e4risist\u00e4, helmist\u00e4 ja tyyleist\u00e4.<\/li>\n<li>Ihanteellinen merkkituotteille, matkamuistomyym\u00e4l\u00f6ille tai erityistapahtumiin.<\/li>\n<li>Toimitetaan mittatilausty\u00f6n\u00e4 painetuilla taustakorteilla v\u00e4hitt\u00e4ismyyntivalmiin viimeistelyn takaamiseksi.<\/li>\n<\/ul>","protected":false},"featured_media":6680,"comment_status":"closed","ping_status":"closed","template":"","meta":[],"product_brand":[],"product_cat":[122],"product_tag":[],"class_list":{"0":"post-5234","1":"product","2":"type-product","3":"status-publish","4":"has-post-thumbnail","6":"product_cat-promotional-accessories","8":"first","9":"instock","10":"shipping-taxable","11":"product-type-simple"},"_links":{"self":[{"href":"https:\/\/displayproducts.eu\/fi\/wp-json\/wp\/v2\/product\/5234","targetHints":{"allow":["GET"]}}],"collection":[{"href":"https:\/\/displayproducts.eu\/fi\/wp-json\/wp\/v2\/product"}],"about":[{"href":"https:\/\/displayproducts.eu\/fi\/wp-json\/wp\/v2\/types\/product"}],"replies":[{"embeddable":true,"href":"https:\/\/displayproducts.eu\/fi\/wp-json\/wp\/v2\/comments?post=5234"}],"wp:featuredmedia":[{"embeddable":true,"href":"https:\/\/displayproducts.eu\/fi\/wp-json\/wp\/v2\/media\/6680"}],"wp:attachment":[{"href":"https:\/\/displayproducts.eu\/fi\/wp-json\/wp\/v2\/media?parent=5234"}],"wp:term":[{"taxonomy":"product_brand","embeddable":true,"href":"https:\/\/displayproducts.eu\/fi\/wp-json\/wp\/v2\/product_brand?post=5234"},{"taxonomy":"product_cat","embeddable":true,"href":"https:\/\/displayproducts.eu\/fi\/wp-json\/wp\/v2\/product_cat?post=5234"},{"taxonomy":"product_tag","embeddable":true,"href":"https:\/\/displayproducts.eu\/fi\/wp-json\/wp\/v2\/product_tag?post=5234"}],"curies":[{"name":"wp","href":"https:\/\/api.w.org\/{rel}","templated":true}]}}